{"id":2450,"date":"2022-02-12T14:17:44","date_gmt":"2022-02-12T13:17:44","guid":{"rendered":"https:\/\/online-ems-training.de\/produkt\/kabel-przylaczeniowy\/"},"modified":"2024-05-01T08:06:48","modified_gmt":"2024-05-01T06:06:48","slug":"kabel-przylaczeniowy","status":"publish","type":"product","link":"https:\/\/online-ems-training.de\/pl\/produkt\/kabel-przylaczeniowy\/","title":{"rendered":"Kabel przy\u0142\u0105czeniowy"},"content":{"rendered":"<p align=\"justify\"><span style=\"font-family: Arial, sans-serif;\">Zestaw elektrod pod\u0142\u0105czasz do urz\u0105dzenia EMS za pomoc\u0105 kabla po\u0142\u0105czeniowego. Dzi\u0119ki temu mo\u017cliwa jest transmisja impulsowa. Kabel przy\u0142\u0105czeniowy jest po\u0142\u0105czony za pomoc\u0105 systemu \u015brubowego, dzi\u0119ki czemu po\u0142\u0105czenie nie mo\u017ce si\u0119 poluzowa\u0107. Jest to szczeg\u00f3lnie korzystne w przypadku dynamicznie zaprojektowanych trening\u00f3w EMS. Nasz kabel przy\u0142\u0105czeniowy to proste, bardzo pewne i sprawdzone rozwi\u0105zanie.<\/span><\/p>\n","protected":false},"excerpt":{"rendered":"<p><span style=\"font-family: Arial, sans-serif;\">MAX<\/span><span style=\"font-family: Arial, sans-serif;\">Kabel po\u0142\u0105czeniowy SPEED do pod\u0142\u0105czenia do wszystkich jednostek MAXSPEED. Wi\u0119c nadaje si\u0119 do MAXSPEED<\/span> <span style=\"font-family: Arial, sans-serif;\"> Strona g\u0142\u00f3wna<\/span><span style=\"font-family: Arial, sans-serif;\">MAXSPEED 6, MAXSPEED 8 oraz por\u00f3wnywalne urz\u0105dzenia EMS. <\/span> <\/p>\n","protected":false},"featured_media":2086,"template":"","meta":[],"product_brand":[],"product_cat":[223],"product_tag":[182,251,250,249],"class_list":{"0":"post-2450","1":"product","2":"type-product","3":"status-publish","4":"has-post-thumbnail","6":"product_cat-akcesoria","7":"product_tag-ems-pl","8":"product_tag-kabel-laczacy","9":"product_tag-kabel-polaczeniowy-ems","10":"product_tag-kabel-przylaczeniowy","11":"product_shipping_class-dhl-paczka-2kg","13":"first","14":"instock","15":"taxable","16":"shipping-taxable","17":"purchasable","18":"product-type-simple"},"yoast_head":"<!-- This site is optimized with the Yoast SEO plugin v27.4 - https:\/\/yoast.com\/product\/yoast-seo-wordpress\/ -->\n<title>Kabel po\u0142\u0105czeniowy do urz\u0105dzenia EMS MAXSPEED<\/title>\n<meta name=\"description\" content=\"Wybierz tutaj sw\u00f3j kabel po\u0142\u0105czeniowy dla urz\u0105dzenia EMS. U\u017cyj kabla \u0142\u0105cz\u0105cego, aby ustanowi\u0107 bezpieczny kontakt pomi\u0119dzy urz\u0105dzeniem i elektrodami.\" \/>\n<meta name=\"robots\" content=\"index, follow, max-snippet:-1, max-image-preview:large, max-video-preview:-1\" \/>\n<link rel=\"canonical\" href=\"https:\/\/online-ems-training.de\/pl\/produkt\/kabel-przylaczeniowy\/\" \/>\n<meta property=\"og:locale\" content=\"pl_PL\" \/>\n<meta property=\"og:type\" content=\"article\" \/>\n<meta property=\"og:title\" content=\"Kabel po\u0142\u0105czeniowy do urz\u0105dzenia EMS MAXSPEED\" \/>\n<meta property=\"og:description\" content=\"Wybierz tutaj sw\u00f3j kabel po\u0142\u0105czeniowy dla urz\u0105dzenia EMS. U\u017cyj kabla \u0142\u0105cz\u0105cego, aby ustanowi\u0107 bezpieczny kontakt pomi\u0119dzy urz\u0105dzeniem i elektrodami.\" \/>\n<meta property=\"og:url\" content=\"https:\/\/online-ems-training.de\/pl\/produkt\/kabel-przylaczeniowy\/\" \/>\n<meta property=\"og:site_name\" content=\"EMS Reparaturen + EMS Zubeh\u00f6r\" \/>\n<meta property=\"article:publisher\" content=\"https:\/\/www.facebook.com\/OnlineEMSTrainingShop\" \/>\n<meta property=\"article:modified_time\" content=\"2024-05-01T06:06:48+00:00\" \/>\n<meta property=\"og:image\" content=\"https:\/\/i0.wp.com\/online-ems-training.de\/wp-content\/uploads\/2022\/02\/655A5471-scaled.jpg?fit=2560%2C1707&ssl=1\" \/>\n\t<meta property=\"og:image:width\" content=\"2560\" \/>\n\t<meta property=\"og:image:height\" content=\"1707\" \/>\n\t<meta property=\"og:image:type\" content=\"image\/jpeg\" \/>\n<meta name=\"twitter:card\" content=\"summary_large_image\" \/>\n<script type=\"application\/ld+json\" class=\"yoast-schema-graph\">{\"@context\":\"https:\\\/\\\/schema.org\",\"@graph\":[{\"@type\":\"WebPage\",\"@id\":\"https:\\\/\\\/online-ems-training.de\\\/pl\\\/produkt\\\/kabel-przylaczeniowy\\\/\",\"url\":\"https:\\\/\\\/online-ems-training.de\\\/pl\\\/produkt\\\/kabel-przylaczeniowy\\\/\",\"name\":\"Kabel po\u0142\u0105czeniowy do urz\u0105dzenia EMS MAXSPEED\",\"isPartOf\":{\"@id\":\"https:\\\/\\\/online-ems-training.de\\\/pl\\\/#website\"},\"primaryImageOfPage\":{\"@id\":\"https:\\\/\\\/online-ems-training.de\\\/pl\\\/produkt\\\/kabel-przylaczeniowy\\\/#primaryimage\"},\"image\":{\"@id\":\"https:\\\/\\\/online-ems-training.de\\\/pl\\\/produkt\\\/kabel-przylaczeniowy\\\/#primaryimage\"},\"thumbnailUrl\":\"https:\\\/\\\/online-ems-training.de\\\/wp-content\\\/uploads\\\/2022\\\/02\\\/655A5471-scaled.jpg\",\"datePublished\":\"2022-02-12T13:17:44+00:00\",\"dateModified\":\"2024-05-01T06:06:48+00:00\",\"description\":\"Wybierz tutaj sw\u00f3j kabel po\u0142\u0105czeniowy dla urz\u0105dzenia EMS. U\u017cyj kabla \u0142\u0105cz\u0105cego, aby ustanowi\u0107 bezpieczny kontakt pomi\u0119dzy urz\u0105dzeniem i elektrodami.\",\"breadcrumb\":{\"@id\":\"https:\\\/\\\/online-ems-training.de\\\/pl\\\/produkt\\\/kabel-przylaczeniowy\\\/#breadcrumb\"},\"inLanguage\":\"pl-PL\",\"potentialAction\":[{\"@type\":\"ReadAction\",\"target\":[\"https:\\\/\\\/online-ems-training.de\\\/pl\\\/produkt\\\/kabel-przylaczeniowy\\\/\"]}]},{\"@type\":\"ImageObject\",\"inLanguage\":\"pl-PL\",\"@id\":\"https:\\\/\\\/online-ems-training.de\\\/pl\\\/produkt\\\/kabel-przylaczeniowy\\\/#primaryimage\",\"url\":\"https:\\\/\\\/online-ems-training.de\\\/wp-content\\\/uploads\\\/2022\\\/02\\\/655A5471-scaled.jpg\",\"contentUrl\":\"https:\\\/\\\/online-ems-training.de\\\/wp-content\\\/uploads\\\/2022\\\/02\\\/655A5471-scaled.jpg\",\"width\":2560,\"height\":1707},{\"@type\":\"BreadcrumbList\",\"@id\":\"https:\\\/\\\/online-ems-training.de\\\/pl\\\/produkt\\\/kabel-przylaczeniowy\\\/#breadcrumb\",\"itemListElement\":[{\"@type\":\"ListItem\",\"position\":1,\"name\":\"Startseite\",\"item\":\"https:\\\/\\\/online-ems-training.de\\\/pl\\\/\"},{\"@type\":\"ListItem\",\"position\":2,\"name\":\"Kabel przy\u0142\u0105czeniowy\"}]},{\"@type\":\"WebSite\",\"@id\":\"https:\\\/\\\/online-ems-training.de\\\/pl\\\/#website\",\"url\":\"https:\\\/\\\/online-ems-training.de\\\/pl\\\/\",\"name\":\"EMS Reparaturen + EMS Zubeh\u00f6r\",\"description\":\"Reparaturen und Service f\u00fcr EMS Ger\u00e4te und EMS Elektroden\",\"potentialAction\":[{\"@type\":\"SearchAction\",\"target\":{\"@type\":\"EntryPoint\",\"urlTemplate\":\"https:\\\/\\\/online-ems-training.de\\\/pl\\\/?s={search_term_string}\"},\"query-input\":{\"@type\":\"PropertyValueSpecification\",\"valueRequired\":true,\"valueName\":\"search_term_string\"}}],\"inLanguage\":\"pl-PL\"}]}<\/script>\n<!-- \/ Yoast SEO plugin. -->","yoast_head_json":{"title":"Kabel po\u0142\u0105czeniowy do urz\u0105dzenia EMS MAXSPEED","description":"Wybierz tutaj sw\u00f3j kabel po\u0142\u0105czeniowy dla urz\u0105dzenia EMS. U\u017cyj kabla \u0142\u0105cz\u0105cego, aby ustanowi\u0107 bezpieczny kontakt pomi\u0119dzy urz\u0105dzeniem i elektrodami.","robots":{"index":"index","follow":"follow","max-snippet":"max-snippet:-1","max-image-preview":"max-image-preview:large","max-video-preview":"max-video-preview:-1"},"canonical":"https:\/\/online-ems-training.de\/pl\/produkt\/kabel-przylaczeniowy\/","og_locale":"pl_PL","og_type":"article","og_title":"Kabel po\u0142\u0105czeniowy do urz\u0105dzenia EMS MAXSPEED","og_description":"Wybierz tutaj sw\u00f3j kabel po\u0142\u0105czeniowy dla urz\u0105dzenia EMS. U\u017cyj kabla \u0142\u0105cz\u0105cego, aby ustanowi\u0107 bezpieczny kontakt pomi\u0119dzy urz\u0105dzeniem i elektrodami.","og_url":"https:\/\/online-ems-training.de\/pl\/produkt\/kabel-przylaczeniowy\/","og_site_name":"EMS Reparaturen + EMS Zubeh\u00f6r","article_publisher":"https:\/\/www.facebook.com\/OnlineEMSTrainingShop","article_modified_time":"2024-05-01T06:06:48+00:00","og_image":[{"width":2560,"height":1707,"url":"https:\/\/i0.wp.com\/online-ems-training.de\/wp-content\/uploads\/2022\/02\/655A5471-scaled.jpg?fit=2560%2C1707&ssl=1","type":"image\/jpeg"}],"twitter_card":"summary_large_image","schema":{"@context":"https:\/\/schema.org","@graph":[{"@type":"WebPage","@id":"https:\/\/online-ems-training.de\/pl\/produkt\/kabel-przylaczeniowy\/","url":"https:\/\/online-ems-training.de\/pl\/produkt\/kabel-przylaczeniowy\/","name":"Kabel po\u0142\u0105czeniowy do urz\u0105dzenia EMS MAXSPEED","isPartOf":{"@id":"https:\/\/online-ems-training.de\/pl\/#website"},"primaryImageOfPage":{"@id":"https:\/\/online-ems-training.de\/pl\/produkt\/kabel-przylaczeniowy\/#primaryimage"},"image":{"@id":"https:\/\/online-ems-training.de\/pl\/produkt\/kabel-przylaczeniowy\/#primaryimage"},"thumbnailUrl":"https:\/\/online-ems-training.de\/wp-content\/uploads\/2022\/02\/655A5471-scaled.jpg","datePublished":"2022-02-12T13:17:44+00:00","dateModified":"2024-05-01T06:06:48+00:00","description":"Wybierz tutaj sw\u00f3j kabel po\u0142\u0105czeniowy dla urz\u0105dzenia EMS. U\u017cyj kabla \u0142\u0105cz\u0105cego, aby ustanowi\u0107 bezpieczny kontakt pomi\u0119dzy urz\u0105dzeniem i elektrodami.","breadcrumb":{"@id":"https:\/\/online-ems-training.de\/pl\/produkt\/kabel-przylaczeniowy\/#breadcrumb"},"inLanguage":"pl-PL","potentialAction":[{"@type":"ReadAction","target":["https:\/\/online-ems-training.de\/pl\/produkt\/kabel-przylaczeniowy\/"]}]},{"@type":"ImageObject","inLanguage":"pl-PL","@id":"https:\/\/online-ems-training.de\/pl\/produkt\/kabel-przylaczeniowy\/#primaryimage","url":"https:\/\/online-ems-training.de\/wp-content\/uploads\/2022\/02\/655A5471-scaled.jpg","contentUrl":"https:\/\/online-ems-training.de\/wp-content\/uploads\/2022\/02\/655A5471-scaled.jpg","width":2560,"height":1707},{"@type":"BreadcrumbList","@id":"https:\/\/online-ems-training.de\/pl\/produkt\/kabel-przylaczeniowy\/#breadcrumb","itemListElement":[{"@type":"ListItem","position":1,"name":"Startseite","item":"https:\/\/online-ems-training.de\/pl\/"},{"@type":"ListItem","position":2,"name":"Kabel przy\u0142\u0105czeniowy"}]},{"@type":"WebSite","@id":"https:\/\/online-ems-training.de\/pl\/#website","url":"https:\/\/online-ems-training.de\/pl\/","name":"EMS Reparaturen + EMS Zubeh\u00f6r","description":"Reparaturen und Service f\u00fcr EMS Ger\u00e4te und EMS Elektroden","potentialAction":[{"@type":"SearchAction","target":{"@type":"EntryPoint","urlTemplate":"https:\/\/online-ems-training.de\/pl\/?s={search_term_string}"},"query-input":{"@type":"PropertyValueSpecification","valueRequired":true,"valueName":"search_term_string"}}],"inLanguage":"pl-PL"}]}},"_links":{"self":[{"href":"https:\/\/online-ems-training.de\/pl\/wp-json\/wp\/v2\/product\/2450","targetHints":{"allow":["GET"]}}],"collection":[{"href":"https:\/\/online-ems-training.de\/pl\/wp-json\/wp\/v2\/product"}],"about":[{"href":"https:\/\/online-ems-training.de\/pl\/wp-json\/wp\/v2\/types\/product"}],"wp:featuredmedia":[{"embeddable":true,"href":"https:\/\/online-ems-training.de\/pl\/wp-json\/wp\/v2\/media\/2086"}],"wp:attachment":[{"href":"https:\/\/online-ems-training.de\/pl\/wp-json\/wp\/v2\/media?parent=2450"}],"wp:term":[{"taxonomy":"product_brand","embeddable":true,"href":"https:\/\/online-ems-training.de\/pl\/wp-json\/wp\/v2\/product_brand?post=2450"},{"taxonomy":"product_cat","embeddable":true,"href":"https:\/\/online-ems-training.de\/pl\/wp-json\/wp\/v2\/product_cat?post=2450"},{"taxonomy":"product_tag","embeddable":true,"href":"https:\/\/online-ems-training.de\/pl\/wp-json\/wp\/v2\/product_tag?post=2450"}],"curies":[{"name":"wp","href":"https:\/\/api.w.org\/{rel}","templated":true}]}}