{"id":2462,"date":"2022-05-02T19:00:23","date_gmt":"2022-05-02T17:00:23","guid":{"rendered":"https:\/\/online-ems-training.de\/produkt\/kabel-polaczeniowy-classic-10-kanalowy-system-klipsow-mi-bo\/"},"modified":"2024-05-01T08:05:40","modified_gmt":"2024-05-01T06:05:40","slug":"kabel-polaczeniowy-classic-10-kanalowy-system-zaciskowy","status":"publish","type":"product","link":"https:\/\/online-ems-training.de\/pl\/produkt\/kabel-polaczeniowy-classic-10-kanalowy-system-zaciskowy\/","title":{"rendered":"Kabel po\u0142\u0105czeniowy Classic 10 kana\u0142owy (system klips\u00f3w Mi-Bo)"},"content":{"rendered":"<p align=\"justify\"><span style=\"font-family: Arial, sans-serif;\">U\u017cyj tego 10-kana\u0142owego kabla po\u0142\u0105czeniowego do pod\u0142\u0105czenia zestawu elektrod do urz\u0105dzenia EMS. Dzi\u0119ki temu mo\u017cliwa jest transmisja impulsowa. Kabel przy\u0142\u0105czeniowy jest pod\u0142\u0105czony za pomoc\u0105 po\u0142\u0105czenia zaciskowego, dzi\u0119ki czemu po\u0142\u0105czenie nie mo\u017ce si\u0119 poluzowa\u0107. Jest to szczeg\u00f3lnie korzystne w przypadku dynamicznie zaprojektowanych trening\u00f3w EMS. Kabel przy\u0142\u0105czeniowy pasuje do wszystkich urz\u0105dze\u0144 z po\u0142\u0105czeniem zaciskowym.<\/span><\/p>\n","protected":false},"excerpt":{"rendered":"<p><span style=\"font-family: Arial, sans-serif;\">Kabel przy\u0142\u0105czeniowy klasyczny &#8211; Kabel przy\u0142\u0105czeniowy nadaje si\u0119 do wszystkich urz\u0105dze\u0144 EMS z po\u0142\u0105czeniem zaciskowym.<\/span><\/p>\n","protected":false},"featured_media":2136,"template":"","meta":[],"product_brand":[],"product_cat":[223],"product_tag":[182,251,250,249],"class_list":{"0":"post-2462","1":"product","2":"type-product","3":"status-publish","4":"has-post-thumbnail","6":"product_cat-akcesoria","7":"product_tag-ems-pl","8":"product_tag-kabel-laczacy","9":"product_tag-kabel-polaczeniowy-ems","10":"product_tag-kabel-przylaczeniowy","11":"product_shipping_class-dhl-paczka-2kg","13":"first","14":"instock","15":"taxable","16":"shipping-taxable","17":"purchasable","18":"product-type-simple"},"yoast_head":"<!-- This site is optimized with the Yoast SEO plugin v27.4 - https:\/\/yoast.com\/product\/yoast-seo-wordpress\/ -->\n<title>Kabel po\u0142\u0105czeniowy do urz\u0105dzenia EMS MAXSPEED<\/title>\n<meta name=\"description\" content=\"Wybierz tutaj sw\u00f3j kabel po\u0142\u0105czeniowy dla urz\u0105dzenia EMS. U\u017cyj kabla \u0142\u0105cz\u0105cego, aby ustanowi\u0107 bezpieczny kontakt pomi\u0119dzy urz\u0105dzeniem i elektrodami.\" \/>\n<meta name=\"robots\" content=\"index, follow, max-snippet:-1, max-image-preview:large, max-video-preview:-1\" \/>\n<link rel=\"canonical\" href=\"https:\/\/online-ems-training.de\/pl\/produkt\/kabel-polaczeniowy-classic-10-kanalowy-system-zaciskowy\/\" \/>\n<meta property=\"og:locale\" content=\"pl_PL\" \/>\n<meta property=\"og:type\" content=\"article\" \/>\n<meta property=\"og:title\" content=\"Kabel po\u0142\u0105czeniowy do urz\u0105dzenia EMS MAXSPEED\" \/>\n<meta property=\"og:description\" content=\"Wybierz tutaj sw\u00f3j kabel po\u0142\u0105czeniowy dla urz\u0105dzenia EMS. U\u017cyj kabla \u0142\u0105cz\u0105cego, aby ustanowi\u0107 bezpieczny kontakt pomi\u0119dzy urz\u0105dzeniem i elektrodami.\" \/>\n<meta property=\"og:url\" content=\"https:\/\/online-ems-training.de\/pl\/produkt\/kabel-polaczeniowy-classic-10-kanalowy-system-zaciskowy\/\" \/>\n<meta property=\"og:site_name\" content=\"EMS Reparaturen + EMS Zubeh\u00f6r\" \/>\n<meta property=\"article:publisher\" content=\"https:\/\/www.facebook.com\/OnlineEMSTrainingShop\" \/>\n<meta property=\"article:modified_time\" content=\"2024-05-01T06:05:40+00:00\" \/>\n<meta property=\"og:image\" content=\"https:\/\/i0.wp.com\/online-ems-training.de\/wp-content\/uploads\/2022\/03\/Anschlusskabel_Classic_1.png?fit=760%2C575&ssl=1\" \/>\n\t<meta property=\"og:image:width\" content=\"760\" \/>\n\t<meta property=\"og:image:height\" content=\"575\" \/>\n\t<meta property=\"og:image:type\" content=\"image\/png\" \/>\n<meta name=\"twitter:card\" content=\"summary_large_image\" \/>\n<script type=\"application\/ld+json\" class=\"yoast-schema-graph\">{\"@context\":\"https:\\\/\\\/schema.org\",\"@graph\":[{\"@type\":\"WebPage\",\"@id\":\"https:\\\/\\\/online-ems-training.de\\\/pl\\\/produkt\\\/kabel-polaczeniowy-classic-10-kanalowy-system-zaciskowy\\\/\",\"url\":\"https:\\\/\\\/online-ems-training.de\\\/pl\\\/produkt\\\/kabel-polaczeniowy-classic-10-kanalowy-system-zaciskowy\\\/\",\"name\":\"Kabel po\u0142\u0105czeniowy do urz\u0105dzenia EMS MAXSPEED\",\"isPartOf\":{\"@id\":\"https:\\\/\\\/online-ems-training.de\\\/pl\\\/#website\"},\"primaryImageOfPage\":{\"@id\":\"https:\\\/\\\/online-ems-training.de\\\/pl\\\/produkt\\\/kabel-polaczeniowy-classic-10-kanalowy-system-zaciskowy\\\/#primaryimage\"},\"image\":{\"@id\":\"https:\\\/\\\/online-ems-training.de\\\/pl\\\/produkt\\\/kabel-polaczeniowy-classic-10-kanalowy-system-zaciskowy\\\/#primaryimage\"},\"thumbnailUrl\":\"https:\\\/\\\/online-ems-training.de\\\/wp-content\\\/uploads\\\/2022\\\/03\\\/Anschlusskabel_Classic_1.png\",\"datePublished\":\"2022-05-02T17:00:23+00:00\",\"dateModified\":\"2024-05-01T06:05:40+00:00\",\"description\":\"Wybierz tutaj sw\u00f3j kabel po\u0142\u0105czeniowy dla urz\u0105dzenia EMS. U\u017cyj kabla \u0142\u0105cz\u0105cego, aby ustanowi\u0107 bezpieczny kontakt pomi\u0119dzy urz\u0105dzeniem i elektrodami.\",\"breadcrumb\":{\"@id\":\"https:\\\/\\\/online-ems-training.de\\\/pl\\\/produkt\\\/kabel-polaczeniowy-classic-10-kanalowy-system-zaciskowy\\\/#breadcrumb\"},\"inLanguage\":\"pl-PL\",\"potentialAction\":[{\"@type\":\"ReadAction\",\"target\":[\"https:\\\/\\\/online-ems-training.de\\\/pl\\\/produkt\\\/kabel-polaczeniowy-classic-10-kanalowy-system-zaciskowy\\\/\"]}]},{\"@type\":\"ImageObject\",\"inLanguage\":\"pl-PL\",\"@id\":\"https:\\\/\\\/online-ems-training.de\\\/pl\\\/produkt\\\/kabel-polaczeniowy-classic-10-kanalowy-system-zaciskowy\\\/#primaryimage\",\"url\":\"https:\\\/\\\/online-ems-training.de\\\/wp-content\\\/uploads\\\/2022\\\/03\\\/Anschlusskabel_Classic_1.png\",\"contentUrl\":\"https:\\\/\\\/online-ems-training.de\\\/wp-content\\\/uploads\\\/2022\\\/03\\\/Anschlusskabel_Classic_1.png\",\"width\":760,\"height\":575,\"caption\":\"Kabel przy\u0142\u0105czeniowy Classic\"},{\"@type\":\"BreadcrumbList\",\"@id\":\"https:\\\/\\\/online-ems-training.de\\\/pl\\\/produkt\\\/kabel-polaczeniowy-classic-10-kanalowy-system-zaciskowy\\\/#breadcrumb\",\"itemListElement\":[{\"@type\":\"ListItem\",\"position\":1,\"name\":\"Startseite\",\"item\":\"https:\\\/\\\/online-ems-training.de\\\/pl\\\/\"},{\"@type\":\"ListItem\",\"position\":2,\"name\":\"Kabel po\u0142\u0105czeniowy Classic 10 kana\u0142owy (system klips\u00f3w Mi-Bo)\"}]},{\"@type\":\"WebSite\",\"@id\":\"https:\\\/\\\/online-ems-training.de\\\/pl\\\/#website\",\"url\":\"https:\\\/\\\/online-ems-training.de\\\/pl\\\/\",\"name\":\"EMS Reparaturen + EMS Zubeh\u00f6r\",\"description\":\"Reparaturen und Service f\u00fcr EMS Ger\u00e4te und EMS Elektroden\",\"potentialAction\":[{\"@type\":\"SearchAction\",\"target\":{\"@type\":\"EntryPoint\",\"urlTemplate\":\"https:\\\/\\\/online-ems-training.de\\\/pl\\\/?s={search_term_string}\"},\"query-input\":{\"@type\":\"PropertyValueSpecification\",\"valueRequired\":true,\"valueName\":\"search_term_string\"}}],\"inLanguage\":\"pl-PL\"}]}<\/script>\n<!-- \/ Yoast SEO plugin. -->","yoast_head_json":{"title":"Kabel po\u0142\u0105czeniowy do urz\u0105dzenia EMS MAXSPEED","description":"Wybierz tutaj sw\u00f3j kabel po\u0142\u0105czeniowy dla urz\u0105dzenia EMS. U\u017cyj kabla \u0142\u0105cz\u0105cego, aby ustanowi\u0107 bezpieczny kontakt pomi\u0119dzy urz\u0105dzeniem i elektrodami.","robots":{"index":"index","follow":"follow","max-snippet":"max-snippet:-1","max-image-preview":"max-image-preview:large","max-video-preview":"max-video-preview:-1"},"canonical":"https:\/\/online-ems-training.de\/pl\/produkt\/kabel-polaczeniowy-classic-10-kanalowy-system-zaciskowy\/","og_locale":"pl_PL","og_type":"article","og_title":"Kabel po\u0142\u0105czeniowy do urz\u0105dzenia EMS MAXSPEED","og_description":"Wybierz tutaj sw\u00f3j kabel po\u0142\u0105czeniowy dla urz\u0105dzenia EMS. U\u017cyj kabla \u0142\u0105cz\u0105cego, aby ustanowi\u0107 bezpieczny kontakt pomi\u0119dzy urz\u0105dzeniem i elektrodami.","og_url":"https:\/\/online-ems-training.de\/pl\/produkt\/kabel-polaczeniowy-classic-10-kanalowy-system-zaciskowy\/","og_site_name":"EMS Reparaturen + EMS Zubeh\u00f6r","article_publisher":"https:\/\/www.facebook.com\/OnlineEMSTrainingShop","article_modified_time":"2024-05-01T06:05:40+00:00","og_image":[{"width":760,"height":575,"url":"https:\/\/i0.wp.com\/online-ems-training.de\/wp-content\/uploads\/2022\/03\/Anschlusskabel_Classic_1.png?fit=760%2C575&ssl=1","type":"image\/png"}],"twitter_card":"summary_large_image","schema":{"@context":"https:\/\/schema.org","@graph":[{"@type":"WebPage","@id":"https:\/\/online-ems-training.de\/pl\/produkt\/kabel-polaczeniowy-classic-10-kanalowy-system-zaciskowy\/","url":"https:\/\/online-ems-training.de\/pl\/produkt\/kabel-polaczeniowy-classic-10-kanalowy-system-zaciskowy\/","name":"Kabel po\u0142\u0105czeniowy do urz\u0105dzenia EMS MAXSPEED","isPartOf":{"@id":"https:\/\/online-ems-training.de\/pl\/#website"},"primaryImageOfPage":{"@id":"https:\/\/online-ems-training.de\/pl\/produkt\/kabel-polaczeniowy-classic-10-kanalowy-system-zaciskowy\/#primaryimage"},"image":{"@id":"https:\/\/online-ems-training.de\/pl\/produkt\/kabel-polaczeniowy-classic-10-kanalowy-system-zaciskowy\/#primaryimage"},"thumbnailUrl":"https:\/\/online-ems-training.de\/wp-content\/uploads\/2022\/03\/Anschlusskabel_Classic_1.png","datePublished":"2022-05-02T17:00:23+00:00","dateModified":"2024-05-01T06:05:40+00:00","description":"Wybierz tutaj sw\u00f3j kabel po\u0142\u0105czeniowy dla urz\u0105dzenia EMS. U\u017cyj kabla \u0142\u0105cz\u0105cego, aby ustanowi\u0107 bezpieczny kontakt pomi\u0119dzy urz\u0105dzeniem i elektrodami.","breadcrumb":{"@id":"https:\/\/online-ems-training.de\/pl\/produkt\/kabel-polaczeniowy-classic-10-kanalowy-system-zaciskowy\/#breadcrumb"},"inLanguage":"pl-PL","potentialAction":[{"@type":"ReadAction","target":["https:\/\/online-ems-training.de\/pl\/produkt\/kabel-polaczeniowy-classic-10-kanalowy-system-zaciskowy\/"]}]},{"@type":"ImageObject","inLanguage":"pl-PL","@id":"https:\/\/online-ems-training.de\/pl\/produkt\/kabel-polaczeniowy-classic-10-kanalowy-system-zaciskowy\/#primaryimage","url":"https:\/\/online-ems-training.de\/wp-content\/uploads\/2022\/03\/Anschlusskabel_Classic_1.png","contentUrl":"https:\/\/online-ems-training.de\/wp-content\/uploads\/2022\/03\/Anschlusskabel_Classic_1.png","width":760,"height":575,"caption":"Kabel przy\u0142\u0105czeniowy Classic"},{"@type":"BreadcrumbList","@id":"https:\/\/online-ems-training.de\/pl\/produkt\/kabel-polaczeniowy-classic-10-kanalowy-system-zaciskowy\/#breadcrumb","itemListElement":[{"@type":"ListItem","position":1,"name":"Startseite","item":"https:\/\/online-ems-training.de\/pl\/"},{"@type":"ListItem","position":2,"name":"Kabel po\u0142\u0105czeniowy Classic 10 kana\u0142owy (system klips\u00f3w Mi-Bo)"}]},{"@type":"WebSite","@id":"https:\/\/online-ems-training.de\/pl\/#website","url":"https:\/\/online-ems-training.de\/pl\/","name":"EMS Reparaturen + EMS Zubeh\u00f6r","description":"Reparaturen und Service f\u00fcr EMS Ger\u00e4te und EMS Elektroden","potentialAction":[{"@type":"SearchAction","target":{"@type":"EntryPoint","urlTemplate":"https:\/\/online-ems-training.de\/pl\/?s={search_term_string}"},"query-input":{"@type":"PropertyValueSpecification","valueRequired":true,"valueName":"search_term_string"}}],"inLanguage":"pl-PL"}]}},"_links":{"self":[{"href":"https:\/\/online-ems-training.de\/pl\/wp-json\/wp\/v2\/product\/2462","targetHints":{"allow":["GET"]}}],"collection":[{"href":"https:\/\/online-ems-training.de\/pl\/wp-json\/wp\/v2\/product"}],"about":[{"href":"https:\/\/online-ems-training.de\/pl\/wp-json\/wp\/v2\/types\/product"}],"wp:featuredmedia":[{"embeddable":true,"href":"https:\/\/online-ems-training.de\/pl\/wp-json\/wp\/v2\/media\/2136"}],"wp:attachment":[{"href":"https:\/\/online-ems-training.de\/pl\/wp-json\/wp\/v2\/media?parent=2462"}],"wp:term":[{"taxonomy":"product_brand","embeddable":true,"href":"https:\/\/online-ems-training.de\/pl\/wp-json\/wp\/v2\/product_brand?post=2462"},{"taxonomy":"product_cat","embeddable":true,"href":"https:\/\/online-ems-training.de\/pl\/wp-json\/wp\/v2\/product_cat?post=2462"},{"taxonomy":"product_tag","embeddable":true,"href":"https:\/\/online-ems-training.de\/pl\/wp-json\/wp\/v2\/product_tag?post=2462"}],"curies":[{"name":"wp","href":"https:\/\/api.w.org\/{rel}","templated":true}]}}