{"id":2472,"date":"2022-02-12T14:17:47","date_gmt":"2022-02-12T13:17:47","guid":{"rendered":"https:\/\/online-ems-training.de\/produkt\/elektrody-ramieniowe-ems\/"},"modified":"2024-05-01T08:06:04","modified_gmt":"2024-05-01T06:06:04","slug":"elektrody-ramieniowe-ems","status":"publish","type":"product","link":"https:\/\/online-ems-training.de\/pl\/produkt\/elektrody-ramieniowe-ems\/","title":{"rendered":"Elektrody ramieniowe EMS"},"content":{"rendered":"<p>Elektrody naramienne charakteryzuj\u0105 si\u0119 doskona\u0142ym dopasowaniem i perfekcyjn\u0105 obs\u0142ug\u0105. Nale\u017cy je zak\u0142ada\u0107 i napina\u0107 jedn\u0105 r\u0119k\u0105. Maj\u0105 te\u017c prosty i skuteczny przewodnik po pasach. Sk\u0142adaj\u0105 si\u0119 one z pary elektrod, kt\u00f3re mog\u0105 przekazywa\u0107 optymalny bodziec treningowy do mi\u0119\u015bni ramion. Z pomoc\u0105 prowadnicy paska elektrody automatycznie dociskaj\u0105 si\u0119 do optymalnej powierzchni i zapewniaj\u0105 doskona\u0142e dopasowanie nawet podczas aktywnego treningu.<\/p>\n<p>Elektrody ramieniowe sk\u0142adaj\u0105 si\u0119 ze stabilnego materia\u0142u no\u015bnego, trwa\u0142ych \u0142\u0105cznik\u00f3w klasy przemys\u0142owej, wysoce ch\u0142onnych zbiornik\u00f3w wodnych i doskona\u0142ych elektrod. Materia\u0142 elektrody jest prawie niezniszczalny i posiada do\u017cywotni\u0105 gwarancj\u0119.<\/p>\n<p>Elektrody mo\u017cna \u0142atwo i skutecznie czy\u015bci\u0107 w pralce z u\u017cyciem \u0142agodnego detergentu.<\/p>\n<p>Prosimy o zmierzenie podanych wymiar\u00f3w w celu doboru elektrod, a nast\u0119pnie okre\u015blenie w\u0142a\u015bciwego rozmiaru.<\/p>\n","protected":false},"excerpt":{"rendered":"<p>Para elektrod ramieniowych MAXSPEED do treningu EMS z MAXSPEED 6, MAXSPEED 8, MAXSPEED 8.1 i por\u00f3wnywalnymi urz\u0105dzeniami EMS.<\/p>\n","protected":false},"featured_media":2054,"template":"","meta":[],"product_brand":[],"product_cat":[222],"product_tag":[217,182,252],"class_list":{"0":"post-2472","1":"product","2":"type-product","3":"status-publish","4":"has-post-thumbnail","6":"product_cat-elektrody-ems","7":"product_tag-elektrody-ems","8":"product_tag-ems-pl","9":"product_tag-podkladki-ems","10":"product_shipping_class-dhl-paczka-2kg","12":"first","13":"instock","14":"taxable","15":"shipping-taxable","16":"purchasable","17":"product-type-variable"},"yoast_head":"<!-- This site is optimized with the Yoast SEO plugin v27.4 - https:\/\/yoast.com\/product\/yoast-seo-wordpress\/ -->\n<title>Elektrody ramieniowe EMS | elektrody treningowe MAXSPEED EMS na ramiona<\/title>\n<meta name=\"description\" content=\"Elektrody naramienne EMS firmy MAXSPEED do profesjonalnego treningu EMS. Kup elektrody ramieniowe do urz\u0105dze\u0144 EMS firmy MAXSPEED oraz por\u00f3wnywalne modele.\" \/>\n<meta name=\"robots\" content=\"index, follow, max-snippet:-1, max-image-preview:large, max-video-preview:-1\" \/>\n<link rel=\"canonical\" href=\"https:\/\/online-ems-training.de\/pl\/produkt\/elektrody-ramieniowe-ems\/\" \/>\n<meta property=\"og:locale\" content=\"pl_PL\" \/>\n<meta property=\"og:type\" content=\"article\" \/>\n<meta property=\"og:title\" content=\"Elektrody ramieniowe EMS | elektrody treningowe MAXSPEED EMS na ramiona\" \/>\n<meta property=\"og:description\" content=\"Elektrody naramienne EMS firmy MAXSPEED do profesjonalnego treningu EMS. Kup elektrody ramieniowe do urz\u0105dze\u0144 EMS firmy MAXSPEED oraz por\u00f3wnywalne modele.\" \/>\n<meta property=\"og:url\" content=\"https:\/\/online-ems-training.de\/pl\/produkt\/elektrody-ramieniowe-ems\/\" \/>\n<meta property=\"og:site_name\" content=\"EMS Reparaturen + EMS Zubeh\u00f6r\" \/>\n<meta property=\"article:publisher\" content=\"https:\/\/www.facebook.com\/OnlineEMSTrainingShop\" \/>\n<meta property=\"article:modified_time\" content=\"2024-05-01T06:06:04+00:00\" \/>\n<meta property=\"og:image\" content=\"https:\/\/i0.wp.com\/online-ems-training.de\/wp-content\/uploads\/2022\/02\/MAXSPEED_Beinelektroden_WP_Bild01-1.jpg?fit=1280%2C853&ssl=1\" \/>\n\t<meta property=\"og:image:width\" content=\"1280\" \/>\n\t<meta property=\"og:image:height\" content=\"853\" \/>\n\t<meta property=\"og:image:type\" content=\"image\/jpeg\" \/>\n<meta name=\"twitter:card\" content=\"summary_large_image\" \/>\n<meta name=\"twitter:label1\" content=\"Szacowany czas czytania\" \/>\n\t<meta name=\"twitter:data1\" content=\"1 minuta\" \/>\n<script type=\"application\/ld+json\" class=\"yoast-schema-graph\">{\"@context\":\"https:\\\/\\\/schema.org\",\"@graph\":[{\"@type\":\"WebPage\",\"@id\":\"https:\\\/\\\/online-ems-training.de\\\/pl\\\/produkt\\\/elektrody-ramieniowe-ems\\\/\",\"url\":\"https:\\\/\\\/online-ems-training.de\\\/pl\\\/produkt\\\/elektrody-ramieniowe-ems\\\/\",\"name\":\"Elektrody ramieniowe EMS | elektrody treningowe MAXSPEED EMS na ramiona\",\"isPartOf\":{\"@id\":\"https:\\\/\\\/online-ems-training.de\\\/pl\\\/#website\"},\"primaryImageOfPage\":{\"@id\":\"https:\\\/\\\/online-ems-training.de\\\/pl\\\/produkt\\\/elektrody-ramieniowe-ems\\\/#primaryimage\"},\"image\":{\"@id\":\"https:\\\/\\\/online-ems-training.de\\\/pl\\\/produkt\\\/elektrody-ramieniowe-ems\\\/#primaryimage\"},\"thumbnailUrl\":\"https:\\\/\\\/online-ems-training.de\\\/wp-content\\\/uploads\\\/2022\\\/02\\\/MAXSPEED_Beinelektroden_WP_Bild01-1.jpg\",\"datePublished\":\"2022-02-12T13:17:47+00:00\",\"dateModified\":\"2024-05-01T06:06:04+00:00\",\"description\":\"Elektrody naramienne EMS firmy MAXSPEED do profesjonalnego treningu EMS. Kup elektrody ramieniowe do urz\u0105dze\u0144 EMS firmy MAXSPEED oraz por\u00f3wnywalne modele.\",\"breadcrumb\":{\"@id\":\"https:\\\/\\\/online-ems-training.de\\\/pl\\\/produkt\\\/elektrody-ramieniowe-ems\\\/#breadcrumb\"},\"inLanguage\":\"pl-PL\",\"potentialAction\":[{\"@type\":\"ReadAction\",\"target\":[\"https:\\\/\\\/online-ems-training.de\\\/pl\\\/produkt\\\/elektrody-ramieniowe-ems\\\/\"]}]},{\"@type\":\"ImageObject\",\"inLanguage\":\"pl-PL\",\"@id\":\"https:\\\/\\\/online-ems-training.de\\\/pl\\\/produkt\\\/elektrody-ramieniowe-ems\\\/#primaryimage\",\"url\":\"https:\\\/\\\/online-ems-training.de\\\/wp-content\\\/uploads\\\/2022\\\/02\\\/MAXSPEED_Beinelektroden_WP_Bild01-1.jpg\",\"contentUrl\":\"https:\\\/\\\/online-ems-training.de\\\/wp-content\\\/uploads\\\/2022\\\/02\\\/MAXSPEED_Beinelektroden_WP_Bild01-1.jpg\",\"width\":1280,\"height\":853},{\"@type\":\"BreadcrumbList\",\"@id\":\"https:\\\/\\\/online-ems-training.de\\\/pl\\\/produkt\\\/elektrody-ramieniowe-ems\\\/#breadcrumb\",\"itemListElement\":[{\"@type\":\"ListItem\",\"position\":1,\"name\":\"Startseite\",\"item\":\"https:\\\/\\\/online-ems-training.de\\\/pl\\\/\"},{\"@type\":\"ListItem\",\"position\":2,\"name\":\"Elektrody ramieniowe EMS\"}]},{\"@type\":\"WebSite\",\"@id\":\"https:\\\/\\\/online-ems-training.de\\\/pl\\\/#website\",\"url\":\"https:\\\/\\\/online-ems-training.de\\\/pl\\\/\",\"name\":\"EMS Reparaturen + EMS Zubeh\u00f6r\",\"description\":\"Reparaturen und Service f\u00fcr EMS Ger\u00e4te und EMS Elektroden\",\"potentialAction\":[{\"@type\":\"SearchAction\",\"target\":{\"@type\":\"EntryPoint\",\"urlTemplate\":\"https:\\\/\\\/online-ems-training.de\\\/pl\\\/?s={search_term_string}\"},\"query-input\":{\"@type\":\"PropertyValueSpecification\",\"valueRequired\":true,\"valueName\":\"search_term_string\"}}],\"inLanguage\":\"pl-PL\"}]}<\/script>\n<!-- \/ Yoast SEO plugin. -->","yoast_head_json":{"title":"Elektrody ramieniowe EMS | elektrody treningowe MAXSPEED EMS na ramiona","description":"Elektrody naramienne EMS firmy MAXSPEED do profesjonalnego treningu EMS. Kup elektrody ramieniowe do urz\u0105dze\u0144 EMS firmy MAXSPEED oraz por\u00f3wnywalne modele.","robots":{"index":"index","follow":"follow","max-snippet":"max-snippet:-1","max-image-preview":"max-image-preview:large","max-video-preview":"max-video-preview:-1"},"canonical":"https:\/\/online-ems-training.de\/pl\/produkt\/elektrody-ramieniowe-ems\/","og_locale":"pl_PL","og_type":"article","og_title":"Elektrody ramieniowe EMS | elektrody treningowe MAXSPEED EMS na ramiona","og_description":"Elektrody naramienne EMS firmy MAXSPEED do profesjonalnego treningu EMS. Kup elektrody ramieniowe do urz\u0105dze\u0144 EMS firmy MAXSPEED oraz por\u00f3wnywalne modele.","og_url":"https:\/\/online-ems-training.de\/pl\/produkt\/elektrody-ramieniowe-ems\/","og_site_name":"EMS Reparaturen + EMS Zubeh\u00f6r","article_publisher":"https:\/\/www.facebook.com\/OnlineEMSTrainingShop","article_modified_time":"2024-05-01T06:06:04+00:00","og_image":[{"width":1280,"height":853,"url":"https:\/\/i0.wp.com\/online-ems-training.de\/wp-content\/uploads\/2022\/02\/MAXSPEED_Beinelektroden_WP_Bild01-1.jpg?fit=1280%2C853&ssl=1","type":"image\/jpeg"}],"twitter_card":"summary_large_image","twitter_misc":{"Szacowany czas czytania":"1 minuta"},"schema":{"@context":"https:\/\/schema.org","@graph":[{"@type":"WebPage","@id":"https:\/\/online-ems-training.de\/pl\/produkt\/elektrody-ramieniowe-ems\/","url":"https:\/\/online-ems-training.de\/pl\/produkt\/elektrody-ramieniowe-ems\/","name":"Elektrody ramieniowe EMS | elektrody treningowe MAXSPEED EMS na ramiona","isPartOf":{"@id":"https:\/\/online-ems-training.de\/pl\/#website"},"primaryImageOfPage":{"@id":"https:\/\/online-ems-training.de\/pl\/produkt\/elektrody-ramieniowe-ems\/#primaryimage"},"image":{"@id":"https:\/\/online-ems-training.de\/pl\/produkt\/elektrody-ramieniowe-ems\/#primaryimage"},"thumbnailUrl":"https:\/\/online-ems-training.de\/wp-content\/uploads\/2022\/02\/MAXSPEED_Beinelektroden_WP_Bild01-1.jpg","datePublished":"2022-02-12T13:17:47+00:00","dateModified":"2024-05-01T06:06:04+00:00","description":"Elektrody naramienne EMS firmy MAXSPEED do profesjonalnego treningu EMS. Kup elektrody ramieniowe do urz\u0105dze\u0144 EMS firmy MAXSPEED oraz por\u00f3wnywalne modele.","breadcrumb":{"@id":"https:\/\/online-ems-training.de\/pl\/produkt\/elektrody-ramieniowe-ems\/#breadcrumb"},"inLanguage":"pl-PL","potentialAction":[{"@type":"ReadAction","target":["https:\/\/online-ems-training.de\/pl\/produkt\/elektrody-ramieniowe-ems\/"]}]},{"@type":"ImageObject","inLanguage":"pl-PL","@id":"https:\/\/online-ems-training.de\/pl\/produkt\/elektrody-ramieniowe-ems\/#primaryimage","url":"https:\/\/online-ems-training.de\/wp-content\/uploads\/2022\/02\/MAXSPEED_Beinelektroden_WP_Bild01-1.jpg","contentUrl":"https:\/\/online-ems-training.de\/wp-content\/uploads\/2022\/02\/MAXSPEED_Beinelektroden_WP_Bild01-1.jpg","width":1280,"height":853},{"@type":"BreadcrumbList","@id":"https:\/\/online-ems-training.de\/pl\/produkt\/elektrody-ramieniowe-ems\/#breadcrumb","itemListElement":[{"@type":"ListItem","position":1,"name":"Startseite","item":"https:\/\/online-ems-training.de\/pl\/"},{"@type":"ListItem","position":2,"name":"Elektrody ramieniowe EMS"}]},{"@type":"WebSite","@id":"https:\/\/online-ems-training.de\/pl\/#website","url":"https:\/\/online-ems-training.de\/pl\/","name":"EMS Reparaturen + EMS Zubeh\u00f6r","description":"Reparaturen und Service f\u00fcr EMS Ger\u00e4te und EMS Elektroden","potentialAction":[{"@type":"SearchAction","target":{"@type":"EntryPoint","urlTemplate":"https:\/\/online-ems-training.de\/pl\/?s={search_term_string}"},"query-input":{"@type":"PropertyValueSpecification","valueRequired":true,"valueName":"search_term_string"}}],"inLanguage":"pl-PL"}]}},"_links":{"self":[{"href":"https:\/\/online-ems-training.de\/pl\/wp-json\/wp\/v2\/product\/2472","targetHints":{"allow":["GET"]}}],"collection":[{"href":"https:\/\/online-ems-training.de\/pl\/wp-json\/wp\/v2\/product"}],"about":[{"href":"https:\/\/online-ems-training.de\/pl\/wp-json\/wp\/v2\/types\/product"}],"wp:featuredmedia":[{"embeddable":true,"href":"https:\/\/online-ems-training.de\/pl\/wp-json\/wp\/v2\/media\/2054"}],"wp:attachment":[{"href":"https:\/\/online-ems-training.de\/pl\/wp-json\/wp\/v2\/media?parent=2472"}],"wp:term":[{"taxonomy":"product_brand","embeddable":true,"href":"https:\/\/online-ems-training.de\/pl\/wp-json\/wp\/v2\/product_brand?post=2472"},{"taxonomy":"product_cat","embeddable":true,"href":"https:\/\/online-ems-training.de\/pl\/wp-json\/wp\/v2\/product_cat?post=2472"},{"taxonomy":"product_tag","embeddable":true,"href":"https:\/\/online-ems-training.de\/pl\/wp-json\/wp\/v2\/product_tag?post=2472"}],"curies":[{"name":"wp","href":"https:\/\/api.w.org\/{rel}","templated":true}]}}