{"id":2473,"date":"2022-02-12T14:19:24","date_gmt":"2022-02-12T13:19:24","guid":{"rendered":"https:\/\/online-ems-training.de\/produkt\/ems-8-kanalowa-kamizelka-z-elektrodami\/"},"modified":"2026-03-03T23:28:50","modified_gmt":"2026-03-03T22:28:50","slug":"maxspeed-8-kanalowa-kamizelka-z-elektrodami","status":"publish","type":"product","link":"https:\/\/online-ems-training.de\/pl\/produkt\/maxspeed-8-kanalowa-kamizelka-z-elektrodami\/","title":{"rendered":"EMS 8 kana\u0142owa kamizelka z elektrodami"},"content":{"rendered":"<p>Kamizelki z elektrodami 8-kana\u0142owymi charakteryzuj\u0105 si\u0119 doskona\u0142ym dopasowaniem i perfekcyjn\u0105 obs\u0142ug\u0105. Doskonale nadaj\u0105 si\u0119 do aktywnego i dynamicznego treningu. Masz jedn\u0105 par\u0119 elektrod dla obszaru klatki piersiowej, jedn\u0105 dla brzucha, jedn\u0105 dla g\u00f3rnej cz\u0119\u015bci plec\u00f3w, jedn\u0105 dla dolnej cz\u0119\u015bci plec\u00f3w i jedn\u0105 par\u0119 elektrod dla bocznej cz\u0119\u015bci plec\u00f3w. Przenosi to bodziec treningowy na dan\u0105 grup\u0119 mi\u0119\u015bniow\u0105. Kamizelka jest \u0142atwa i szybka w za\u0142o\u017ceniu. Dodatkowo posiada optymaln\u0105 i skuteczn\u0105 prowadnic\u0119 pasa. Z pomoc\u0105 prowadnicy paska elektrody automatycznie dociskaj\u0105 si\u0119 do optymalnej powierzchni i zapewniaj\u0105 doskona\u0142e dopasowanie nawet podczas aktywnego treningu.<\/p>\n<p>8-kana\u0142owa kamizelka z elektrodami sk\u0142ada si\u0119 ze stabilnego materia\u0142u no\u015bnego, trwa\u0142ych mocowa\u0144 o jako\u015bci przemys\u0142owej, wysoce ch\u0142onnych zbiornik\u00f3w wodnych oraz doskona\u0142ych elektrod. Materia\u0142 elektrody jest prawie niezniszczalny i posiada do\u017cywotni\u0105 gwarancj\u0119.<\/p>\n<p>Elektrody mo\u017cna \u0142atwo i skutecznie czy\u015bci\u0107 w pralce z u\u017cyciem \u0142agodnego detergentu.<\/p>\n<p>Prosimy o zmierzenie podanych wymiar\u00f3w w celu doboru elektrod, a nast\u0119pnie okre\u015blenie w\u0142a\u015bciwego rozmiaru.<\/p>\n","protected":false},"excerpt":{"rendered":"<p>MAXSPEED 8-kana\u0142owa kamizelka elektrodowa do treningu EMS z MAXSPEED 8, Mi-Bo i por\u00f3wnywalnymi urz\u0105dzeniami EMS.<\/p>\n","protected":false},"featured_media":2104,"template":"","meta":[],"product_brand":[],"product_cat":[222],"product_tag":[],"class_list":{"0":"post-2473","1":"product","2":"type-product","3":"status-publish","4":"has-post-thumbnail","6":"product_cat-elektrody-ems","7":"product_shipping_class-dhl-paczka-2kg","9":"first","10":"instock","11":"taxable","12":"shipping-taxable","13":"purchasable","14":"product-type-variable"},"yoast_head":"<!-- This site is optimized with the Yoast SEO plugin v27.4 - https:\/\/yoast.com\/product\/yoast-seo-wordpress\/ -->\n<title>EMS 8 kana\u0142owa kamizelka z elektrodami &#187; EMS Reparaturen + EMS Zubeh\u00f6r<\/title>\n<meta name=\"robots\" content=\"index, follow, max-snippet:-1, max-image-preview:large, max-video-preview:-1\" \/>\n<link rel=\"canonical\" href=\"https:\/\/online-ems-training.de\/pl\/produkt\/maxspeed-8-kanalowa-kamizelka-z-elektrodami\/\" \/>\n<meta property=\"og:locale\" content=\"pl_PL\" \/>\n<meta property=\"og:type\" content=\"article\" \/>\n<meta property=\"og:title\" content=\"EMS 8 kana\u0142owa kamizelka z elektrodami &#187; EMS Reparaturen + EMS Zubeh\u00f6r\" \/>\n<meta property=\"og:description\" content=\"MAXSPEED 8-kana\u0142owa kamizelka elektrodowa do treningu EMS z MAXSPEED 8, Mi-Bo i por\u00f3wnywalnymi urz\u0105dzeniami EMS.\" \/>\n<meta property=\"og:url\" content=\"https:\/\/online-ems-training.de\/pl\/produkt\/maxspeed-8-kanalowa-kamizelka-z-elektrodami\/\" \/>\n<meta property=\"og:site_name\" content=\"EMS Reparaturen + EMS Zubeh\u00f6r\" \/>\n<meta property=\"article:publisher\" content=\"https:\/\/www.facebook.com\/OnlineEMSTrainingShop\" \/>\n<meta property=\"article:modified_time\" content=\"2026-03-03T22:28:50+00:00\" \/>\n<meta property=\"og:image\" content=\"https:\/\/online-ems-training.de\/wp-content\/uploads\/2022\/02\/wo_IMG_2011.jpg\" \/>\n\t<meta property=\"og:image:width\" content=\"1280\" \/>\n\t<meta property=\"og:image:height\" content=\"1920\" \/>\n\t<meta property=\"og:image:type\" content=\"image\/jpeg\" \/>\n<meta name=\"twitter:card\" content=\"summary_large_image\" \/>\n<meta name=\"twitter:label1\" content=\"Szacowany czas czytania\" \/>\n\t<meta name=\"twitter:data1\" content=\"1 minuta\" \/>\n<script type=\"application\/ld+json\" class=\"yoast-schema-graph\">{\"@context\":\"https:\\\/\\\/schema.org\",\"@graph\":[{\"@type\":\"WebPage\",\"@id\":\"https:\\\/\\\/online-ems-training.de\\\/pl\\\/produkt\\\/maxspeed-8-kanalowa-kamizelka-z-elektrodami\\\/\",\"url\":\"https:\\\/\\\/online-ems-training.de\\\/pl\\\/produkt\\\/maxspeed-8-kanalowa-kamizelka-z-elektrodami\\\/\",\"name\":\"EMS 8 kana\u0142owa kamizelka z elektrodami &#187; EMS Reparaturen + EMS Zubeh\u00f6r\",\"isPartOf\":{\"@id\":\"https:\\\/\\\/online-ems-training.de\\\/pl\\\/#website\"},\"primaryImageOfPage\":{\"@id\":\"https:\\\/\\\/online-ems-training.de\\\/pl\\\/produkt\\\/maxspeed-8-kanalowa-kamizelka-z-elektrodami\\\/#primaryimage\"},\"image\":{\"@id\":\"https:\\\/\\\/online-ems-training.de\\\/pl\\\/produkt\\\/maxspeed-8-kanalowa-kamizelka-z-elektrodami\\\/#primaryimage\"},\"thumbnailUrl\":\"https:\\\/\\\/online-ems-training.de\\\/wp-content\\\/uploads\\\/2022\\\/02\\\/wo_IMG_2011.jpg\",\"datePublished\":\"2022-02-12T13:19:24+00:00\",\"dateModified\":\"2026-03-03T22:28:50+00:00\",\"breadcrumb\":{\"@id\":\"https:\\\/\\\/online-ems-training.de\\\/pl\\\/produkt\\\/maxspeed-8-kanalowa-kamizelka-z-elektrodami\\\/#breadcrumb\"},\"inLanguage\":\"pl-PL\",\"potentialAction\":[{\"@type\":\"ReadAction\",\"target\":[\"https:\\\/\\\/online-ems-training.de\\\/pl\\\/produkt\\\/maxspeed-8-kanalowa-kamizelka-z-elektrodami\\\/\"]}]},{\"@type\":\"ImageObject\",\"inLanguage\":\"pl-PL\",\"@id\":\"https:\\\/\\\/online-ems-training.de\\\/pl\\\/produkt\\\/maxspeed-8-kanalowa-kamizelka-z-elektrodami\\\/#primaryimage\",\"url\":\"https:\\\/\\\/online-ems-training.de\\\/wp-content\\\/uploads\\\/2022\\\/02\\\/wo_IMG_2011.jpg\",\"contentUrl\":\"https:\\\/\\\/online-ems-training.de\\\/wp-content\\\/uploads\\\/2022\\\/02\\\/wo_IMG_2011.jpg\",\"width\":1280,\"height\":1920,\"caption\":\"8 Kamizelka kana\u0142owa\"},{\"@type\":\"BreadcrumbList\",\"@id\":\"https:\\\/\\\/online-ems-training.de\\\/pl\\\/produkt\\\/maxspeed-8-kanalowa-kamizelka-z-elektrodami\\\/#breadcrumb\",\"itemListElement\":[{\"@type\":\"ListItem\",\"position\":1,\"name\":\"Startseite\",\"item\":\"https:\\\/\\\/online-ems-training.de\\\/pl\\\/\"},{\"@type\":\"ListItem\",\"position\":2,\"name\":\"EMS 8 kana\u0142owa kamizelka z elektrodami\"}]},{\"@type\":\"WebSite\",\"@id\":\"https:\\\/\\\/online-ems-training.de\\\/pl\\\/#website\",\"url\":\"https:\\\/\\\/online-ems-training.de\\\/pl\\\/\",\"name\":\"EMS Reparaturen + EMS Zubeh\u00f6r\",\"description\":\"Reparaturen und Service f\u00fcr EMS Ger\u00e4te und EMS Elektroden\",\"potentialAction\":[{\"@type\":\"SearchAction\",\"target\":{\"@type\":\"EntryPoint\",\"urlTemplate\":\"https:\\\/\\\/online-ems-training.de\\\/pl\\\/?s={search_term_string}\"},\"query-input\":{\"@type\":\"PropertyValueSpecification\",\"valueRequired\":true,\"valueName\":\"search_term_string\"}}],\"inLanguage\":\"pl-PL\"}]}<\/script>\n<!-- \/ Yoast SEO plugin. -->","yoast_head_json":{"title":"EMS 8 kana\u0142owa kamizelka z elektrodami &#187; EMS Reparaturen + EMS Zubeh\u00f6r","robots":{"index":"index","follow":"follow","max-snippet":"max-snippet:-1","max-image-preview":"max-image-preview:large","max-video-preview":"max-video-preview:-1"},"canonical":"https:\/\/online-ems-training.de\/pl\/produkt\/maxspeed-8-kanalowa-kamizelka-z-elektrodami\/","og_locale":"pl_PL","og_type":"article","og_title":"EMS 8 kana\u0142owa kamizelka z elektrodami &#187; EMS Reparaturen + EMS Zubeh\u00f6r","og_description":"MAXSPEED 8-kana\u0142owa kamizelka elektrodowa do treningu EMS z MAXSPEED 8, Mi-Bo i por\u00f3wnywalnymi urz\u0105dzeniami EMS.","og_url":"https:\/\/online-ems-training.de\/pl\/produkt\/maxspeed-8-kanalowa-kamizelka-z-elektrodami\/","og_site_name":"EMS Reparaturen + EMS Zubeh\u00f6r","article_publisher":"https:\/\/www.facebook.com\/OnlineEMSTrainingShop","article_modified_time":"2026-03-03T22:28:50+00:00","og_image":[{"width":1280,"height":1920,"url":"https:\/\/online-ems-training.de\/wp-content\/uploads\/2022\/02\/wo_IMG_2011.jpg","type":"image\/jpeg"}],"twitter_card":"summary_large_image","twitter_misc":{"Szacowany czas czytania":"1 minuta"},"schema":{"@context":"https:\/\/schema.org","@graph":[{"@type":"WebPage","@id":"https:\/\/online-ems-training.de\/pl\/produkt\/maxspeed-8-kanalowa-kamizelka-z-elektrodami\/","url":"https:\/\/online-ems-training.de\/pl\/produkt\/maxspeed-8-kanalowa-kamizelka-z-elektrodami\/","name":"EMS 8 kana\u0142owa kamizelka z elektrodami &#187; EMS Reparaturen + EMS Zubeh\u00f6r","isPartOf":{"@id":"https:\/\/online-ems-training.de\/pl\/#website"},"primaryImageOfPage":{"@id":"https:\/\/online-ems-training.de\/pl\/produkt\/maxspeed-8-kanalowa-kamizelka-z-elektrodami\/#primaryimage"},"image":{"@id":"https:\/\/online-ems-training.de\/pl\/produkt\/maxspeed-8-kanalowa-kamizelka-z-elektrodami\/#primaryimage"},"thumbnailUrl":"https:\/\/online-ems-training.de\/wp-content\/uploads\/2022\/02\/wo_IMG_2011.jpg","datePublished":"2022-02-12T13:19:24+00:00","dateModified":"2026-03-03T22:28:50+00:00","breadcrumb":{"@id":"https:\/\/online-ems-training.de\/pl\/produkt\/maxspeed-8-kanalowa-kamizelka-z-elektrodami\/#breadcrumb"},"inLanguage":"pl-PL","potentialAction":[{"@type":"ReadAction","target":["https:\/\/online-ems-training.de\/pl\/produkt\/maxspeed-8-kanalowa-kamizelka-z-elektrodami\/"]}]},{"@type":"ImageObject","inLanguage":"pl-PL","@id":"https:\/\/online-ems-training.de\/pl\/produkt\/maxspeed-8-kanalowa-kamizelka-z-elektrodami\/#primaryimage","url":"https:\/\/online-ems-training.de\/wp-content\/uploads\/2022\/02\/wo_IMG_2011.jpg","contentUrl":"https:\/\/online-ems-training.de\/wp-content\/uploads\/2022\/02\/wo_IMG_2011.jpg","width":1280,"height":1920,"caption":"8 Kamizelka kana\u0142owa"},{"@type":"BreadcrumbList","@id":"https:\/\/online-ems-training.de\/pl\/produkt\/maxspeed-8-kanalowa-kamizelka-z-elektrodami\/#breadcrumb","itemListElement":[{"@type":"ListItem","position":1,"name":"Startseite","item":"https:\/\/online-ems-training.de\/pl\/"},{"@type":"ListItem","position":2,"name":"EMS 8 kana\u0142owa kamizelka z elektrodami"}]},{"@type":"WebSite","@id":"https:\/\/online-ems-training.de\/pl\/#website","url":"https:\/\/online-ems-training.de\/pl\/","name":"EMS Reparaturen + EMS Zubeh\u00f6r","description":"Reparaturen und Service f\u00fcr EMS Ger\u00e4te und EMS Elektroden","potentialAction":[{"@type":"SearchAction","target":{"@type":"EntryPoint","urlTemplate":"https:\/\/online-ems-training.de\/pl\/?s={search_term_string}"},"query-input":{"@type":"PropertyValueSpecification","valueRequired":true,"valueName":"search_term_string"}}],"inLanguage":"pl-PL"}]}},"_links":{"self":[{"href":"https:\/\/online-ems-training.de\/pl\/wp-json\/wp\/v2\/product\/2473","targetHints":{"allow":["GET"]}}],"collection":[{"href":"https:\/\/online-ems-training.de\/pl\/wp-json\/wp\/v2\/product"}],"about":[{"href":"https:\/\/online-ems-training.de\/pl\/wp-json\/wp\/v2\/types\/product"}],"wp:featuredmedia":[{"embeddable":true,"href":"https:\/\/online-ems-training.de\/pl\/wp-json\/wp\/v2\/media\/2104"}],"wp:attachment":[{"href":"https:\/\/online-ems-training.de\/pl\/wp-json\/wp\/v2\/media?parent=2473"}],"wp:term":[{"taxonomy":"product_brand","embeddable":true,"href":"https:\/\/online-ems-training.de\/pl\/wp-json\/wp\/v2\/product_brand?post=2473"},{"taxonomy":"product_cat","embeddable":true,"href":"https:\/\/online-ems-training.de\/pl\/wp-json\/wp\/v2\/product_cat?post=2473"},{"taxonomy":"product_tag","embeddable":true,"href":"https:\/\/online-ems-training.de\/pl\/wp-json\/wp\/v2\/product_tag?post=2473"}],"curies":[{"name":"wp","href":"https:\/\/api.w.org\/{rel}","templated":true}]}}