{"id":2489,"date":"2022-03-18T13:16:50","date_gmt":"2022-03-18T12:16:50","guid":{"rendered":"https:\/\/online-ems-training.de\/produkt\/maxspeed-8-1\/"},"modified":"2023-06-26T15:37:50","modified_gmt":"2023-06-26T13:37:50","slug":"maxspeed-8-1","status":"publish","type":"product","link":"https:\/\/online-ems-training.de\/pl\/produkt\/maxspeed-8-1\/","title":{"rendered":"MAXSPEED 8.1"},"content":{"rendered":"<p><span style=\"font-family: Arial, sans-serif;\">MAXSPEED 8.1 to bezprzewodowa skrzynka dla 8-kana\u0142owych zestaw\u00f3w elektrod, a wi\u0119c rozszerzenie dla MAXSPEED 8.  <\/span><\/p>\n<p><strong><span style=\"font-family: Arial, sans-serif;\">2 MAXSPEED 8.1 mog\u0105 by\u0107 zdalnie sterowane przez jeden MAXSPEED 8.<\/span><\/strong><\/p>\n<p><span style=\"font-family: Arial, sans-serif;\">W ten spos\u00f3b mo\u017cna \u0142atwo zmodernizowa\u0107 MAXSPEED 8 do urz\u0105dzenia bezprzewodowego i jednocze\u015bnie podwoi\u0107 pojemno\u015b\u0107. Mo\u017cesz trenowa\u0107 dw\u00f3ch \u0107wicz\u0105cych razem na jednym urz\u0105dzeniu MAXSPEED 8 z 2 urz\u0105dzeniami MAXSPEED 8.1. Programy i czas rozpocz\u0119cia mog\u0105 si\u0119 r\u00f3\u017cni\u0107. Wszystkie ustawienia mog\u0105 by\u0107 dokonywane autonomicznie dla wszystkich \u0107wicz\u0105cych.  <\/span><\/p>\n<h3><span style=\"font-family: Arial, sans-serif;\">15<\/span><span style=\"font-family: Arial, sans-serif;\"> Programy<\/span><\/h3>\n<p><span style=\"font-family: Arial, sans-serif;\">3<\/span><span style=\"font-family: Arial, sans-serif;\">x Budowa mi\u0119\u015bni<\/span><\/p>\n<p><span style=\"font-family: Arial, sans-serif;\">2x tonowanie mi\u0119\u015bni<\/span><\/p>\n<p><span style=\"font-family: Arial, sans-serif;\">3<\/span><span style=\"font-family: Arial, sans-serif;\">x Wytrzyma\u0142o\u015b\u0107 si\u0142owa<\/span><\/p>\n<p><span style=\"font-family: Arial, sans-serif;\">2<\/span><span style=\"font-family: Arial, sans-serif;\">x maksymalna wytrzyma\u0142o\u015b\u0107<\/span><\/p>\n<p><span style=\"font-family: Arial, sans-serif;\">1x napinanie sk\u00f3ry<\/span><\/p>\n<p><span style=\"font-family: Arial, sans-serif;\">2<\/span><span style=\"font-family: Arial, sans-serif;\">x Relaks<\/span><\/p>\n<p><span style=\"font-family: Arial, sans-serif;\">2<\/span><span style=\"font-family: Arial, sans-serif;\">x Cardio<\/span><\/p>\n<h3><span style=\"font-family: Arial, sans-serif;\">Zasilacz<\/span><\/h3>\n<p><span style=\"font-family: Arial, sans-serif;\">Praca na baterii<\/span><\/p>\n<h3><span style=\"font-family: Arial, sans-serif;\">Efektywny pr\u0105d<\/span><\/h3>\n<p><span style=\"font-family: Arial, sans-serif;\">28 mA RMS<\/span><\/p>\n<h3><span style=\"font-family: Arial, sans-serif;\">Napi\u0119cie skuteczne<\/span><\/h3>\n<p><span style=\"font-family: Arial, sans-serif;\">12,8 V RMS<\/span><\/p>\n<h3><span style=\"font-family: Arial, sans-serif;\">Stopie\u0144 ochrony<\/span><\/h3>\n<p><span style=\"font-family: Arial, sans-serif;\">IP 52<\/span><\/p>\n<h3><span style=\"font-family: Arial, sans-serif;\">Ekran<\/span><\/h3>\n<p><span style=\"font-family: Arial, sans-serif;\">Wy\u015bwietlacz Whitepaper 2,3&#8243; (zawarto\u015b\u0107 ekranu pozostaje obecna nawet po wy\u0142\u0105czeniu)<br \/>\n<\/span><\/p>\n<h3><span style=\"font-family: Arial, sans-serif;\">Kana\u0142y<\/span><\/h3>\n<p><span style=\"font-family: Arial, sans-serif;\">8<\/span><span style=\"font-family: Arial, sans-serif;\"> Zakresy regulowane jednocze\u015bnie i oddzielnie (1<\/span><span style=\"font-family: Arial, sans-serif;\">6<\/span><span style=\"font-family: Arial, sans-serif;\"> elektroda)<\/span><\/p>\n<h3><span style=\"font-family: Arial, sans-serif;\">Waga<\/span><\/h3>\n<p><span style=\"font-family: Arial, sans-serif;\">0,3 kg<\/span><\/p>\n<h3><span style=\"font-family: Arial, sans-serif;\">Instytucja<\/span><\/h3>\n<p><span style=\"font-family: Arial, sans-serif;\">Wszystkie elektrody 8-kana\u0142owe s\u0105 przygotowane do przyj\u0119cia MAXSPEED 8.1.<\/span><\/p>\n<p>W zestawie znajduje si\u0119 kabel po\u0142\u0105czeniowy.<\/p>\n<h3><span style=\"font-family: Arial, sans-serif;\">J\u0119zyki <\/span>(sterowane przez MAXSPEED 8)<\/h3>\n<p><span style=\"font-family: Arial, sans-serif;\">Niemiecki<\/span><\/p>\n<p><span style=\"font-family: Arial, sans-serif;\">Angielski<\/span><\/p>\n<p><span style=\"font-family: Arial, sans-serif;\">Francuski<\/span><\/p>\n<p><span style=\"font-family: Arial, sans-serif;\">W\u0142oski<\/span><\/p>\n<p><span style=\"font-family: Arial, sans-serif;\">Polska<\/span><\/p>\n<p><span style=\"font-family: Arial, sans-serif;\">Rosyjski<\/span><\/p>\n<h3><span style=\"font-family: Arial, sans-serif;\">Komunikacja<\/span><\/h3>\n<p><span style=\"font-family: Arial, sans-serif;\">Komunikacja bezprzewodowa z MAXSPEED 8<\/span><\/p>\n","protected":false},"excerpt":{"rendered":"<p><span style=\"font-family: Arial, sans-serif;\">MAXSPEED <\/span><span style=\"font-family: Arial, sans-serif;\">8.1 <\/span><span style=\"font-family: Arial, sans-serif;\">jest uzupe\u0142nieniem MAXSPEED 8 EMS <\/span><span style=\"font-family: Arial, sans-serif;\">urz\u0105dzenie do kompleksowego szkolenia EMS. <\/span> <span style=\"font-family: Arial, sans-serif;\">Mo\u017cna trenowa\u0107 klasycznie z kablem, a tak\u017ce bezprzewodowo. Pojemno\u015b\u0107 studia mo\u017ce by\u0107 \u0142atwo podwojona dzi\u0119ki mo\u017cliwo\u015bci treningu 2 \u0107wicz\u0105cych z jednym MAXSPEED 8.  <\/span><span style=\"font-family: Arial, sans-serif;\">Wszystkie jednostki s\u0105 wyposa\u017cone w <\/span><span style=\"font-family: Arial, sans-serif;\">15<\/span><span style=\"font-family: Arial, sans-serif;\"> programy szkoleniowe. <\/span> <\/p>\n","protected":false},"featured_media":2152,"template":"","meta":[],"product_brand":[],"product_cat":[180],"product_tag":[186,199,183,198],"class_list":{"0":"post-2489","1":"product","2":"type-product","3":"status-publish","4":"has-post-thumbnail","6":"product_cat-urzadzenia-do-szkolenia-ems","7":"product_tag-maksymalna-predkosc","8":"product_tag-predkosc-maksymalna-8","9":"product_tag-urzadzenie-ems","10":"product_tag-urzadzenie-ems-pl","11":"product_shipping_class-urzadzenia-ems","13":"first","14":"instock","15":"taxable","16":"shipping-taxable","17":"purchasable","18":"product-type-simple"},"yoast_head":"<!-- This site is optimized with the Yoast SEO plugin v27.4 - https:\/\/yoast.com\/product\/yoast-seo-wordpress\/ -->\n<title>Urz\u0105dzenie EMS MAXSPEED 8 | Urz\u0105dzenie fitness do treningu EMS<\/title>\n<meta name=\"description\" content=\"Kup MAXSPEED 8. Wysokiej jako\u015bci &amp; profesjonalny trening EMS dla studi\u00f3w fitness. Urz\u0105dzenie do szkolenia EMS - Made in Germ any.\" \/>\n<meta name=\"robots\" content=\"index, follow, max-snippet:-1, max-image-preview:large, max-video-preview:-1\" \/>\n<link rel=\"canonical\" href=\"https:\/\/online-ems-training.de\/pl\/produkt\/maxspeed-8-1\/\" \/>\n<meta property=\"og:locale\" content=\"pl_PL\" \/>\n<meta property=\"og:type\" content=\"article\" \/>\n<meta property=\"og:title\" content=\"Urz\u0105dzenie EMS MAXSPEED 8 | Urz\u0105dzenie fitness do treningu EMS\" \/>\n<meta property=\"og:description\" content=\"Kup MAXSPEED 8. Wysokiej jako\u015bci &amp; profesjonalny trening EMS dla studi\u00f3w fitness. Urz\u0105dzenie do szkolenia EMS - Made in Germ any.\" \/>\n<meta property=\"og:url\" content=\"https:\/\/online-ems-training.de\/pl\/produkt\/maxspeed-8-1\/\" \/>\n<meta property=\"og:site_name\" content=\"EMS Reparaturen + EMS Zubeh\u00f6r\" \/>\n<meta property=\"article:publisher\" content=\"https:\/\/www.facebook.com\/OnlineEMSTrainingShop\" \/>\n<meta property=\"article:modified_time\" content=\"2023-06-26T13:37:50+00:00\" \/>\n<meta property=\"og:image\" content=\"https:\/\/i0.wp.com\/online-ems-training.de\/wp-content\/uploads\/2022\/03\/MS8.1_1.jpg?fit=774%2C619&ssl=1\" \/>\n\t<meta property=\"og:image:width\" content=\"774\" \/>\n\t<meta property=\"og:image:height\" content=\"619\" \/>\n\t<meta property=\"og:image:type\" content=\"image\/jpeg\" \/>\n<meta name=\"twitter:card\" content=\"summary_large_image\" \/>\n<meta name=\"twitter:label1\" content=\"Szacowany czas czytania\" \/>\n\t<meta name=\"twitter:data1\" content=\"1 minuta\" \/>\n<script type=\"application\/ld+json\" class=\"yoast-schema-graph\">{\"@context\":\"https:\\\/\\\/schema.org\",\"@graph\":[{\"@type\":\"WebPage\",\"@id\":\"https:\\\/\\\/online-ems-training.de\\\/pl\\\/produkt\\\/maxspeed-8-1\\\/\",\"url\":\"https:\\\/\\\/online-ems-training.de\\\/pl\\\/produkt\\\/maxspeed-8-1\\\/\",\"name\":\"Urz\u0105dzenie EMS MAXSPEED 8 | Urz\u0105dzenie fitness do treningu EMS\",\"isPartOf\":{\"@id\":\"https:\\\/\\\/online-ems-training.de\\\/pl\\\/#website\"},\"primaryImageOfPage\":{\"@id\":\"https:\\\/\\\/online-ems-training.de\\\/pl\\\/produkt\\\/maxspeed-8-1\\\/#primaryimage\"},\"image\":{\"@id\":\"https:\\\/\\\/online-ems-training.de\\\/pl\\\/produkt\\\/maxspeed-8-1\\\/#primaryimage\"},\"thumbnailUrl\":\"https:\\\/\\\/online-ems-training.de\\\/wp-content\\\/uploads\\\/2022\\\/03\\\/MS8.1_1.jpg\",\"datePublished\":\"2022-03-18T12:16:50+00:00\",\"dateModified\":\"2023-06-26T13:37:50+00:00\",\"description\":\"Kup MAXSPEED 8. Wysokiej jako\u015bci & profesjonalny trening EMS dla studi\u00f3w fitness. Urz\u0105dzenie do szkolenia EMS - Made in Germ any.\",\"breadcrumb\":{\"@id\":\"https:\\\/\\\/online-ems-training.de\\\/pl\\\/produkt\\\/maxspeed-8-1\\\/#breadcrumb\"},\"inLanguage\":\"pl-PL\",\"potentialAction\":[{\"@type\":\"ReadAction\",\"target\":[\"https:\\\/\\\/online-ems-training.de\\\/pl\\\/produkt\\\/maxspeed-8-1\\\/\"]}]},{\"@type\":\"ImageObject\",\"inLanguage\":\"pl-PL\",\"@id\":\"https:\\\/\\\/online-ems-training.de\\\/pl\\\/produkt\\\/maxspeed-8-1\\\/#primaryimage\",\"url\":\"https:\\\/\\\/online-ems-training.de\\\/wp-content\\\/uploads\\\/2022\\\/03\\\/MS8.1_1.jpg\",\"contentUrl\":\"https:\\\/\\\/online-ems-training.de\\\/wp-content\\\/uploads\\\/2022\\\/03\\\/MS8.1_1.jpg\",\"width\":774,\"height\":619,\"caption\":\"MAXSPEED 8.1\"},{\"@type\":\"BreadcrumbList\",\"@id\":\"https:\\\/\\\/online-ems-training.de\\\/pl\\\/produkt\\\/maxspeed-8-1\\\/#breadcrumb\",\"itemListElement\":[{\"@type\":\"ListItem\",\"position\":1,\"name\":\"Startseite\",\"item\":\"https:\\\/\\\/online-ems-training.de\\\/pl\\\/\"},{\"@type\":\"ListItem\",\"position\":2,\"name\":\"MAXSPEED 8.1\"}]},{\"@type\":\"WebSite\",\"@id\":\"https:\\\/\\\/online-ems-training.de\\\/pl\\\/#website\",\"url\":\"https:\\\/\\\/online-ems-training.de\\\/pl\\\/\",\"name\":\"EMS Reparaturen + EMS Zubeh\u00f6r\",\"description\":\"Reparaturen und Service f\u00fcr EMS Ger\u00e4te und EMS Elektroden\",\"potentialAction\":[{\"@type\":\"SearchAction\",\"target\":{\"@type\":\"EntryPoint\",\"urlTemplate\":\"https:\\\/\\\/online-ems-training.de\\\/pl\\\/?s={search_term_string}\"},\"query-input\":{\"@type\":\"PropertyValueSpecification\",\"valueRequired\":true,\"valueName\":\"search_term_string\"}}],\"inLanguage\":\"pl-PL\"}]}<\/script>\n<!-- \/ Yoast SEO plugin. -->","yoast_head_json":{"title":"Urz\u0105dzenie EMS MAXSPEED 8 | Urz\u0105dzenie fitness do treningu EMS","description":"Kup MAXSPEED 8. Wysokiej jako\u015bci & profesjonalny trening EMS dla studi\u00f3w fitness. Urz\u0105dzenie do szkolenia EMS - Made in Germ any.","robots":{"index":"index","follow":"follow","max-snippet":"max-snippet:-1","max-image-preview":"max-image-preview:large","max-video-preview":"max-video-preview:-1"},"canonical":"https:\/\/online-ems-training.de\/pl\/produkt\/maxspeed-8-1\/","og_locale":"pl_PL","og_type":"article","og_title":"Urz\u0105dzenie EMS MAXSPEED 8 | Urz\u0105dzenie fitness do treningu EMS","og_description":"Kup MAXSPEED 8. Wysokiej jako\u015bci & profesjonalny trening EMS dla studi\u00f3w fitness. Urz\u0105dzenie do szkolenia EMS - Made in Germ any.","og_url":"https:\/\/online-ems-training.de\/pl\/produkt\/maxspeed-8-1\/","og_site_name":"EMS Reparaturen + EMS Zubeh\u00f6r","article_publisher":"https:\/\/www.facebook.com\/OnlineEMSTrainingShop","article_modified_time":"2023-06-26T13:37:50+00:00","og_image":[{"width":774,"height":619,"url":"https:\/\/i0.wp.com\/online-ems-training.de\/wp-content\/uploads\/2022\/03\/MS8.1_1.jpg?fit=774%2C619&ssl=1","type":"image\/jpeg"}],"twitter_card":"summary_large_image","twitter_misc":{"Szacowany czas czytania":"1 minuta"},"schema":{"@context":"https:\/\/schema.org","@graph":[{"@type":"WebPage","@id":"https:\/\/online-ems-training.de\/pl\/produkt\/maxspeed-8-1\/","url":"https:\/\/online-ems-training.de\/pl\/produkt\/maxspeed-8-1\/","name":"Urz\u0105dzenie EMS MAXSPEED 8 | Urz\u0105dzenie fitness do treningu EMS","isPartOf":{"@id":"https:\/\/online-ems-training.de\/pl\/#website"},"primaryImageOfPage":{"@id":"https:\/\/online-ems-training.de\/pl\/produkt\/maxspeed-8-1\/#primaryimage"},"image":{"@id":"https:\/\/online-ems-training.de\/pl\/produkt\/maxspeed-8-1\/#primaryimage"},"thumbnailUrl":"https:\/\/online-ems-training.de\/wp-content\/uploads\/2022\/03\/MS8.1_1.jpg","datePublished":"2022-03-18T12:16:50+00:00","dateModified":"2023-06-26T13:37:50+00:00","description":"Kup MAXSPEED 8. Wysokiej jako\u015bci & profesjonalny trening EMS dla studi\u00f3w fitness. Urz\u0105dzenie do szkolenia EMS - Made in Germ any.","breadcrumb":{"@id":"https:\/\/online-ems-training.de\/pl\/produkt\/maxspeed-8-1\/#breadcrumb"},"inLanguage":"pl-PL","potentialAction":[{"@type":"ReadAction","target":["https:\/\/online-ems-training.de\/pl\/produkt\/maxspeed-8-1\/"]}]},{"@type":"ImageObject","inLanguage":"pl-PL","@id":"https:\/\/online-ems-training.de\/pl\/produkt\/maxspeed-8-1\/#primaryimage","url":"https:\/\/online-ems-training.de\/wp-content\/uploads\/2022\/03\/MS8.1_1.jpg","contentUrl":"https:\/\/online-ems-training.de\/wp-content\/uploads\/2022\/03\/MS8.1_1.jpg","width":774,"height":619,"caption":"MAXSPEED 8.1"},{"@type":"BreadcrumbList","@id":"https:\/\/online-ems-training.de\/pl\/produkt\/maxspeed-8-1\/#breadcrumb","itemListElement":[{"@type":"ListItem","position":1,"name":"Startseite","item":"https:\/\/online-ems-training.de\/pl\/"},{"@type":"ListItem","position":2,"name":"MAXSPEED 8.1"}]},{"@type":"WebSite","@id":"https:\/\/online-ems-training.de\/pl\/#website","url":"https:\/\/online-ems-training.de\/pl\/","name":"EMS Reparaturen + EMS Zubeh\u00f6r","description":"Reparaturen und Service f\u00fcr EMS Ger\u00e4te und EMS Elektroden","potentialAction":[{"@type":"SearchAction","target":{"@type":"EntryPoint","urlTemplate":"https:\/\/online-ems-training.de\/pl\/?s={search_term_string}"},"query-input":{"@type":"PropertyValueSpecification","valueRequired":true,"valueName":"search_term_string"}}],"inLanguage":"pl-PL"}]}},"_links":{"self":[{"href":"https:\/\/online-ems-training.de\/pl\/wp-json\/wp\/v2\/product\/2489","targetHints":{"allow":["GET"]}}],"collection":[{"href":"https:\/\/online-ems-training.de\/pl\/wp-json\/wp\/v2\/product"}],"about":[{"href":"https:\/\/online-ems-training.de\/pl\/wp-json\/wp\/v2\/types\/product"}],"wp:featuredmedia":[{"embeddable":true,"href":"https:\/\/online-ems-training.de\/pl\/wp-json\/wp\/v2\/media\/2152"}],"wp:attachment":[{"href":"https:\/\/online-ems-training.de\/pl\/wp-json\/wp\/v2\/media?parent=2489"}],"wp:term":[{"taxonomy":"product_brand","embeddable":true,"href":"https:\/\/online-ems-training.de\/pl\/wp-json\/wp\/v2\/product_brand?post=2489"},{"taxonomy":"product_cat","embeddable":true,"href":"https:\/\/online-ems-training.de\/pl\/wp-json\/wp\/v2\/product_cat?post=2489"},{"taxonomy":"product_tag","embeddable":true,"href":"https:\/\/online-ems-training.de\/pl\/wp-json\/wp\/v2\/product_tag?post=2489"}],"curies":[{"name":"wp","href":"https:\/\/api.w.org\/{rel}","templated":true}]}}