{"id":2594,"date":"2022-05-02T19:30:24","date_gmt":"2022-05-02T17:30:24","guid":{"rendered":"https:\/\/online-ems-training.de\/produkt\/1-pokretlo-wymiany\/"},"modified":"2024-05-01T08:06:05","modified_gmt":"2024-05-01T06:06:05","slug":"zamiana-enkodera","status":"publish","type":"product","link":"https:\/\/online-ems-training.de\/pl\/produkt\/zamiana-enkodera\/","title":{"rendered":"1. pokr\u0119t\u0142o wymiany"},"content":{"rendered":"<p>Wymiana pierwszego pokr\u0119t\u0142a<\/p>\n<p>Symptomy:<\/p>\n<ul>\n<li>Przeskakiwanie warto\u015bci wy\u015bwietlanych<\/li>\n<li>Intensywno\u015b\u0107 skok\u00f3w<\/li>\n<\/ul>\n<p>Ga\u0142ka zosta\u0142a wymieniona na now\u0105. W przypadku wymiany dodatkowych ga\u0142ek zostanie udzielony odpowiedni rabat.<\/p>\n","protected":false},"excerpt":{"rendered":"<p>Wymiana enkodera<\/p>\n<p>Symptomy:<\/p>\n<ul>\n<li>Przeskakiwanie warto\u015bci wy\u015bwietlanych<\/li>\n<li>Intensywno\u015b\u0107 skok\u00f3w<\/li>\n<\/ul>\n<p>Enkoder zostaje wymieniony na nowy. W przypadku wymiany dodatkowych koder\u00f3w zostanie udzielony odpowiedni rabat.<\/p>\n","protected":false},"featured_media":2124,"template":"","meta":[],"product_brand":[],"product_cat":[254],"product_tag":[],"class_list":{"0":"post-2594","1":"product","2":"type-product","3":"status-publish","4":"has-post-thumbnail","6":"product_cat-serwis-i-naprawy","7":"product_shipping_class-dhl-paczka-10kg","9":"first","10":"instock","11":"taxable","12":"shipping-taxable","13":"purchasable","14":"product-type-simple"},"yoast_head":"<!-- This site is optimized with the Yoast SEO plugin v27.4 - https:\/\/yoast.com\/product\/yoast-seo-wordpress\/ -->\n<title>1. pokr\u0119t\u0142o wymiany &#187; EMS Reparaturen + EMS Zubeh\u00f6r<\/title>\n<meta name=\"robots\" content=\"index, follow, max-snippet:-1, max-image-preview:large, max-video-preview:-1\" \/>\n<link rel=\"canonical\" href=\"https:\/\/online-ems-training.de\/pl\/produkt\/zamiana-enkodera\/\" \/>\n<meta property=\"og:locale\" content=\"pl_PL\" \/>\n<meta property=\"og:type\" content=\"article\" \/>\n<meta property=\"og:title\" content=\"1. pokr\u0119t\u0142o wymiany &#187; EMS Reparaturen + EMS Zubeh\u00f6r\" \/>\n<meta property=\"og:description\" content=\"Wymiana enkodera Symptomy:  Przeskakiwanie warto\u015bci wy\u015bwietlanych  Intensywno\u015b\u0107 skok\u00f3w Enkoder zostaje wymieniony na nowy. W przypadku wymiany dodatkowych koder\u00f3w zostanie udzielony odpowiedni rabat.\" \/>\n<meta property=\"og:url\" content=\"https:\/\/online-ems-training.de\/pl\/produkt\/zamiana-enkodera\/\" \/>\n<meta property=\"og:site_name\" content=\"EMS Reparaturen + EMS Zubeh\u00f6r\" \/>\n<meta property=\"article:publisher\" content=\"https:\/\/www.facebook.com\/OnlineEMSTrainingShop\" \/>\n<meta property=\"article:modified_time\" content=\"2024-05-01T06:06:05+00:00\" \/>\n<meta property=\"og:image\" content=\"https:\/\/i0.wp.com\/online-ems-training.de\/wp-content\/uploads\/2022\/02\/Miha_defekt_2.jpg?fit=526%2C935&ssl=1\" \/>\n\t<meta property=\"og:image:width\" content=\"526\" \/>\n\t<meta property=\"og:image:height\" content=\"935\" \/>\n\t<meta property=\"og:image:type\" content=\"image\/jpeg\" \/>\n<meta name=\"twitter:card\" content=\"summary_large_image\" \/>\n<script type=\"application\/ld+json\" class=\"yoast-schema-graph\">{\"@context\":\"https:\\\/\\\/schema.org\",\"@graph\":[{\"@type\":\"WebPage\",\"@id\":\"https:\\\/\\\/online-ems-training.de\\\/pl\\\/produkt\\\/zamiana-enkodera\\\/\",\"url\":\"https:\\\/\\\/online-ems-training.de\\\/pl\\\/produkt\\\/zamiana-enkodera\\\/\",\"name\":\"1. pokr\u0119t\u0142o wymiany &#187; EMS Reparaturen + EMS Zubeh\u00f6r\",\"isPartOf\":{\"@id\":\"https:\\\/\\\/online-ems-training.de\\\/pl\\\/#website\"},\"primaryImageOfPage\":{\"@id\":\"https:\\\/\\\/online-ems-training.de\\\/pl\\\/produkt\\\/zamiana-enkodera\\\/#primaryimage\"},\"image\":{\"@id\":\"https:\\\/\\\/online-ems-training.de\\\/pl\\\/produkt\\\/zamiana-enkodera\\\/#primaryimage\"},\"thumbnailUrl\":\"https:\\\/\\\/online-ems-training.de\\\/wp-content\\\/uploads\\\/2022\\\/02\\\/Miha_defekt_2.jpg\",\"datePublished\":\"2022-05-02T17:30:24+00:00\",\"dateModified\":\"2024-05-01T06:06:05+00:00\",\"breadcrumb\":{\"@id\":\"https:\\\/\\\/online-ems-training.de\\\/pl\\\/produkt\\\/zamiana-enkodera\\\/#breadcrumb\"},\"inLanguage\":\"pl-PL\",\"potentialAction\":[{\"@type\":\"ReadAction\",\"target\":[\"https:\\\/\\\/online-ems-training.de\\\/pl\\\/produkt\\\/zamiana-enkodera\\\/\"]}]},{\"@type\":\"ImageObject\",\"inLanguage\":\"pl-PL\",\"@id\":\"https:\\\/\\\/online-ems-training.de\\\/pl\\\/produkt\\\/zamiana-enkodera\\\/#primaryimage\",\"url\":\"https:\\\/\\\/online-ems-training.de\\\/wp-content\\\/uploads\\\/2022\\\/02\\\/Miha_defekt_2.jpg\",\"contentUrl\":\"https:\\\/\\\/online-ems-training.de\\\/wp-content\\\/uploads\\\/2022\\\/02\\\/Miha_defekt_2.jpg\",\"width\":526,\"height\":935,\"caption\":\"Uszkodzony prze\u0142\u0105cznik obrotowy\"},{\"@type\":\"BreadcrumbList\",\"@id\":\"https:\\\/\\\/online-ems-training.de\\\/pl\\\/produkt\\\/zamiana-enkodera\\\/#breadcrumb\",\"itemListElement\":[{\"@type\":\"ListItem\",\"position\":1,\"name\":\"Startseite\",\"item\":\"https:\\\/\\\/online-ems-training.de\\\/pl\\\/\"},{\"@type\":\"ListItem\",\"position\":2,\"name\":\"1. pokr\u0119t\u0142o wymiany\"}]},{\"@type\":\"WebSite\",\"@id\":\"https:\\\/\\\/online-ems-training.de\\\/pl\\\/#website\",\"url\":\"https:\\\/\\\/online-ems-training.de\\\/pl\\\/\",\"name\":\"EMS Reparaturen + EMS Zubeh\u00f6r\",\"description\":\"Reparaturen und Service f\u00fcr EMS Ger\u00e4te und EMS Elektroden\",\"potentialAction\":[{\"@type\":\"SearchAction\",\"target\":{\"@type\":\"EntryPoint\",\"urlTemplate\":\"https:\\\/\\\/online-ems-training.de\\\/pl\\\/?s={search_term_string}\"},\"query-input\":{\"@type\":\"PropertyValueSpecification\",\"valueRequired\":true,\"valueName\":\"search_term_string\"}}],\"inLanguage\":\"pl-PL\"}]}<\/script>\n<!-- \/ Yoast SEO plugin. -->","yoast_head_json":{"title":"1. pokr\u0119t\u0142o wymiany &#187; EMS Reparaturen + EMS Zubeh\u00f6r","robots":{"index":"index","follow":"follow","max-snippet":"max-snippet:-1","max-image-preview":"max-image-preview:large","max-video-preview":"max-video-preview:-1"},"canonical":"https:\/\/online-ems-training.de\/pl\/produkt\/zamiana-enkodera\/","og_locale":"pl_PL","og_type":"article","og_title":"1. pokr\u0119t\u0142o wymiany &#187; EMS Reparaturen + EMS Zubeh\u00f6r","og_description":"Wymiana enkodera Symptomy:  Przeskakiwanie warto\u015bci wy\u015bwietlanych  Intensywno\u015b\u0107 skok\u00f3w Enkoder zostaje wymieniony na nowy. W przypadku wymiany dodatkowych koder\u00f3w zostanie udzielony odpowiedni rabat.","og_url":"https:\/\/online-ems-training.de\/pl\/produkt\/zamiana-enkodera\/","og_site_name":"EMS Reparaturen + EMS Zubeh\u00f6r","article_publisher":"https:\/\/www.facebook.com\/OnlineEMSTrainingShop","article_modified_time":"2024-05-01T06:06:05+00:00","og_image":[{"width":526,"height":935,"url":"https:\/\/i0.wp.com\/online-ems-training.de\/wp-content\/uploads\/2022\/02\/Miha_defekt_2.jpg?fit=526%2C935&ssl=1","type":"image\/jpeg"}],"twitter_card":"summary_large_image","schema":{"@context":"https:\/\/schema.org","@graph":[{"@type":"WebPage","@id":"https:\/\/online-ems-training.de\/pl\/produkt\/zamiana-enkodera\/","url":"https:\/\/online-ems-training.de\/pl\/produkt\/zamiana-enkodera\/","name":"1. pokr\u0119t\u0142o wymiany &#187; EMS Reparaturen + EMS Zubeh\u00f6r","isPartOf":{"@id":"https:\/\/online-ems-training.de\/pl\/#website"},"primaryImageOfPage":{"@id":"https:\/\/online-ems-training.de\/pl\/produkt\/zamiana-enkodera\/#primaryimage"},"image":{"@id":"https:\/\/online-ems-training.de\/pl\/produkt\/zamiana-enkodera\/#primaryimage"},"thumbnailUrl":"https:\/\/online-ems-training.de\/wp-content\/uploads\/2022\/02\/Miha_defekt_2.jpg","datePublished":"2022-05-02T17:30:24+00:00","dateModified":"2024-05-01T06:06:05+00:00","breadcrumb":{"@id":"https:\/\/online-ems-training.de\/pl\/produkt\/zamiana-enkodera\/#breadcrumb"},"inLanguage":"pl-PL","potentialAction":[{"@type":"ReadAction","target":["https:\/\/online-ems-training.de\/pl\/produkt\/zamiana-enkodera\/"]}]},{"@type":"ImageObject","inLanguage":"pl-PL","@id":"https:\/\/online-ems-training.de\/pl\/produkt\/zamiana-enkodera\/#primaryimage","url":"https:\/\/online-ems-training.de\/wp-content\/uploads\/2022\/02\/Miha_defekt_2.jpg","contentUrl":"https:\/\/online-ems-training.de\/wp-content\/uploads\/2022\/02\/Miha_defekt_2.jpg","width":526,"height":935,"caption":"Uszkodzony prze\u0142\u0105cznik obrotowy"},{"@type":"BreadcrumbList","@id":"https:\/\/online-ems-training.de\/pl\/produkt\/zamiana-enkodera\/#breadcrumb","itemListElement":[{"@type":"ListItem","position":1,"name":"Startseite","item":"https:\/\/online-ems-training.de\/pl\/"},{"@type":"ListItem","position":2,"name":"1. pokr\u0119t\u0142o wymiany"}]},{"@type":"WebSite","@id":"https:\/\/online-ems-training.de\/pl\/#website","url":"https:\/\/online-ems-training.de\/pl\/","name":"EMS Reparaturen + EMS Zubeh\u00f6r","description":"Reparaturen und Service f\u00fcr EMS Ger\u00e4te und EMS Elektroden","potentialAction":[{"@type":"SearchAction","target":{"@type":"EntryPoint","urlTemplate":"https:\/\/online-ems-training.de\/pl\/?s={search_term_string}"},"query-input":{"@type":"PropertyValueSpecification","valueRequired":true,"valueName":"search_term_string"}}],"inLanguage":"pl-PL"}]}},"_links":{"self":[{"href":"https:\/\/online-ems-training.de\/pl\/wp-json\/wp\/v2\/product\/2594","targetHints":{"allow":["GET"]}}],"collection":[{"href":"https:\/\/online-ems-training.de\/pl\/wp-json\/wp\/v2\/product"}],"about":[{"href":"https:\/\/online-ems-training.de\/pl\/wp-json\/wp\/v2\/types\/product"}],"wp:featuredmedia":[{"embeddable":true,"href":"https:\/\/online-ems-training.de\/pl\/wp-json\/wp\/v2\/media\/2124"}],"wp:attachment":[{"href":"https:\/\/online-ems-training.de\/pl\/wp-json\/wp\/v2\/media?parent=2594"}],"wp:term":[{"taxonomy":"product_brand","embeddable":true,"href":"https:\/\/online-ems-training.de\/pl\/wp-json\/wp\/v2\/product_brand?post=2594"},{"taxonomy":"product_cat","embeddable":true,"href":"https:\/\/online-ems-training.de\/pl\/wp-json\/wp\/v2\/product_cat?post=2594"},{"taxonomy":"product_tag","embeddable":true,"href":"https:\/\/online-ems-training.de\/pl\/wp-json\/wp\/v2\/product_tag?post=2594"}],"curies":[{"name":"wp","href":"https:\/\/api.w.org\/{rel}","templated":true}]}}