{"id":2595,"date":"2022-05-23T15:38:55","date_gmt":"2022-05-23T13:38:55","guid":{"rendered":"https:\/\/online-ems-training.de\/produkt\/dodatkowy-kabel-classic-mi-bo\/"},"modified":"2024-05-01T11:00:21","modified_gmt":"2024-05-01T09:00:21","slug":"kabel-dodatkowy-classic-mi-bo","status":"publish","type":"product","link":"https:\/\/online-ems-training.de\/pl\/produkt\/kabel-dodatkowy-classic-mi-bo\/","title":{"rendered":"Dodatkowy kabel Classic (Mi-Bo)"},"content":{"rendered":"<p>Dodatkowy kabel s\u0142u\u017cy do pod\u0142\u0105czenia kolejnej pary elektrod. Na przyk\u0142ad elektrody na \u0142ydki, elektrody na stopy lub elektrody na szyj\u0119.<\/p>\n<p>Po\u0142\u0105czenie z urz\u0105dzeniem odbywa si\u0119 za pomoc\u0105 kabla po\u0142\u0105czeniowego dla 10 kana\u0142\u00f3w. Pozwala to na zastosowanie \u0142\u0105cznie dw\u00f3ch dodatkowych par elektrod.<\/p>\n","protected":false},"excerpt":{"rendered":"<p>Dodatkowy kabel s\u0142u\u017cy do pod\u0142\u0105czenia kolejnej pary elektrod.<\/p>\n<p>&nbsp;<\/p>\n","protected":false},"featured_media":3105,"template":"","meta":[],"product_brand":[],"product_cat":[223],"product_tag":[],"class_list":{"0":"post-2595","1":"product","2":"type-product","3":"status-publish","4":"has-post-thumbnail","6":"product_cat-akcesoria","7":"product_shipping_class-dhl-paczka-2kg","9":"first","10":"onbackorder","11":"taxable","12":"shipping-taxable","13":"purchasable","14":"product-type-simple"},"yoast_head":"<!-- This site is optimized with the Yoast SEO plugin v27.4 - https:\/\/yoast.com\/product\/yoast-seo-wordpress\/ -->\n<title>Dodatkowy kabel Classic (Mi-Bo) &#187; EMS Reparaturen + EMS Zubeh\u00f6r<\/title>\n<meta name=\"description\" content=\"Wi\u0105zka przewod\u00f3w do urz\u0105dze\u0144 treningowych EMS i elektrod EMS. Kup uprz\u0105\u017c MAXSPEED do kamizelek i system\u00f3w uprz\u0119\u017cy EMS do stosowania na sprz\u0119cie EMS.\" \/>\n<meta name=\"robots\" content=\"index, follow, max-snippet:-1, max-image-preview:large, max-video-preview:-1\" \/>\n<link rel=\"canonical\" href=\"https:\/\/online-ems-training.de\/pl\/produkt\/kabel-dodatkowy-classic-mi-bo\/\" \/>\n<meta property=\"og:locale\" content=\"pl_PL\" \/>\n<meta property=\"og:type\" content=\"article\" \/>\n<meta property=\"og:title\" content=\"Dodatkowy kabel Classic (Mi-Bo) &#187; EMS Reparaturen + EMS Zubeh\u00f6r\" \/>\n<meta property=\"og:description\" content=\"Wi\u0105zka przewod\u00f3w do urz\u0105dze\u0144 treningowych EMS i elektrod EMS. Kup uprz\u0105\u017c MAXSPEED do kamizelek i system\u00f3w uprz\u0119\u017cy EMS do stosowania na sprz\u0119cie EMS.\" \/>\n<meta property=\"og:url\" content=\"https:\/\/online-ems-training.de\/pl\/produkt\/kabel-dodatkowy-classic-mi-bo\/\" \/>\n<meta property=\"og:site_name\" content=\"EMS Reparaturen + EMS Zubeh\u00f6r\" \/>\n<meta property=\"article:publisher\" content=\"https:\/\/www.facebook.com\/OnlineEMSTrainingShop\" \/>\n<meta property=\"article:modified_time\" content=\"2024-05-01T09:00:21+00:00\" \/>\n<meta property=\"og:image\" content=\"https:\/\/i0.wp.com\/online-ems-training.de\/wp-content\/uploads\/2023\/10\/Zusatzkabel_04.jpg?fit=1500%2C2000&ssl=1\" \/>\n\t<meta property=\"og:image:width\" content=\"1500\" \/>\n\t<meta property=\"og:image:height\" content=\"2000\" \/>\n\t<meta property=\"og:image:type\" content=\"image\/jpeg\" \/>\n<meta name=\"twitter:card\" content=\"summary_large_image\" \/>\n<script type=\"application\/ld+json\" class=\"yoast-schema-graph\">{\"@context\":\"https:\\\/\\\/schema.org\",\"@graph\":[{\"@type\":\"WebPage\",\"@id\":\"https:\\\/\\\/online-ems-training.de\\\/pl\\\/produkt\\\/kabel-dodatkowy-classic-mi-bo\\\/\",\"url\":\"https:\\\/\\\/online-ems-training.de\\\/pl\\\/produkt\\\/kabel-dodatkowy-classic-mi-bo\\\/\",\"name\":\"Dodatkowy kabel Classic (Mi-Bo) &#187; EMS Reparaturen + EMS Zubeh\u00f6r\",\"isPartOf\":{\"@id\":\"https:\\\/\\\/online-ems-training.de\\\/pl\\\/#website\"},\"primaryImageOfPage\":{\"@id\":\"https:\\\/\\\/online-ems-training.de\\\/pl\\\/produkt\\\/kabel-dodatkowy-classic-mi-bo\\\/#primaryimage\"},\"image\":{\"@id\":\"https:\\\/\\\/online-ems-training.de\\\/pl\\\/produkt\\\/kabel-dodatkowy-classic-mi-bo\\\/#primaryimage\"},\"thumbnailUrl\":\"https:\\\/\\\/online-ems-training.de\\\/wp-content\\\/uploads\\\/2023\\\/10\\\/Zusatzkabel_04.jpg\",\"datePublished\":\"2022-05-23T13:38:55+00:00\",\"dateModified\":\"2024-05-01T09:00:21+00:00\",\"description\":\"Wi\u0105zka przewod\u00f3w do urz\u0105dze\u0144 treningowych EMS i elektrod EMS. Kup uprz\u0105\u017c MAXSPEED do kamizelek i system\u00f3w uprz\u0119\u017cy EMS do stosowania na sprz\u0119cie EMS.\",\"breadcrumb\":{\"@id\":\"https:\\\/\\\/online-ems-training.de\\\/pl\\\/produkt\\\/kabel-dodatkowy-classic-mi-bo\\\/#breadcrumb\"},\"inLanguage\":\"pl-PL\",\"potentialAction\":[{\"@type\":\"ReadAction\",\"target\":[\"https:\\\/\\\/online-ems-training.de\\\/pl\\\/produkt\\\/kabel-dodatkowy-classic-mi-bo\\\/\"]}]},{\"@type\":\"ImageObject\",\"inLanguage\":\"pl-PL\",\"@id\":\"https:\\\/\\\/online-ems-training.de\\\/pl\\\/produkt\\\/kabel-dodatkowy-classic-mi-bo\\\/#primaryimage\",\"url\":\"https:\\\/\\\/online-ems-training.de\\\/wp-content\\\/uploads\\\/2023\\\/10\\\/Zusatzkabel_04.jpg\",\"contentUrl\":\"https:\\\/\\\/online-ems-training.de\\\/wp-content\\\/uploads\\\/2023\\\/10\\\/Zusatzkabel_04.jpg\",\"width\":1500,\"height\":2000,\"caption\":\"Kabel dla kana\u0142\u00f3w 09 i 10\"},{\"@type\":\"BreadcrumbList\",\"@id\":\"https:\\\/\\\/online-ems-training.de\\\/pl\\\/produkt\\\/kabel-dodatkowy-classic-mi-bo\\\/#breadcrumb\",\"itemListElement\":[{\"@type\":\"ListItem\",\"position\":1,\"name\":\"Startseite\",\"item\":\"https:\\\/\\\/online-ems-training.de\\\/pl\\\/\"},{\"@type\":\"ListItem\",\"position\":2,\"name\":\"Dodatkowy kabel Classic (Mi-Bo)\"}]},{\"@type\":\"WebSite\",\"@id\":\"https:\\\/\\\/online-ems-training.de\\\/pl\\\/#website\",\"url\":\"https:\\\/\\\/online-ems-training.de\\\/pl\\\/\",\"name\":\"EMS Reparaturen + EMS Zubeh\u00f6r\",\"description\":\"Reparaturen und Service f\u00fcr EMS Ger\u00e4te und EMS Elektroden\",\"potentialAction\":[{\"@type\":\"SearchAction\",\"target\":{\"@type\":\"EntryPoint\",\"urlTemplate\":\"https:\\\/\\\/online-ems-training.de\\\/pl\\\/?s={search_term_string}\"},\"query-input\":{\"@type\":\"PropertyValueSpecification\",\"valueRequired\":true,\"valueName\":\"search_term_string\"}}],\"inLanguage\":\"pl-PL\"}]}<\/script>\n<!-- \/ Yoast SEO plugin. -->","yoast_head_json":{"title":"Dodatkowy kabel Classic (Mi-Bo) &#187; EMS Reparaturen + EMS Zubeh\u00f6r","description":"Wi\u0105zka przewod\u00f3w do urz\u0105dze\u0144 treningowych EMS i elektrod EMS. Kup uprz\u0105\u017c MAXSPEED do kamizelek i system\u00f3w uprz\u0119\u017cy EMS do stosowania na sprz\u0119cie EMS.","robots":{"index":"index","follow":"follow","max-snippet":"max-snippet:-1","max-image-preview":"max-image-preview:large","max-video-preview":"max-video-preview:-1"},"canonical":"https:\/\/online-ems-training.de\/pl\/produkt\/kabel-dodatkowy-classic-mi-bo\/","og_locale":"pl_PL","og_type":"article","og_title":"Dodatkowy kabel Classic (Mi-Bo) &#187; EMS Reparaturen + EMS Zubeh\u00f6r","og_description":"Wi\u0105zka przewod\u00f3w do urz\u0105dze\u0144 treningowych EMS i elektrod EMS. Kup uprz\u0105\u017c MAXSPEED do kamizelek i system\u00f3w uprz\u0119\u017cy EMS do stosowania na sprz\u0119cie EMS.","og_url":"https:\/\/online-ems-training.de\/pl\/produkt\/kabel-dodatkowy-classic-mi-bo\/","og_site_name":"EMS Reparaturen + EMS Zubeh\u00f6r","article_publisher":"https:\/\/www.facebook.com\/OnlineEMSTrainingShop","article_modified_time":"2024-05-01T09:00:21+00:00","og_image":[{"width":1500,"height":2000,"url":"https:\/\/i0.wp.com\/online-ems-training.de\/wp-content\/uploads\/2023\/10\/Zusatzkabel_04.jpg?fit=1500%2C2000&ssl=1","type":"image\/jpeg"}],"twitter_card":"summary_large_image","schema":{"@context":"https:\/\/schema.org","@graph":[{"@type":"WebPage","@id":"https:\/\/online-ems-training.de\/pl\/produkt\/kabel-dodatkowy-classic-mi-bo\/","url":"https:\/\/online-ems-training.de\/pl\/produkt\/kabel-dodatkowy-classic-mi-bo\/","name":"Dodatkowy kabel Classic (Mi-Bo) &#187; EMS Reparaturen + EMS Zubeh\u00f6r","isPartOf":{"@id":"https:\/\/online-ems-training.de\/pl\/#website"},"primaryImageOfPage":{"@id":"https:\/\/online-ems-training.de\/pl\/produkt\/kabel-dodatkowy-classic-mi-bo\/#primaryimage"},"image":{"@id":"https:\/\/online-ems-training.de\/pl\/produkt\/kabel-dodatkowy-classic-mi-bo\/#primaryimage"},"thumbnailUrl":"https:\/\/online-ems-training.de\/wp-content\/uploads\/2023\/10\/Zusatzkabel_04.jpg","datePublished":"2022-05-23T13:38:55+00:00","dateModified":"2024-05-01T09:00:21+00:00","description":"Wi\u0105zka przewod\u00f3w do urz\u0105dze\u0144 treningowych EMS i elektrod EMS. Kup uprz\u0105\u017c MAXSPEED do kamizelek i system\u00f3w uprz\u0119\u017cy EMS do stosowania na sprz\u0119cie EMS.","breadcrumb":{"@id":"https:\/\/online-ems-training.de\/pl\/produkt\/kabel-dodatkowy-classic-mi-bo\/#breadcrumb"},"inLanguage":"pl-PL","potentialAction":[{"@type":"ReadAction","target":["https:\/\/online-ems-training.de\/pl\/produkt\/kabel-dodatkowy-classic-mi-bo\/"]}]},{"@type":"ImageObject","inLanguage":"pl-PL","@id":"https:\/\/online-ems-training.de\/pl\/produkt\/kabel-dodatkowy-classic-mi-bo\/#primaryimage","url":"https:\/\/online-ems-training.de\/wp-content\/uploads\/2023\/10\/Zusatzkabel_04.jpg","contentUrl":"https:\/\/online-ems-training.de\/wp-content\/uploads\/2023\/10\/Zusatzkabel_04.jpg","width":1500,"height":2000,"caption":"Kabel dla kana\u0142\u00f3w 09 i 10"},{"@type":"BreadcrumbList","@id":"https:\/\/online-ems-training.de\/pl\/produkt\/kabel-dodatkowy-classic-mi-bo\/#breadcrumb","itemListElement":[{"@type":"ListItem","position":1,"name":"Startseite","item":"https:\/\/online-ems-training.de\/pl\/"},{"@type":"ListItem","position":2,"name":"Dodatkowy kabel Classic (Mi-Bo)"}]},{"@type":"WebSite","@id":"https:\/\/online-ems-training.de\/pl\/#website","url":"https:\/\/online-ems-training.de\/pl\/","name":"EMS Reparaturen + EMS Zubeh\u00f6r","description":"Reparaturen und Service f\u00fcr EMS Ger\u00e4te und EMS Elektroden","potentialAction":[{"@type":"SearchAction","target":{"@type":"EntryPoint","urlTemplate":"https:\/\/online-ems-training.de\/pl\/?s={search_term_string}"},"query-input":{"@type":"PropertyValueSpecification","valueRequired":true,"valueName":"search_term_string"}}],"inLanguage":"pl-PL"}]}},"_links":{"self":[{"href":"https:\/\/online-ems-training.de\/pl\/wp-json\/wp\/v2\/product\/2595","targetHints":{"allow":["GET"]}}],"collection":[{"href":"https:\/\/online-ems-training.de\/pl\/wp-json\/wp\/v2\/product"}],"about":[{"href":"https:\/\/online-ems-training.de\/pl\/wp-json\/wp\/v2\/types\/product"}],"wp:featuredmedia":[{"embeddable":true,"href":"https:\/\/online-ems-training.de\/pl\/wp-json\/wp\/v2\/media\/3105"}],"wp:attachment":[{"href":"https:\/\/online-ems-training.de\/pl\/wp-json\/wp\/v2\/media?parent=2595"}],"wp:term":[{"taxonomy":"product_brand","embeddable":true,"href":"https:\/\/online-ems-training.de\/pl\/wp-json\/wp\/v2\/product_brand?post=2595"},{"taxonomy":"product_cat","embeddable":true,"href":"https:\/\/online-ems-training.de\/pl\/wp-json\/wp\/v2\/product_cat?post=2595"},{"taxonomy":"product_tag","embeddable":true,"href":"https:\/\/online-ems-training.de\/pl\/wp-json\/wp\/v2\/product_tag?post=2595"}],"curies":[{"name":"wp","href":"https:\/\/api.w.org\/{rel}","templated":true}]}}