{"id":2601,"date":"2022-05-23T17:04:34","date_gmt":"2022-05-23T15:04:34","guid":{"rendered":"https:\/\/online-ems-training.de\/produkt\/elektrody-szyjne-ems-classic-mi-bo\/"},"modified":"2024-04-30T23:22:39","modified_gmt":"2024-04-30T21:22:39","slug":"ems-neck-electrodes-classic-mi-bo","status":"publish","type":"product","link":"https:\/\/online-ems-training.de\/pl\/produkt\/ems-neck-electrodes-classic-mi-bo\/","title":{"rendered":"Elektrody szyjne EMS Classic (Mi-Bo)"},"content":{"rendered":"<p>Elektrody szyjne mog\u0105 by\u0107 u\u017cywane razem z 10-kana\u0142ow\u0105 uprz\u0119\u017c\u0105 kablow\u0105 i 10-kana\u0142owym urz\u0105dzeniem EMS do dodatkowej stymulacji mi\u0119\u015bni szyi. W tym celu wystarczy zacisn\u0105\u0107 elektrody pod kamizelk\u0105 elektrodow\u0105 i ustawi\u0107 je w ten spos\u00f3b. Wymiary to 9&#215;12 cm.<\/p>\n","protected":false},"excerpt":{"rendered":"<p>Elektrody szyjne o wymiarach 12x9xm<\/p>\n","protected":false},"featured_media":2184,"template":"","meta":[],"product_brand":[],"product_cat":[222],"product_tag":[217,182,252],"class_list":{"0":"post-2601","1":"product","2":"type-product","3":"status-publish","4":"has-post-thumbnail","6":"product_cat-elektrody-ems","7":"product_tag-elektrody-ems","8":"product_tag-ems-pl","9":"product_tag-podkladki-ems","10":"product_shipping_class-dhl-paczka-2kg","12":"first","13":"instock","14":"taxable","15":"shipping-taxable","16":"purchasable","17":"product-type-simple"},"yoast_head":"<!-- This site is optimized with the Yoast SEO plugin v27.4 - https:\/\/yoast.com\/product\/yoast-seo-wordpress\/ -->\n<title>Elektrody szyjne EMS Classic (Mi-Bo) &#187; EMS Reparaturen + EMS Zubeh\u00f6r %<\/title>\n<meta name=\"description\" content=\"Elektrody szyjne EMS o wymiarach 12x9xm\" \/>\n<meta name=\"robots\" content=\"index, follow, max-snippet:-1, max-image-preview:large, max-video-preview:-1\" \/>\n<link rel=\"canonical\" href=\"https:\/\/online-ems-training.de\/pl\/produkt\/ems-neck-electrodes-classic-mi-bo\/\" \/>\n<meta property=\"og:locale\" content=\"pl_PL\" \/>\n<meta property=\"og:type\" content=\"article\" \/>\n<meta property=\"og:title\" content=\"Elektrody szyjne EMS Classic (Mi-Bo) &#187; EMS Reparaturen + EMS Zubeh\u00f6r %\" \/>\n<meta property=\"og:description\" content=\"Elektrody szyjne EMS o wymiarach 12x9xm\" \/>\n<meta property=\"og:url\" content=\"https:\/\/online-ems-training.de\/pl\/produkt\/ems-neck-electrodes-classic-mi-bo\/\" \/>\n<meta property=\"og:site_name\" content=\"EMS Reparaturen + EMS Zubeh\u00f6r\" \/>\n<meta property=\"article:publisher\" content=\"https:\/\/www.facebook.com\/OnlineEMSTrainingShop\" \/>\n<meta property=\"article:modified_time\" content=\"2024-04-30T21:22:39+00:00\" \/>\n<meta property=\"og:image\" content=\"https:\/\/i0.wp.com\/online-ems-training.de\/wp-content\/uploads\/2022\/05\/Nackenpads.png?fit=972%2C935&ssl=1\" \/>\n\t<meta property=\"og:image:width\" content=\"972\" \/>\n\t<meta property=\"og:image:height\" content=\"935\" \/>\n\t<meta property=\"og:image:type\" content=\"image\/png\" \/>\n<meta name=\"twitter:card\" content=\"summary_large_image\" \/>\n<script type=\"application\/ld+json\" class=\"yoast-schema-graph\">{\"@context\":\"https:\\\/\\\/schema.org\",\"@graph\":[{\"@type\":\"WebPage\",\"@id\":\"https:\\\/\\\/online-ems-training.de\\\/pl\\\/produkt\\\/ems-neck-electrodes-classic-mi-bo\\\/\",\"url\":\"https:\\\/\\\/online-ems-training.de\\\/pl\\\/produkt\\\/ems-neck-electrodes-classic-mi-bo\\\/\",\"name\":\"Elektrody szyjne EMS Classic (Mi-Bo) &#187; EMS Reparaturen + EMS Zubeh\u00f6r %\",\"isPartOf\":{\"@id\":\"https:\\\/\\\/online-ems-training.de\\\/pl\\\/#website\"},\"primaryImageOfPage\":{\"@id\":\"https:\\\/\\\/online-ems-training.de\\\/pl\\\/produkt\\\/ems-neck-electrodes-classic-mi-bo\\\/#primaryimage\"},\"image\":{\"@id\":\"https:\\\/\\\/online-ems-training.de\\\/pl\\\/produkt\\\/ems-neck-electrodes-classic-mi-bo\\\/#primaryimage\"},\"thumbnailUrl\":\"https:\\\/\\\/online-ems-training.de\\\/wp-content\\\/uploads\\\/2022\\\/05\\\/Nackenpads.png\",\"datePublished\":\"2022-05-23T15:04:34+00:00\",\"dateModified\":\"2024-04-30T21:22:39+00:00\",\"description\":\"Elektrody szyjne EMS o wymiarach 12x9xm\",\"breadcrumb\":{\"@id\":\"https:\\\/\\\/online-ems-training.de\\\/pl\\\/produkt\\\/ems-neck-electrodes-classic-mi-bo\\\/#breadcrumb\"},\"inLanguage\":\"pl-PL\",\"potentialAction\":[{\"@type\":\"ReadAction\",\"target\":[\"https:\\\/\\\/online-ems-training.de\\\/pl\\\/produkt\\\/ems-neck-electrodes-classic-mi-bo\\\/\"]}]},{\"@type\":\"ImageObject\",\"inLanguage\":\"pl-PL\",\"@id\":\"https:\\\/\\\/online-ems-training.de\\\/pl\\\/produkt\\\/ems-neck-electrodes-classic-mi-bo\\\/#primaryimage\",\"url\":\"https:\\\/\\\/online-ems-training.de\\\/wp-content\\\/uploads\\\/2022\\\/05\\\/Nackenpads.png\",\"contentUrl\":\"https:\\\/\\\/online-ems-training.de\\\/wp-content\\\/uploads\\\/2022\\\/05\\\/Nackenpads.png\",\"width\":972,\"height\":935,\"caption\":\"Podk\u0142adki na szyj\u0119 EMS\"},{\"@type\":\"BreadcrumbList\",\"@id\":\"https:\\\/\\\/online-ems-training.de\\\/pl\\\/produkt\\\/ems-neck-electrodes-classic-mi-bo\\\/#breadcrumb\",\"itemListElement\":[{\"@type\":\"ListItem\",\"position\":1,\"name\":\"Startseite\",\"item\":\"https:\\\/\\\/online-ems-training.de\\\/pl\\\/\"},{\"@type\":\"ListItem\",\"position\":2,\"name\":\"Elektrody szyjne EMS Classic (Mi-Bo)\"}]},{\"@type\":\"WebSite\",\"@id\":\"https:\\\/\\\/online-ems-training.de\\\/pl\\\/#website\",\"url\":\"https:\\\/\\\/online-ems-training.de\\\/pl\\\/\",\"name\":\"EMS Reparaturen + EMS Zubeh\u00f6r\",\"description\":\"Reparaturen und Service f\u00fcr EMS Ger\u00e4te und EMS Elektroden\",\"potentialAction\":[{\"@type\":\"SearchAction\",\"target\":{\"@type\":\"EntryPoint\",\"urlTemplate\":\"https:\\\/\\\/online-ems-training.de\\\/pl\\\/?s={search_term_string}\"},\"query-input\":{\"@type\":\"PropertyValueSpecification\",\"valueRequired\":true,\"valueName\":\"search_term_string\"}}],\"inLanguage\":\"pl-PL\"}]}<\/script>\n<!-- \/ Yoast SEO plugin. -->","yoast_head_json":{"title":"Elektrody szyjne EMS Classic (Mi-Bo) &#187; EMS Reparaturen + EMS Zubeh\u00f6r %","description":"Elektrody szyjne EMS o wymiarach 12x9xm","robots":{"index":"index","follow":"follow","max-snippet":"max-snippet:-1","max-image-preview":"max-image-preview:large","max-video-preview":"max-video-preview:-1"},"canonical":"https:\/\/online-ems-training.de\/pl\/produkt\/ems-neck-electrodes-classic-mi-bo\/","og_locale":"pl_PL","og_type":"article","og_title":"Elektrody szyjne EMS Classic (Mi-Bo) &#187; EMS Reparaturen + EMS Zubeh\u00f6r %","og_description":"Elektrody szyjne EMS o wymiarach 12x9xm","og_url":"https:\/\/online-ems-training.de\/pl\/produkt\/ems-neck-electrodes-classic-mi-bo\/","og_site_name":"EMS Reparaturen + EMS Zubeh\u00f6r","article_publisher":"https:\/\/www.facebook.com\/OnlineEMSTrainingShop","article_modified_time":"2024-04-30T21:22:39+00:00","og_image":[{"width":972,"height":935,"url":"https:\/\/i0.wp.com\/online-ems-training.de\/wp-content\/uploads\/2022\/05\/Nackenpads.png?fit=972%2C935&ssl=1","type":"image\/png"}],"twitter_card":"summary_large_image","schema":{"@context":"https:\/\/schema.org","@graph":[{"@type":"WebPage","@id":"https:\/\/online-ems-training.de\/pl\/produkt\/ems-neck-electrodes-classic-mi-bo\/","url":"https:\/\/online-ems-training.de\/pl\/produkt\/ems-neck-electrodes-classic-mi-bo\/","name":"Elektrody szyjne EMS Classic (Mi-Bo) &#187; EMS Reparaturen + EMS Zubeh\u00f6r %","isPartOf":{"@id":"https:\/\/online-ems-training.de\/pl\/#website"},"primaryImageOfPage":{"@id":"https:\/\/online-ems-training.de\/pl\/produkt\/ems-neck-electrodes-classic-mi-bo\/#primaryimage"},"image":{"@id":"https:\/\/online-ems-training.de\/pl\/produkt\/ems-neck-electrodes-classic-mi-bo\/#primaryimage"},"thumbnailUrl":"https:\/\/online-ems-training.de\/wp-content\/uploads\/2022\/05\/Nackenpads.png","datePublished":"2022-05-23T15:04:34+00:00","dateModified":"2024-04-30T21:22:39+00:00","description":"Elektrody szyjne EMS o wymiarach 12x9xm","breadcrumb":{"@id":"https:\/\/online-ems-training.de\/pl\/produkt\/ems-neck-electrodes-classic-mi-bo\/#breadcrumb"},"inLanguage":"pl-PL","potentialAction":[{"@type":"ReadAction","target":["https:\/\/online-ems-training.de\/pl\/produkt\/ems-neck-electrodes-classic-mi-bo\/"]}]},{"@type":"ImageObject","inLanguage":"pl-PL","@id":"https:\/\/online-ems-training.de\/pl\/produkt\/ems-neck-electrodes-classic-mi-bo\/#primaryimage","url":"https:\/\/online-ems-training.de\/wp-content\/uploads\/2022\/05\/Nackenpads.png","contentUrl":"https:\/\/online-ems-training.de\/wp-content\/uploads\/2022\/05\/Nackenpads.png","width":972,"height":935,"caption":"Podk\u0142adki na szyj\u0119 EMS"},{"@type":"BreadcrumbList","@id":"https:\/\/online-ems-training.de\/pl\/produkt\/ems-neck-electrodes-classic-mi-bo\/#breadcrumb","itemListElement":[{"@type":"ListItem","position":1,"name":"Startseite","item":"https:\/\/online-ems-training.de\/pl\/"},{"@type":"ListItem","position":2,"name":"Elektrody szyjne EMS Classic (Mi-Bo)"}]},{"@type":"WebSite","@id":"https:\/\/online-ems-training.de\/pl\/#website","url":"https:\/\/online-ems-training.de\/pl\/","name":"EMS Reparaturen + EMS Zubeh\u00f6r","description":"Reparaturen und Service f\u00fcr EMS Ger\u00e4te und EMS Elektroden","potentialAction":[{"@type":"SearchAction","target":{"@type":"EntryPoint","urlTemplate":"https:\/\/online-ems-training.de\/pl\/?s={search_term_string}"},"query-input":{"@type":"PropertyValueSpecification","valueRequired":true,"valueName":"search_term_string"}}],"inLanguage":"pl-PL"}]}},"_links":{"self":[{"href":"https:\/\/online-ems-training.de\/pl\/wp-json\/wp\/v2\/product\/2601","targetHints":{"allow":["GET"]}}],"collection":[{"href":"https:\/\/online-ems-training.de\/pl\/wp-json\/wp\/v2\/product"}],"about":[{"href":"https:\/\/online-ems-training.de\/pl\/wp-json\/wp\/v2\/types\/product"}],"wp:featuredmedia":[{"embeddable":true,"href":"https:\/\/online-ems-training.de\/pl\/wp-json\/wp\/v2\/media\/2184"}],"wp:attachment":[{"href":"https:\/\/online-ems-training.de\/pl\/wp-json\/wp\/v2\/media?parent=2601"}],"wp:term":[{"taxonomy":"product_brand","embeddable":true,"href":"https:\/\/online-ems-training.de\/pl\/wp-json\/wp\/v2\/product_brand?post=2601"},{"taxonomy":"product_cat","embeddable":true,"href":"https:\/\/online-ems-training.de\/pl\/wp-json\/wp\/v2\/product_cat?post=2601"},{"taxonomy":"product_tag","embeddable":true,"href":"https:\/\/online-ems-training.de\/pl\/wp-json\/wp\/v2\/product_tag?post=2601"}],"curies":[{"name":"wp","href":"https:\/\/api.w.org\/{rel}","templated":true}]}}