{"id":2602,"date":"2022-05-02T20:40:58","date_gmt":"2022-05-02T18:40:58","guid":{"rendered":"https:\/\/online-ems-training.de\/produkt\/kontrola-bezpieczenstwa-dla-urzadzen-ems\/"},"modified":"2024-05-01T08:05:40","modified_gmt":"2024-05-01T06:05:40","slug":"bezpieczenstwo-techniczne-kontrola-dla-urzadzen-emisyjnych","status":"publish","type":"product","link":"https:\/\/online-ems-training.de\/pl\/produkt\/bezpieczenstwo-techniczne-kontrola-dla-urzadzen-emisyjnych\/","title":{"rendered":"Kontrola bezpiecze\u0144stwa dla urz\u0105dze\u0144 EMS"},"content":{"rendered":"<p>Wraz z wprowadzeniem NiSV i MPBetreibV, urz\u0105dzenia EMS podlegaj\u0105 r\u00f3\u017cnym regulacjom. Zgodnie z Og\u00f3lnymi wymaganiami dotycz\u0105cymi eksploatacji z NiSV nale\u017cy przeprowadza\u0107 przegl\u0105dy i konserwacj\u0119. Odbywa si\u0119 to w ramach kontroli bezpiecze\u0144stwa (STK). Je\u015bli producent nie okre\u015bla cz\u0119stotliwo\u015bci przegl\u0105d\u00f3w, nale\u017cy przeprowadzi\u0107 przegl\u0105d najp\u00f3\u017aniej co 2 lata.<\/p>\n<p>Czas trwania kontroli maksymalnie 1 tydzie\u0144.<\/p>\n","protected":false},"excerpt":{"rendered":"<p>Techniczna kontrola bezpiecze\u0144stwa (STK) dla urz\u0105dze\u0144 EMS<\/p>\n","protected":false},"featured_media":2178,"template":"","meta":[],"product_brand":[],"product_cat":[254],"product_tag":[],"class_list":{"0":"post-2602","1":"product","2":"type-product","3":"status-publish","4":"has-post-thumbnail","6":"product_cat-serwis-i-naprawy","7":"product_shipping_class-dhl-paczka-10kg","9":"first","10":"instock","11":"taxable","12":"shipping-taxable","13":"purchasable","14":"product-type-simple"},"yoast_head":"<!-- This site is optimized with the Yoast SEO plugin v27.4 - https:\/\/yoast.com\/product\/yoast-seo-wordpress\/ -->\n<title>Kontrola bezpiecze\u0144stwa dla urz\u0105dze\u0144 EMS &#187; EMS Reparaturen + EMS Zubeh\u00f6r<\/title>\n<meta name=\"robots\" content=\"index, follow, max-snippet:-1, max-image-preview:large, max-video-preview:-1\" \/>\n<link rel=\"canonical\" href=\"https:\/\/online-ems-training.de\/pl\/produkt\/bezpieczenstwo-techniczne-kontrola-dla-urzadzen-emisyjnych\/\" \/>\n<meta property=\"og:locale\" content=\"pl_PL\" \/>\n<meta property=\"og:type\" content=\"article\" \/>\n<meta property=\"og:title\" content=\"Kontrola bezpiecze\u0144stwa dla urz\u0105dze\u0144 EMS &#187; EMS Reparaturen + EMS Zubeh\u00f6r\" \/>\n<meta property=\"og:description\" content=\"Techniczna kontrola bezpiecze\u0144stwa (STK) dla urz\u0105dze\u0144 EMS\" \/>\n<meta property=\"og:url\" content=\"https:\/\/online-ems-training.de\/pl\/produkt\/bezpieczenstwo-techniczne-kontrola-dla-urzadzen-emisyjnych\/\" \/>\n<meta property=\"og:site_name\" content=\"EMS Reparaturen + EMS Zubeh\u00f6r\" \/>\n<meta property=\"article:publisher\" content=\"https:\/\/www.facebook.com\/OnlineEMSTrainingShop\" \/>\n<meta property=\"article:modified_time\" content=\"2024-05-01T06:05:40+00:00\" \/>\n<meta property=\"og:image\" content=\"https:\/\/i0.wp.com\/online-ems-training.de\/wp-content\/uploads\/2022\/05\/STK.png?fit=604%2C476&ssl=1\" \/>\n\t<meta property=\"og:image:width\" content=\"604\" \/>\n\t<meta property=\"og:image:height\" content=\"476\" \/>\n\t<meta property=\"og:image:type\" content=\"image\/png\" \/>\n<meta name=\"twitter:card\" content=\"summary_large_image\" \/>\n<script type=\"application\/ld+json\" class=\"yoast-schema-graph\">{\"@context\":\"https:\\\/\\\/schema.org\",\"@graph\":[{\"@type\":\"WebPage\",\"@id\":\"https:\\\/\\\/online-ems-training.de\\\/pl\\\/produkt\\\/bezpieczenstwo-techniczne-kontrola-dla-urzadzen-emisyjnych\\\/\",\"url\":\"https:\\\/\\\/online-ems-training.de\\\/pl\\\/produkt\\\/bezpieczenstwo-techniczne-kontrola-dla-urzadzen-emisyjnych\\\/\",\"name\":\"Kontrola bezpiecze\u0144stwa dla urz\u0105dze\u0144 EMS &#187; EMS Reparaturen + EMS Zubeh\u00f6r\",\"isPartOf\":{\"@id\":\"https:\\\/\\\/online-ems-training.de\\\/pl\\\/#website\"},\"primaryImageOfPage\":{\"@id\":\"https:\\\/\\\/online-ems-training.de\\\/pl\\\/produkt\\\/bezpieczenstwo-techniczne-kontrola-dla-urzadzen-emisyjnych\\\/#primaryimage\"},\"image\":{\"@id\":\"https:\\\/\\\/online-ems-training.de\\\/pl\\\/produkt\\\/bezpieczenstwo-techniczne-kontrola-dla-urzadzen-emisyjnych\\\/#primaryimage\"},\"thumbnailUrl\":\"https:\\\/\\\/online-ems-training.de\\\/wp-content\\\/uploads\\\/2022\\\/05\\\/STK.png\",\"datePublished\":\"2022-05-02T18:40:58+00:00\",\"dateModified\":\"2024-05-01T06:05:40+00:00\",\"breadcrumb\":{\"@id\":\"https:\\\/\\\/online-ems-training.de\\\/pl\\\/produkt\\\/bezpieczenstwo-techniczne-kontrola-dla-urzadzen-emisyjnych\\\/#breadcrumb\"},\"inLanguage\":\"pl-PL\",\"potentialAction\":[{\"@type\":\"ReadAction\",\"target\":[\"https:\\\/\\\/online-ems-training.de\\\/pl\\\/produkt\\\/bezpieczenstwo-techniczne-kontrola-dla-urzadzen-emisyjnych\\\/\"]}]},{\"@type\":\"ImageObject\",\"inLanguage\":\"pl-PL\",\"@id\":\"https:\\\/\\\/online-ems-training.de\\\/pl\\\/produkt\\\/bezpieczenstwo-techniczne-kontrola-dla-urzadzen-emisyjnych\\\/#primaryimage\",\"url\":\"https:\\\/\\\/online-ems-training.de\\\/wp-content\\\/uploads\\\/2022\\\/05\\\/STK.png\",\"contentUrl\":\"https:\\\/\\\/online-ems-training.de\\\/wp-content\\\/uploads\\\/2022\\\/05\\\/STK.png\",\"width\":604,\"height\":476,\"caption\":\"Odznaka STK\"},{\"@type\":\"BreadcrumbList\",\"@id\":\"https:\\\/\\\/online-ems-training.de\\\/pl\\\/produkt\\\/bezpieczenstwo-techniczne-kontrola-dla-urzadzen-emisyjnych\\\/#breadcrumb\",\"itemListElement\":[{\"@type\":\"ListItem\",\"position\":1,\"name\":\"Startseite\",\"item\":\"https:\\\/\\\/online-ems-training.de\\\/pl\\\/\"},{\"@type\":\"ListItem\",\"position\":2,\"name\":\"Kontrola bezpiecze\u0144stwa dla urz\u0105dze\u0144 EMS\"}]},{\"@type\":\"WebSite\",\"@id\":\"https:\\\/\\\/online-ems-training.de\\\/pl\\\/#website\",\"url\":\"https:\\\/\\\/online-ems-training.de\\\/pl\\\/\",\"name\":\"EMS Reparaturen + EMS Zubeh\u00f6r\",\"description\":\"Reparaturen und Service f\u00fcr EMS Ger\u00e4te und EMS Elektroden\",\"potentialAction\":[{\"@type\":\"SearchAction\",\"target\":{\"@type\":\"EntryPoint\",\"urlTemplate\":\"https:\\\/\\\/online-ems-training.de\\\/pl\\\/?s={search_term_string}\"},\"query-input\":{\"@type\":\"PropertyValueSpecification\",\"valueRequired\":true,\"valueName\":\"search_term_string\"}}],\"inLanguage\":\"pl-PL\"}]}<\/script>\n<!-- \/ Yoast SEO plugin. -->","yoast_head_json":{"title":"Kontrola bezpiecze\u0144stwa dla urz\u0105dze\u0144 EMS &#187; EMS Reparaturen + EMS Zubeh\u00f6r","robots":{"index":"index","follow":"follow","max-snippet":"max-snippet:-1","max-image-preview":"max-image-preview:large","max-video-preview":"max-video-preview:-1"},"canonical":"https:\/\/online-ems-training.de\/pl\/produkt\/bezpieczenstwo-techniczne-kontrola-dla-urzadzen-emisyjnych\/","og_locale":"pl_PL","og_type":"article","og_title":"Kontrola bezpiecze\u0144stwa dla urz\u0105dze\u0144 EMS &#187; EMS Reparaturen + EMS Zubeh\u00f6r","og_description":"Techniczna kontrola bezpiecze\u0144stwa (STK) dla urz\u0105dze\u0144 EMS","og_url":"https:\/\/online-ems-training.de\/pl\/produkt\/bezpieczenstwo-techniczne-kontrola-dla-urzadzen-emisyjnych\/","og_site_name":"EMS Reparaturen + EMS Zubeh\u00f6r","article_publisher":"https:\/\/www.facebook.com\/OnlineEMSTrainingShop","article_modified_time":"2024-05-01T06:05:40+00:00","og_image":[{"width":604,"height":476,"url":"https:\/\/i0.wp.com\/online-ems-training.de\/wp-content\/uploads\/2022\/05\/STK.png?fit=604%2C476&ssl=1","type":"image\/png"}],"twitter_card":"summary_large_image","schema":{"@context":"https:\/\/schema.org","@graph":[{"@type":"WebPage","@id":"https:\/\/online-ems-training.de\/pl\/produkt\/bezpieczenstwo-techniczne-kontrola-dla-urzadzen-emisyjnych\/","url":"https:\/\/online-ems-training.de\/pl\/produkt\/bezpieczenstwo-techniczne-kontrola-dla-urzadzen-emisyjnych\/","name":"Kontrola bezpiecze\u0144stwa dla urz\u0105dze\u0144 EMS &#187; EMS Reparaturen + EMS Zubeh\u00f6r","isPartOf":{"@id":"https:\/\/online-ems-training.de\/pl\/#website"},"primaryImageOfPage":{"@id":"https:\/\/online-ems-training.de\/pl\/produkt\/bezpieczenstwo-techniczne-kontrola-dla-urzadzen-emisyjnych\/#primaryimage"},"image":{"@id":"https:\/\/online-ems-training.de\/pl\/produkt\/bezpieczenstwo-techniczne-kontrola-dla-urzadzen-emisyjnych\/#primaryimage"},"thumbnailUrl":"https:\/\/online-ems-training.de\/wp-content\/uploads\/2022\/05\/STK.png","datePublished":"2022-05-02T18:40:58+00:00","dateModified":"2024-05-01T06:05:40+00:00","breadcrumb":{"@id":"https:\/\/online-ems-training.de\/pl\/produkt\/bezpieczenstwo-techniczne-kontrola-dla-urzadzen-emisyjnych\/#breadcrumb"},"inLanguage":"pl-PL","potentialAction":[{"@type":"ReadAction","target":["https:\/\/online-ems-training.de\/pl\/produkt\/bezpieczenstwo-techniczne-kontrola-dla-urzadzen-emisyjnych\/"]}]},{"@type":"ImageObject","inLanguage":"pl-PL","@id":"https:\/\/online-ems-training.de\/pl\/produkt\/bezpieczenstwo-techniczne-kontrola-dla-urzadzen-emisyjnych\/#primaryimage","url":"https:\/\/online-ems-training.de\/wp-content\/uploads\/2022\/05\/STK.png","contentUrl":"https:\/\/online-ems-training.de\/wp-content\/uploads\/2022\/05\/STK.png","width":604,"height":476,"caption":"Odznaka STK"},{"@type":"BreadcrumbList","@id":"https:\/\/online-ems-training.de\/pl\/produkt\/bezpieczenstwo-techniczne-kontrola-dla-urzadzen-emisyjnych\/#breadcrumb","itemListElement":[{"@type":"ListItem","position":1,"name":"Startseite","item":"https:\/\/online-ems-training.de\/pl\/"},{"@type":"ListItem","position":2,"name":"Kontrola bezpiecze\u0144stwa dla urz\u0105dze\u0144 EMS"}]},{"@type":"WebSite","@id":"https:\/\/online-ems-training.de\/pl\/#website","url":"https:\/\/online-ems-training.de\/pl\/","name":"EMS Reparaturen + EMS Zubeh\u00f6r","description":"Reparaturen und Service f\u00fcr EMS Ger\u00e4te und EMS Elektroden","potentialAction":[{"@type":"SearchAction","target":{"@type":"EntryPoint","urlTemplate":"https:\/\/online-ems-training.de\/pl\/?s={search_term_string}"},"query-input":{"@type":"PropertyValueSpecification","valueRequired":true,"valueName":"search_term_string"}}],"inLanguage":"pl-PL"}]}},"_links":{"self":[{"href":"https:\/\/online-ems-training.de\/pl\/wp-json\/wp\/v2\/product\/2602","targetHints":{"allow":["GET"]}}],"collection":[{"href":"https:\/\/online-ems-training.de\/pl\/wp-json\/wp\/v2\/product"}],"about":[{"href":"https:\/\/online-ems-training.de\/pl\/wp-json\/wp\/v2\/types\/product"}],"wp:featuredmedia":[{"embeddable":true,"href":"https:\/\/online-ems-training.de\/pl\/wp-json\/wp\/v2\/media\/2178"}],"wp:attachment":[{"href":"https:\/\/online-ems-training.de\/pl\/wp-json\/wp\/v2\/media?parent=2602"}],"wp:term":[{"taxonomy":"product_brand","embeddable":true,"href":"https:\/\/online-ems-training.de\/pl\/wp-json\/wp\/v2\/product_brand?post=2602"},{"taxonomy":"product_cat","embeddable":true,"href":"https:\/\/online-ems-training.de\/pl\/wp-json\/wp\/v2\/product_cat?post=2602"},{"taxonomy":"product_tag","embeddable":true,"href":"https:\/\/online-ems-training.de\/pl\/wp-json\/wp\/v2\/product_tag?post=2602"}],"curies":[{"name":"wp","href":"https:\/\/api.w.org\/{rel}","templated":true}]}}