{"id":2611,"date":"2022-08-18T15:01:16","date_gmt":"2022-08-18T13:01:16","guid":{"rendered":"https:\/\/online-ems-training.de\/produkt\/ems-electrodes-8-channel-electrode-pants\/"},"modified":"2024-04-30T23:22:14","modified_gmt":"2024-04-30T21:22:14","slug":"ems-electrodes-8-channel-electrode-pants","status":"publish","type":"product","link":"https:\/\/online-ems-training.de\/pl\/produkt\/ems-electrodes-8-channel-electrode-pants\/","title":{"rendered":"EMS Electrodes 8 Channel Electrode Pants"},"content":{"rendered":"<p>8-kana\u0142owe spodnie elektrodowe charakteryzuj\u0105 si\u0119 doskona\u0142ym dopasowaniem. Doskonale nadaje si\u0119 do aktywnego i dynamicznego treningu. Pary elektrod s\u0105 utworzone odpowiednio dla po\u015bladk\u00f3w i n\u00f3g. Para n\u00f3g jest ponownie podzielona na elektrod\u0119 przedni\u0105 i tyln\u0105. Spodnie z elektrodami mog\u0105 by\u0107 pod\u0142\u0105czone do uprz\u0119\u017cy MAXSPEED z cz\u0119\u015bciow\u0105 uprz\u0119\u017c\u0105 lub bezpo\u015brednio do uprz\u0119\u017cy, gdy s\u0105 u\u017cywane razem z elektrodami innych firm.<\/p>\n<p>8-kana\u0142owe spodnie elektrodowe sk\u0142adaj\u0105 si\u0119 ze stabilnego materia\u0142u no\u015bnego, trwa\u0142ych zapi\u0119\u0107 klasy przemys\u0142owej, wysoce ch\u0142onnych zbiornik\u00f3w wodnych i doskona\u0142ych elektrod.<\/p>\n<p>Elektrody mo\u017cna \u0142atwo i skutecznie czy\u015bci\u0107 w pralce z u\u017cyciem \u0142agodnego detergentu.<\/p>\n<p>Prosimy o zmierzenie podanych wymiar\u00f3w w celu doboru elektrod, a nast\u0119pnie okre\u015blenie w\u0142a\u015bciwego rozmiaru.<\/p>\n","protected":false},"excerpt":{"rendered":"<p>Spodnie elektrodowe do profesjonalnego treningu EMS. System 8-kana\u0142owy jest odpowiedni dla MAXSPEED 8 i por\u00f3wnywalnych urz\u0105dze\u0144 EMS.<\/p>\n","protected":false},"featured_media":2196,"template":"","meta":[],"product_brand":[],"product_cat":[222],"product_tag":[217,182,241,216],"class_list":{"0":"post-2611","1":"product","2":"type-product","3":"status-publish","4":"has-post-thumbnail","6":"product_cat-elektrody-ems","7":"product_tag-elektrody-ems","8":"product_tag-ems-pl","9":"product_tag-kamizelka-ems","10":"product_tag-zestaw-elektrod","11":"product_shipping_class-dhl-paczka-2kg","13":"first","14":"instock","15":"featured","16":"taxable","17":"shipping-taxable","18":"purchasable","19":"product-type-variable"},"yoast_head":"<!-- This site is optimized with the Yoast SEO plugin v27.4 - https:\/\/yoast.com\/product\/yoast-seo-wordpress\/ -->\n<title>EMS Electrodes 8 Channel Electrode Pants &#187; EMS zestaw kamizelek MAXSPEED<\/title>\n<meta name=\"description\" content=\"Zam\u00f3w oryginalne elektrody MAXSPEED do treningu EMS w sklepie internetowym tutaj. Szybka dostawa i bezpieczna p\u0142atno\u015b\u0107.\" \/>\n<meta name=\"robots\" content=\"index, follow, max-snippet:-1, max-image-preview:large, max-video-preview:-1\" \/>\n<link rel=\"canonical\" href=\"https:\/\/online-ems-training.de\/pl\/produkt\/ems-electrodes-8-channel-electrode-pants\/\" \/>\n<meta property=\"og:locale\" content=\"pl_PL\" \/>\n<meta property=\"og:type\" content=\"article\" \/>\n<meta property=\"og:title\" content=\"EMS Electrodes 8 Channel Electrode Pants &#187; EMS zestaw kamizelek MAXSPEED\" \/>\n<meta property=\"og:description\" content=\"Zam\u00f3w oryginalne elektrody MAXSPEED do treningu EMS w sklepie internetowym tutaj. Szybka dostawa i bezpieczna p\u0142atno\u015b\u0107.\" \/>\n<meta property=\"og:url\" content=\"https:\/\/online-ems-training.de\/pl\/produkt\/ems-electrodes-8-channel-electrode-pants\/\" \/>\n<meta property=\"og:site_name\" content=\"EMS Reparaturen + EMS Zubeh\u00f6r\" \/>\n<meta property=\"article:publisher\" content=\"https:\/\/www.facebook.com\/OnlineEMSTrainingShop\" \/>\n<meta property=\"article:modified_time\" content=\"2024-04-30T21:22:14+00:00\" \/>\n<meta property=\"og:image\" content=\"https:\/\/i0.wp.com\/online-ems-training.de\/wp-content\/uploads\/2022\/08\/Elektrodenhose-1.png?fit=600%2C400&ssl=1\" \/>\n\t<meta property=\"og:image:width\" content=\"600\" \/>\n\t<meta property=\"og:image:height\" content=\"400\" \/>\n\t<meta property=\"og:image:type\" content=\"image\/png\" \/>\n<meta name=\"twitter:card\" content=\"summary_large_image\" \/>\n<meta name=\"twitter:label1\" content=\"Szacowany czas czytania\" \/>\n\t<meta name=\"twitter:data1\" content=\"1 minuta\" \/>\n<script type=\"application\/ld+json\" class=\"yoast-schema-graph\">{\"@context\":\"https:\\\/\\\/schema.org\",\"@graph\":[{\"@type\":\"WebPage\",\"@id\":\"https:\\\/\\\/online-ems-training.de\\\/pl\\\/produkt\\\/ems-electrodes-8-channel-electrode-pants\\\/\",\"url\":\"https:\\\/\\\/online-ems-training.de\\\/pl\\\/produkt\\\/ems-electrodes-8-channel-electrode-pants\\\/\",\"name\":\"EMS Electrodes 8 Channel Electrode Pants &#187; EMS zestaw kamizelek MAXSPEED\",\"isPartOf\":{\"@id\":\"https:\\\/\\\/online-ems-training.de\\\/pl\\\/#website\"},\"primaryImageOfPage\":{\"@id\":\"https:\\\/\\\/online-ems-training.de\\\/pl\\\/produkt\\\/ems-electrodes-8-channel-electrode-pants\\\/#primaryimage\"},\"image\":{\"@id\":\"https:\\\/\\\/online-ems-training.de\\\/pl\\\/produkt\\\/ems-electrodes-8-channel-electrode-pants\\\/#primaryimage\"},\"thumbnailUrl\":\"https:\\\/\\\/online-ems-training.de\\\/wp-content\\\/uploads\\\/2022\\\/08\\\/Elektrodenhose-1.png\",\"datePublished\":\"2022-08-18T13:01:16+00:00\",\"dateModified\":\"2024-04-30T21:22:14+00:00\",\"description\":\"Zam\u00f3w oryginalne elektrody MAXSPEED do treningu EMS w sklepie internetowym tutaj. Szybka dostawa i bezpieczna p\u0142atno\u015b\u0107.\",\"breadcrumb\":{\"@id\":\"https:\\\/\\\/online-ems-training.de\\\/pl\\\/produkt\\\/ems-electrodes-8-channel-electrode-pants\\\/#breadcrumb\"},\"inLanguage\":\"pl-PL\",\"potentialAction\":[{\"@type\":\"ReadAction\",\"target\":[\"https:\\\/\\\/online-ems-training.de\\\/pl\\\/produkt\\\/ems-electrodes-8-channel-electrode-pants\\\/\"]}]},{\"@type\":\"ImageObject\",\"inLanguage\":\"pl-PL\",\"@id\":\"https:\\\/\\\/online-ems-training.de\\\/pl\\\/produkt\\\/ems-electrodes-8-channel-electrode-pants\\\/#primaryimage\",\"url\":\"https:\\\/\\\/online-ems-training.de\\\/wp-content\\\/uploads\\\/2022\\\/08\\\/Elektrodenhose-1.png\",\"contentUrl\":\"https:\\\/\\\/online-ems-training.de\\\/wp-content\\\/uploads\\\/2022\\\/08\\\/Elektrodenhose-1.png\",\"width\":600,\"height\":400,\"caption\":\"Spodnie z elektrod\u0105\"},{\"@type\":\"BreadcrumbList\",\"@id\":\"https:\\\/\\\/online-ems-training.de\\\/pl\\\/produkt\\\/ems-electrodes-8-channel-electrode-pants\\\/#breadcrumb\",\"itemListElement\":[{\"@type\":\"ListItem\",\"position\":1,\"name\":\"Startseite\",\"item\":\"https:\\\/\\\/online-ems-training.de\\\/pl\\\/\"},{\"@type\":\"ListItem\",\"position\":2,\"name\":\"EMS Electrodes 8 Channel Electrode Pants\"}]},{\"@type\":\"WebSite\",\"@id\":\"https:\\\/\\\/online-ems-training.de\\\/pl\\\/#website\",\"url\":\"https:\\\/\\\/online-ems-training.de\\\/pl\\\/\",\"name\":\"EMS Reparaturen + EMS Zubeh\u00f6r\",\"description\":\"Reparaturen und Service f\u00fcr EMS Ger\u00e4te und EMS Elektroden\",\"potentialAction\":[{\"@type\":\"SearchAction\",\"target\":{\"@type\":\"EntryPoint\",\"urlTemplate\":\"https:\\\/\\\/online-ems-training.de\\\/pl\\\/?s={search_term_string}\"},\"query-input\":{\"@type\":\"PropertyValueSpecification\",\"valueRequired\":true,\"valueName\":\"search_term_string\"}}],\"inLanguage\":\"pl-PL\"}]}<\/script>\n<!-- \/ Yoast SEO plugin. -->","yoast_head_json":{"title":"EMS Electrodes 8 Channel Electrode Pants &#187; EMS zestaw kamizelek MAXSPEED","description":"Zam\u00f3w oryginalne elektrody MAXSPEED do treningu EMS w sklepie internetowym tutaj. Szybka dostawa i bezpieczna p\u0142atno\u015b\u0107.","robots":{"index":"index","follow":"follow","max-snippet":"max-snippet:-1","max-image-preview":"max-image-preview:large","max-video-preview":"max-video-preview:-1"},"canonical":"https:\/\/online-ems-training.de\/pl\/produkt\/ems-electrodes-8-channel-electrode-pants\/","og_locale":"pl_PL","og_type":"article","og_title":"EMS Electrodes 8 Channel Electrode Pants &#187; EMS zestaw kamizelek MAXSPEED","og_description":"Zam\u00f3w oryginalne elektrody MAXSPEED do treningu EMS w sklepie internetowym tutaj. Szybka dostawa i bezpieczna p\u0142atno\u015b\u0107.","og_url":"https:\/\/online-ems-training.de\/pl\/produkt\/ems-electrodes-8-channel-electrode-pants\/","og_site_name":"EMS Reparaturen + EMS Zubeh\u00f6r","article_publisher":"https:\/\/www.facebook.com\/OnlineEMSTrainingShop","article_modified_time":"2024-04-30T21:22:14+00:00","og_image":[{"width":600,"height":400,"url":"https:\/\/i0.wp.com\/online-ems-training.de\/wp-content\/uploads\/2022\/08\/Elektrodenhose-1.png?fit=600%2C400&ssl=1","type":"image\/png"}],"twitter_card":"summary_large_image","twitter_misc":{"Szacowany czas czytania":"1 minuta"},"schema":{"@context":"https:\/\/schema.org","@graph":[{"@type":"WebPage","@id":"https:\/\/online-ems-training.de\/pl\/produkt\/ems-electrodes-8-channel-electrode-pants\/","url":"https:\/\/online-ems-training.de\/pl\/produkt\/ems-electrodes-8-channel-electrode-pants\/","name":"EMS Electrodes 8 Channel Electrode Pants &#187; EMS zestaw kamizelek MAXSPEED","isPartOf":{"@id":"https:\/\/online-ems-training.de\/pl\/#website"},"primaryImageOfPage":{"@id":"https:\/\/online-ems-training.de\/pl\/produkt\/ems-electrodes-8-channel-electrode-pants\/#primaryimage"},"image":{"@id":"https:\/\/online-ems-training.de\/pl\/produkt\/ems-electrodes-8-channel-electrode-pants\/#primaryimage"},"thumbnailUrl":"https:\/\/online-ems-training.de\/wp-content\/uploads\/2022\/08\/Elektrodenhose-1.png","datePublished":"2022-08-18T13:01:16+00:00","dateModified":"2024-04-30T21:22:14+00:00","description":"Zam\u00f3w oryginalne elektrody MAXSPEED do treningu EMS w sklepie internetowym tutaj. Szybka dostawa i bezpieczna p\u0142atno\u015b\u0107.","breadcrumb":{"@id":"https:\/\/online-ems-training.de\/pl\/produkt\/ems-electrodes-8-channel-electrode-pants\/#breadcrumb"},"inLanguage":"pl-PL","potentialAction":[{"@type":"ReadAction","target":["https:\/\/online-ems-training.de\/pl\/produkt\/ems-electrodes-8-channel-electrode-pants\/"]}]},{"@type":"ImageObject","inLanguage":"pl-PL","@id":"https:\/\/online-ems-training.de\/pl\/produkt\/ems-electrodes-8-channel-electrode-pants\/#primaryimage","url":"https:\/\/online-ems-training.de\/wp-content\/uploads\/2022\/08\/Elektrodenhose-1.png","contentUrl":"https:\/\/online-ems-training.de\/wp-content\/uploads\/2022\/08\/Elektrodenhose-1.png","width":600,"height":400,"caption":"Spodnie z elektrod\u0105"},{"@type":"BreadcrumbList","@id":"https:\/\/online-ems-training.de\/pl\/produkt\/ems-electrodes-8-channel-electrode-pants\/#breadcrumb","itemListElement":[{"@type":"ListItem","position":1,"name":"Startseite","item":"https:\/\/online-ems-training.de\/pl\/"},{"@type":"ListItem","position":2,"name":"EMS Electrodes 8 Channel Electrode Pants"}]},{"@type":"WebSite","@id":"https:\/\/online-ems-training.de\/pl\/#website","url":"https:\/\/online-ems-training.de\/pl\/","name":"EMS Reparaturen + EMS Zubeh\u00f6r","description":"Reparaturen und Service f\u00fcr EMS Ger\u00e4te und EMS Elektroden","potentialAction":[{"@type":"SearchAction","target":{"@type":"EntryPoint","urlTemplate":"https:\/\/online-ems-training.de\/pl\/?s={search_term_string}"},"query-input":{"@type":"PropertyValueSpecification","valueRequired":true,"valueName":"search_term_string"}}],"inLanguage":"pl-PL"}]}},"_links":{"self":[{"href":"https:\/\/online-ems-training.de\/pl\/wp-json\/wp\/v2\/product\/2611","targetHints":{"allow":["GET"]}}],"collection":[{"href":"https:\/\/online-ems-training.de\/pl\/wp-json\/wp\/v2\/product"}],"about":[{"href":"https:\/\/online-ems-training.de\/pl\/wp-json\/wp\/v2\/types\/product"}],"wp:featuredmedia":[{"embeddable":true,"href":"https:\/\/online-ems-training.de\/pl\/wp-json\/wp\/v2\/media\/2196"}],"wp:attachment":[{"href":"https:\/\/online-ems-training.de\/pl\/wp-json\/wp\/v2\/media?parent=2611"}],"wp:term":[{"taxonomy":"product_brand","embeddable":true,"href":"https:\/\/online-ems-training.de\/pl\/wp-json\/wp\/v2\/product_brand?post=2611"},{"taxonomy":"product_cat","embeddable":true,"href":"https:\/\/online-ems-training.de\/pl\/wp-json\/wp\/v2\/product_cat?post=2611"},{"taxonomy":"product_tag","embeddable":true,"href":"https:\/\/online-ems-training.de\/pl\/wp-json\/wp\/v2\/product_tag?post=2611"}],"curies":[{"name":"wp","href":"https:\/\/api.w.org\/{rel}","templated":true}]}}