{"id":3122,"date":"2023-10-02T17:28:16","date_gmt":"2023-10-02T15:28:16","guid":{"rendered":"https:\/\/online-ems-training.de\/produkt\/kabel-magnetyczny-mi-bo\/"},"modified":"2024-04-30T23:23:53","modified_gmt":"2024-04-30T21:23:53","slug":"kabel-magnetyczny-mi-bo","status":"publish","type":"product","link":"https:\/\/online-ems-training.de\/pl\/produkt\/kabel-magnetyczny-mi-bo\/","title":{"rendered":"Para kabli magnetycznych (Mi-Bo)"},"content":{"rendered":"<p>Zestaw kabli magnetycznych s\u0142u\u017cy do pod\u0142\u0105czania elektrod ramion, n\u00f3g lub poelektrod.<\/p>\n","protected":false},"excerpt":{"rendered":"<p>Zestaw kabli tworzy po\u0142\u0105czenie mi\u0119dzy magnetycznymi punktami po\u0142\u0105czeniowymi na kamizelce elektrody a przyciskami na elektrodach ramienia, elektrodach n\u00f3g i poelektrodach.<\/p>\n","protected":false},"featured_media":3117,"template":"","meta":[],"product_brand":[],"product_cat":[223],"product_tag":[449,448],"class_list":{"0":"post-3122","1":"product","2":"type-product","3":"status-publish","4":"has-post-thumbnail","6":"product_cat-akcesoria","7":"product_tag-i-kabel-korpusu","8":"product_tag-kabel-magnetyczny","9":"product_shipping_class-dhl-paczka-2kg","11":"first","12":"instock","13":"taxable","14":"shipping-taxable","15":"purchasable","16":"product-type-variable"},"yoast_head":"<!-- This site is optimized with the Yoast SEO plugin v27.4 - https:\/\/yoast.com\/product\/yoast-seo-wordpress\/ -->\n<title>Para kabli magnetycznych (Mi-Bo) &#187; EMS Reparaturen + EMS Zubeh\u00f6r<\/title>\n<meta name=\"robots\" content=\"index, follow, max-snippet:-1, max-image-preview:large, max-video-preview:-1\" \/>\n<link rel=\"canonical\" href=\"https:\/\/online-ems-training.de\/pl\/produkt\/kabel-magnetyczny-mi-bo\/\" \/>\n<meta property=\"og:locale\" content=\"pl_PL\" \/>\n<meta property=\"og:type\" content=\"article\" \/>\n<meta property=\"og:title\" content=\"Para kabli magnetycznych (Mi-Bo) &#187; EMS Reparaturen + EMS Zubeh\u00f6r\" \/>\n<meta property=\"og:description\" content=\"Zestaw kabli tworzy po\u0142\u0105czenie mi\u0119dzy magnetycznymi punktami po\u0142\u0105czeniowymi na kamizelce elektrody a przyciskami na elektrodach ramienia, elektrodach n\u00f3g i poelektrodach.\" \/>\n<meta property=\"og:url\" content=\"https:\/\/online-ems-training.de\/pl\/produkt\/kabel-magnetyczny-mi-bo\/\" \/>\n<meta property=\"og:site_name\" content=\"EMS Reparaturen + EMS Zubeh\u00f6r\" \/>\n<meta property=\"article:publisher\" content=\"https:\/\/www.facebook.com\/OnlineEMSTrainingShop\" \/>\n<meta property=\"article:modified_time\" content=\"2024-04-30T21:23:53+00:00\" \/>\n<meta property=\"og:image\" content=\"https:\/\/i0.wp.com\/online-ems-training.de\/wp-content\/uploads\/2023\/10\/Magnet_cable_03.jpg?fit=2000%2C1500&ssl=1\" \/>\n\t<meta property=\"og:image:width\" content=\"2000\" \/>\n\t<meta property=\"og:image:height\" content=\"1500\" \/>\n\t<meta property=\"og:image:type\" content=\"image\/jpeg\" \/>\n<meta name=\"twitter:card\" content=\"summary_large_image\" \/>\n<script type=\"application\/ld+json\" class=\"yoast-schema-graph\">{\"@context\":\"https:\\\/\\\/schema.org\",\"@graph\":[{\"@type\":\"WebPage\",\"@id\":\"https:\\\/\\\/online-ems-training.de\\\/pl\\\/produkt\\\/kabel-magnetyczny-mi-bo\\\/\",\"url\":\"https:\\\/\\\/online-ems-training.de\\\/pl\\\/produkt\\\/kabel-magnetyczny-mi-bo\\\/\",\"name\":\"Para kabli magnetycznych (Mi-Bo) &#187; EMS Reparaturen + EMS Zubeh\u00f6r\",\"isPartOf\":{\"@id\":\"https:\\\/\\\/online-ems-training.de\\\/pl\\\/#website\"},\"primaryImageOfPage\":{\"@id\":\"https:\\\/\\\/online-ems-training.de\\\/pl\\\/produkt\\\/kabel-magnetyczny-mi-bo\\\/#primaryimage\"},\"image\":{\"@id\":\"https:\\\/\\\/online-ems-training.de\\\/pl\\\/produkt\\\/kabel-magnetyczny-mi-bo\\\/#primaryimage\"},\"thumbnailUrl\":\"https:\\\/\\\/online-ems-training.de\\\/wp-content\\\/uploads\\\/2023\\\/10\\\/Magnet_cable_03.jpg\",\"datePublished\":\"2023-10-02T15:28:16+00:00\",\"dateModified\":\"2024-04-30T21:23:53+00:00\",\"breadcrumb\":{\"@id\":\"https:\\\/\\\/online-ems-training.de\\\/pl\\\/produkt\\\/kabel-magnetyczny-mi-bo\\\/#breadcrumb\"},\"inLanguage\":\"pl-PL\",\"potentialAction\":[{\"@type\":\"ReadAction\",\"target\":[\"https:\\\/\\\/online-ems-training.de\\\/pl\\\/produkt\\\/kabel-magnetyczny-mi-bo\\\/\"]}]},{\"@type\":\"ImageObject\",\"inLanguage\":\"pl-PL\",\"@id\":\"https:\\\/\\\/online-ems-training.de\\\/pl\\\/produkt\\\/kabel-magnetyczny-mi-bo\\\/#primaryimage\",\"url\":\"https:\\\/\\\/online-ems-training.de\\\/wp-content\\\/uploads\\\/2023\\\/10\\\/Magnet_cable_03.jpg\",\"contentUrl\":\"https:\\\/\\\/online-ems-training.de\\\/wp-content\\\/uploads\\\/2023\\\/10\\\/Magnet_cable_03.jpg\",\"width\":2000,\"height\":1500,\"caption\":\"Kabel magnetyczny z etykiet\u0105\"},{\"@type\":\"BreadcrumbList\",\"@id\":\"https:\\\/\\\/online-ems-training.de\\\/pl\\\/produkt\\\/kabel-magnetyczny-mi-bo\\\/#breadcrumb\",\"itemListElement\":[{\"@type\":\"ListItem\",\"position\":1,\"name\":\"Startseite\",\"item\":\"https:\\\/\\\/online-ems-training.de\\\/pl\\\/\"},{\"@type\":\"ListItem\",\"position\":2,\"name\":\"Para kabli magnetycznych (Mi-Bo)\"}]},{\"@type\":\"WebSite\",\"@id\":\"https:\\\/\\\/online-ems-training.de\\\/pl\\\/#website\",\"url\":\"https:\\\/\\\/online-ems-training.de\\\/pl\\\/\",\"name\":\"EMS Reparaturen + EMS Zubeh\u00f6r\",\"description\":\"Reparaturen und Service f\u00fcr EMS Ger\u00e4te und EMS Elektroden\",\"potentialAction\":[{\"@type\":\"SearchAction\",\"target\":{\"@type\":\"EntryPoint\",\"urlTemplate\":\"https:\\\/\\\/online-ems-training.de\\\/pl\\\/?s={search_term_string}\"},\"query-input\":{\"@type\":\"PropertyValueSpecification\",\"valueRequired\":true,\"valueName\":\"search_term_string\"}}],\"inLanguage\":\"pl-PL\"}]}<\/script>\n<!-- \/ Yoast SEO plugin. -->","yoast_head_json":{"title":"Para kabli magnetycznych (Mi-Bo) &#187; EMS Reparaturen + EMS Zubeh\u00f6r","robots":{"index":"index","follow":"follow","max-snippet":"max-snippet:-1","max-image-preview":"max-image-preview:large","max-video-preview":"max-video-preview:-1"},"canonical":"https:\/\/online-ems-training.de\/pl\/produkt\/kabel-magnetyczny-mi-bo\/","og_locale":"pl_PL","og_type":"article","og_title":"Para kabli magnetycznych (Mi-Bo) &#187; EMS Reparaturen + EMS Zubeh\u00f6r","og_description":"Zestaw kabli tworzy po\u0142\u0105czenie mi\u0119dzy magnetycznymi punktami po\u0142\u0105czeniowymi na kamizelce elektrody a przyciskami na elektrodach ramienia, elektrodach n\u00f3g i poelektrodach.","og_url":"https:\/\/online-ems-training.de\/pl\/produkt\/kabel-magnetyczny-mi-bo\/","og_site_name":"EMS Reparaturen + EMS Zubeh\u00f6r","article_publisher":"https:\/\/www.facebook.com\/OnlineEMSTrainingShop","article_modified_time":"2024-04-30T21:23:53+00:00","og_image":[{"width":2000,"height":1500,"url":"https:\/\/i0.wp.com\/online-ems-training.de\/wp-content\/uploads\/2023\/10\/Magnet_cable_03.jpg?fit=2000%2C1500&ssl=1","type":"image\/jpeg"}],"twitter_card":"summary_large_image","schema":{"@context":"https:\/\/schema.org","@graph":[{"@type":"WebPage","@id":"https:\/\/online-ems-training.de\/pl\/produkt\/kabel-magnetyczny-mi-bo\/","url":"https:\/\/online-ems-training.de\/pl\/produkt\/kabel-magnetyczny-mi-bo\/","name":"Para kabli magnetycznych (Mi-Bo) &#187; EMS Reparaturen + EMS Zubeh\u00f6r","isPartOf":{"@id":"https:\/\/online-ems-training.de\/pl\/#website"},"primaryImageOfPage":{"@id":"https:\/\/online-ems-training.de\/pl\/produkt\/kabel-magnetyczny-mi-bo\/#primaryimage"},"image":{"@id":"https:\/\/online-ems-training.de\/pl\/produkt\/kabel-magnetyczny-mi-bo\/#primaryimage"},"thumbnailUrl":"https:\/\/online-ems-training.de\/wp-content\/uploads\/2023\/10\/Magnet_cable_03.jpg","datePublished":"2023-10-02T15:28:16+00:00","dateModified":"2024-04-30T21:23:53+00:00","breadcrumb":{"@id":"https:\/\/online-ems-training.de\/pl\/produkt\/kabel-magnetyczny-mi-bo\/#breadcrumb"},"inLanguage":"pl-PL","potentialAction":[{"@type":"ReadAction","target":["https:\/\/online-ems-training.de\/pl\/produkt\/kabel-magnetyczny-mi-bo\/"]}]},{"@type":"ImageObject","inLanguage":"pl-PL","@id":"https:\/\/online-ems-training.de\/pl\/produkt\/kabel-magnetyczny-mi-bo\/#primaryimage","url":"https:\/\/online-ems-training.de\/wp-content\/uploads\/2023\/10\/Magnet_cable_03.jpg","contentUrl":"https:\/\/online-ems-training.de\/wp-content\/uploads\/2023\/10\/Magnet_cable_03.jpg","width":2000,"height":1500,"caption":"Kabel magnetyczny z etykiet\u0105"},{"@type":"BreadcrumbList","@id":"https:\/\/online-ems-training.de\/pl\/produkt\/kabel-magnetyczny-mi-bo\/#breadcrumb","itemListElement":[{"@type":"ListItem","position":1,"name":"Startseite","item":"https:\/\/online-ems-training.de\/pl\/"},{"@type":"ListItem","position":2,"name":"Para kabli magnetycznych (Mi-Bo)"}]},{"@type":"WebSite","@id":"https:\/\/online-ems-training.de\/pl\/#website","url":"https:\/\/online-ems-training.de\/pl\/","name":"EMS Reparaturen + EMS Zubeh\u00f6r","description":"Reparaturen und Service f\u00fcr EMS Ger\u00e4te und EMS Elektroden","potentialAction":[{"@type":"SearchAction","target":{"@type":"EntryPoint","urlTemplate":"https:\/\/online-ems-training.de\/pl\/?s={search_term_string}"},"query-input":{"@type":"PropertyValueSpecification","valueRequired":true,"valueName":"search_term_string"}}],"inLanguage":"pl-PL"}]}},"_links":{"self":[{"href":"https:\/\/online-ems-training.de\/pl\/wp-json\/wp\/v2\/product\/3122","targetHints":{"allow":["GET"]}}],"collection":[{"href":"https:\/\/online-ems-training.de\/pl\/wp-json\/wp\/v2\/product"}],"about":[{"href":"https:\/\/online-ems-training.de\/pl\/wp-json\/wp\/v2\/types\/product"}],"wp:featuredmedia":[{"embeddable":true,"href":"https:\/\/online-ems-training.de\/pl\/wp-json\/wp\/v2\/media\/3117"}],"wp:attachment":[{"href":"https:\/\/online-ems-training.de\/pl\/wp-json\/wp\/v2\/media?parent=3122"}],"wp:term":[{"taxonomy":"product_brand","embeddable":true,"href":"https:\/\/online-ems-training.de\/pl\/wp-json\/wp\/v2\/product_brand?post=3122"},{"taxonomy":"product_cat","embeddable":true,"href":"https:\/\/online-ems-training.de\/pl\/wp-json\/wp\/v2\/product_cat?post=3122"},{"taxonomy":"product_tag","embeddable":true,"href":"https:\/\/online-ems-training.de\/pl\/wp-json\/wp\/v2\/product_tag?post=3122"}],"curies":[{"name":"wp","href":"https:\/\/api.w.org\/{rel}","templated":true}]}}