{"id":3644,"date":"2025-03-31T13:52:25","date_gmt":"2025-03-31T11:52:25","guid":{"rendered":"https:\/\/online-ems-training.de\/produkt\/urzadzenie-treningowe-roton-star-ems\/"},"modified":"2025-03-31T13:52:25","modified_gmt":"2025-03-31T11:52:25","slug":"urzadzenie-treningowe-roton-star-ems","status":"publish","type":"product","link":"https:\/\/online-ems-training.de\/pl\/produkt\/urzadzenie-treningowe-roton-star-ems\/","title":{"rendered":"Urz\u0105dzenie treningowe ROTON STAR EMS"},"content":{"rendered":"<p>Trena\u017cer domowy ROTON Star EMS umo\u017cliwia <strong>trening EMS w jako\u015bci studyjnej<\/strong> w domu. To najlepsze urz\u0105dzenie jest teraz dost\u0119pne w jednorazowej cenie <g id=\"gid_1\">899,00<\/g> \u20ac zamiast regularnej ceny 1 859,00 \u20ac! <\/p>\n<p>&nbsp;<\/p>\n<ul>\n<li>Osi\u0105gnij <strong>si\u0142\u0119, sprawno\u015b\u0107 i szczup\u0142\u0105<\/strong> sylwetk\u0119 z domu!<\/li>\n<\/ul>\n<ul>\n<li>Tylko 3 razy w tygodniu  <strong>15 min. treningu <\/strong>  prowadz\u0105 do sukcesu!<\/li>\n<\/ul>\n<ul>\n<li>Profesjonalna technologia dla <strong>profesjonalnych rezultat\u00f3w<\/strong><\/li>\n<\/ul>\n<ul>\n<li><strong>\u0141atwa obs\u0142uga<\/strong> i <strong>profesjonalne instrukcje \u0107wicze\u0144<\/strong> w zestawie!<\/li>\n<\/ul>\n<p>&nbsp;<\/p>\n<p>Nawet w starej cenie ROTON Star by\u0142 urz\u0105dzeniem treningowym EMS o <strong>najlepszym stosunku ceny do wydajno\u015bci<\/strong> &#8211; ta ograniczona czasowo oferta daje teraz szans\u0119 na uzyskanie <strong>okazji, kt\u00f3ra nigdy si\u0119 nie powt\u00f3rzy!<\/strong><\/p>\n<p>&nbsp;<\/p>\n<p>Kompletny <strong>pakiet ROTON Star dla pocz\u0105tkuj\u0105cych i zaawansowanych u\u017cytkownik\u00f3w<\/strong> zawiera rower treningowy Star EMS, zestaw elektrod EMS wraz z kamizelk\u0105 i kablem po\u0142\u0105czeniowym. Razem pakiet zapewnia profesjonaln\u0105 jako\u015b\u0107 treningu EMS, niezale\u017cnie od tego, czy jeste\u015b mobilny, podr\u00f3\u017cujesz, czy jeste\u015b w domu.  <\/p>\n<p>Dzi\u0119ki r\u00f3\u017cnym parom elektrod mo\u017cna trenowa\u0107 wszystkie g\u0142\u00f3wne grupy mi\u0119\u015bni w ukierunkowany spos\u00f3b, nawet do g\u0142\u0119bszych warstw. Wystarczy zwil\u017cy\u0107 elektrody, za\u0142o\u017cy\u0107 kamizelk\u0119 i rozpocz\u0105\u0107 trening. <\/p>\n<p>&nbsp;<\/p>\n<p>Trena\u017cer ROTON Star EMS wraz z zestawem elektrod ROTON EMS umo\u017cliwia wysoce efektywny i oszcz\u0119dzaj\u0105cy czas trening <strong>w zaledwie 15 minut<\/strong> dla wszystkich entuzjast\u00f3w EMS w domu.<\/p>\n<div>\n<h3 class=\"cch3black\"><\/h3>\n<h3 class=\"cch3black\">TW\u00d3J IDEALNY ROZMIAR<\/h3>\n<div>\n<p>&nbsp;<\/p>\n<p>Kompletny zestaw elektrod, sk\u0142adaj\u0105cy si\u0119 z kamizelki, elektrod na rami\u0119, nog\u0119 i po\u015bladek, zosta\u0142 opracowany dla urz\u0105dze\u0144 ROTON EMS. Kompletny zestaw jest dost\u0119pny w r\u00f3\u017cnych rozmiarach, dzi\u0119ki czemu ka\u017cda posta\u0107 mo\u017ce znale\u017a\u0107 odpowiednie elektrody. Do zestawu do\u0142\u0105czona jest wi\u0105zka przewod\u00f3w.  <\/p>\n<\/div>\n<\/div>\n","protected":false},"excerpt":{"rendered":"<p>Domowy trena\u017cer EMS ROTON Star zapewnia studyjn\u0105 jako\u015b\u0107 treningu EMS w domu. Wystarczy w\u0142\u0105czy\u0107 ROTON Star, za\u0142o\u017cy\u0107 zestaw elektrod EMS i kamizelk\u0119 ROTON Star i rozpocz\u0105\u0107 trening. Proste za\u0142o\u017cenie i zwil\u017cenie elektrod minimalizuje czas przygotowania do treningu EMS. ROTON Star umo\u017cliwia wysoce efektywny i oszcz\u0119dzaj\u0105cy czas trening w zaledwie 15 minut &#8211; w dowolnym miejscu.   <\/p>\n","protected":false},"featured_media":3265,"template":"","meta":[],"product_brand":[],"product_cat":[180],"product_tag":[182,198,216],"class_list":{"0":"post-3644","1":"product","2":"type-product","3":"status-publish","4":"has-post-thumbnail","6":"product_cat-urzadzenia-do-szkolenia-ems","7":"product_tag-ems-pl","8":"product_tag-urzadzenie-ems-pl","9":"product_tag-zestaw-elektrod","11":"first","12":"instock","13":"taxable","14":"shipping-taxable","15":"purchasable","16":"product-type-variable"},"yoast_head":"<!-- This site is optimized with the Yoast SEO plugin v27.4 - https:\/\/yoast.com\/product\/yoast-seo-wordpress\/ -->\n<title>Urz\u0105dzenie treningowe ROTON STAR EMS &#187; EMS Reparaturen + EMS Zubeh\u00f6r<\/title>\n<meta name=\"robots\" content=\"index, follow, max-snippet:-1, max-image-preview:large, max-video-preview:-1\" \/>\n<link rel=\"canonical\" href=\"https:\/\/online-ems-training.de\/pl\/produkt\/urzadzenie-treningowe-roton-star-ems\/\" \/>\n<meta property=\"og:locale\" content=\"pl_PL\" \/>\n<meta property=\"og:type\" content=\"article\" \/>\n<meta property=\"og:title\" content=\"Urz\u0105dzenie treningowe ROTON STAR EMS &#187; EMS Reparaturen + EMS Zubeh\u00f6r\" \/>\n<meta property=\"og:description\" content=\"Domowy trena\u017cer EMS ROTON Star zapewnia studyjn\u0105 jako\u015b\u0107 treningu EMS w domu. Wystarczy w\u0142\u0105czy\u0107 ROTON Star, za\u0142o\u017cy\u0107 zestaw elektrod EMS i kamizelk\u0119 ROTON Star i rozpocz\u0105\u0107 trening. Proste za\u0142o\u017cenie i zwil\u017cenie elektrod minimalizuje czas przygotowania do treningu EMS. ROTON Star umo\u017cliwia wysoce efektywny i oszcz\u0119dzaj\u0105cy czas trening w zaledwie 15 minut - w dowolnym miejscu.\" \/>\n<meta property=\"og:url\" content=\"https:\/\/online-ems-training.de\/pl\/produkt\/urzadzenie-treningowe-roton-star-ems\/\" \/>\n<meta property=\"og:site_name\" content=\"EMS Reparaturen + EMS Zubeh\u00f6r\" \/>\n<meta property=\"article:publisher\" content=\"https:\/\/www.facebook.com\/OnlineEMSTrainingShop\" \/>\n<meta property=\"og:image\" content=\"https:\/\/online-ems-training.de\/wp-content\/uploads\/2025\/03\/ems-roton-star-komplettset-groesse.jpg\" \/>\n\t<meta property=\"og:image:width\" content=\"600\" \/>\n\t<meta property=\"og:image:height\" content=\"600\" \/>\n\t<meta property=\"og:image:type\" content=\"image\/jpeg\" \/>\n<meta name=\"twitter:card\" content=\"summary_large_image\" \/>\n<meta name=\"twitter:label1\" content=\"Szacowany czas czytania\" \/>\n\t<meta name=\"twitter:data1\" content=\"1 minuta\" \/>\n<script type=\"application\/ld+json\" class=\"yoast-schema-graph\">{\"@context\":\"https:\\\/\\\/schema.org\",\"@graph\":[{\"@type\":\"WebPage\",\"@id\":\"https:\\\/\\\/online-ems-training.de\\\/pl\\\/produkt\\\/urzadzenie-treningowe-roton-star-ems\\\/\",\"url\":\"https:\\\/\\\/online-ems-training.de\\\/pl\\\/produkt\\\/urzadzenie-treningowe-roton-star-ems\\\/\",\"name\":\"Urz\u0105dzenie treningowe ROTON STAR EMS &#187; EMS Reparaturen + EMS Zubeh\u00f6r\",\"isPartOf\":{\"@id\":\"https:\\\/\\\/online-ems-training.de\\\/pl\\\/#website\"},\"primaryImageOfPage\":{\"@id\":\"https:\\\/\\\/online-ems-training.de\\\/pl\\\/produkt\\\/urzadzenie-treningowe-roton-star-ems\\\/#primaryimage\"},\"image\":{\"@id\":\"https:\\\/\\\/online-ems-training.de\\\/pl\\\/produkt\\\/urzadzenie-treningowe-roton-star-ems\\\/#primaryimage\"},\"thumbnailUrl\":\"https:\\\/\\\/online-ems-training.de\\\/wp-content\\\/uploads\\\/2025\\\/03\\\/ems-roton-star-komplettset-groesse.jpg\",\"datePublished\":\"2025-03-31T11:52:25+00:00\",\"breadcrumb\":{\"@id\":\"https:\\\/\\\/online-ems-training.de\\\/pl\\\/produkt\\\/urzadzenie-treningowe-roton-star-ems\\\/#breadcrumb\"},\"inLanguage\":\"pl-PL\",\"potentialAction\":[{\"@type\":\"ReadAction\",\"target\":[\"https:\\\/\\\/online-ems-training.de\\\/pl\\\/produkt\\\/urzadzenie-treningowe-roton-star-ems\\\/\"]}]},{\"@type\":\"ImageObject\",\"inLanguage\":\"pl-PL\",\"@id\":\"https:\\\/\\\/online-ems-training.de\\\/pl\\\/produkt\\\/urzadzenie-treningowe-roton-star-ems\\\/#primaryimage\",\"url\":\"https:\\\/\\\/online-ems-training.de\\\/wp-content\\\/uploads\\\/2025\\\/03\\\/ems-roton-star-komplettset-groesse.jpg\",\"contentUrl\":\"https:\\\/\\\/online-ems-training.de\\\/wp-content\\\/uploads\\\/2025\\\/03\\\/ems-roton-star-komplettset-groesse.jpg\",\"width\":600,\"height\":600,\"caption\":\"Kompletny zestaw ROTON Star\"},{\"@type\":\"BreadcrumbList\",\"@id\":\"https:\\\/\\\/online-ems-training.de\\\/pl\\\/produkt\\\/urzadzenie-treningowe-roton-star-ems\\\/#breadcrumb\",\"itemListElement\":[{\"@type\":\"ListItem\",\"position\":1,\"name\":\"Startseite\",\"item\":\"https:\\\/\\\/online-ems-training.de\\\/pl\\\/\"},{\"@type\":\"ListItem\",\"position\":2,\"name\":\"Urz\u0105dzenie treningowe ROTON STAR EMS\"}]},{\"@type\":\"WebSite\",\"@id\":\"https:\\\/\\\/online-ems-training.de\\\/pl\\\/#website\",\"url\":\"https:\\\/\\\/online-ems-training.de\\\/pl\\\/\",\"name\":\"EMS Reparaturen + EMS Zubeh\u00f6r\",\"description\":\"Reparaturen und Service f\u00fcr EMS Ger\u00e4te und EMS Elektroden\",\"potentialAction\":[{\"@type\":\"SearchAction\",\"target\":{\"@type\":\"EntryPoint\",\"urlTemplate\":\"https:\\\/\\\/online-ems-training.de\\\/pl\\\/?s={search_term_string}\"},\"query-input\":{\"@type\":\"PropertyValueSpecification\",\"valueRequired\":true,\"valueName\":\"search_term_string\"}}],\"inLanguage\":\"pl-PL\"}]}<\/script>\n<!-- \/ Yoast SEO plugin. -->","yoast_head_json":{"title":"Urz\u0105dzenie treningowe ROTON STAR EMS &#187; EMS Reparaturen + EMS Zubeh\u00f6r","robots":{"index":"index","follow":"follow","max-snippet":"max-snippet:-1","max-image-preview":"max-image-preview:large","max-video-preview":"max-video-preview:-1"},"canonical":"https:\/\/online-ems-training.de\/pl\/produkt\/urzadzenie-treningowe-roton-star-ems\/","og_locale":"pl_PL","og_type":"article","og_title":"Urz\u0105dzenie treningowe ROTON STAR EMS &#187; EMS Reparaturen + EMS Zubeh\u00f6r","og_description":"Domowy trena\u017cer EMS ROTON Star zapewnia studyjn\u0105 jako\u015b\u0107 treningu EMS w domu. Wystarczy w\u0142\u0105czy\u0107 ROTON Star, za\u0142o\u017cy\u0107 zestaw elektrod EMS i kamizelk\u0119 ROTON Star i rozpocz\u0105\u0107 trening. Proste za\u0142o\u017cenie i zwil\u017cenie elektrod minimalizuje czas przygotowania do treningu EMS. ROTON Star umo\u017cliwia wysoce efektywny i oszcz\u0119dzaj\u0105cy czas trening w zaledwie 15 minut - w dowolnym miejscu.","og_url":"https:\/\/online-ems-training.de\/pl\/produkt\/urzadzenie-treningowe-roton-star-ems\/","og_site_name":"EMS Reparaturen + EMS Zubeh\u00f6r","article_publisher":"https:\/\/www.facebook.com\/OnlineEMSTrainingShop","og_image":[{"width":600,"height":600,"url":"https:\/\/online-ems-training.de\/wp-content\/uploads\/2025\/03\/ems-roton-star-komplettset-groesse.jpg","type":"image\/jpeg"}],"twitter_card":"summary_large_image","twitter_misc":{"Szacowany czas czytania":"1 minuta"},"schema":{"@context":"https:\/\/schema.org","@graph":[{"@type":"WebPage","@id":"https:\/\/online-ems-training.de\/pl\/produkt\/urzadzenie-treningowe-roton-star-ems\/","url":"https:\/\/online-ems-training.de\/pl\/produkt\/urzadzenie-treningowe-roton-star-ems\/","name":"Urz\u0105dzenie treningowe ROTON STAR EMS &#187; EMS Reparaturen + EMS Zubeh\u00f6r","isPartOf":{"@id":"https:\/\/online-ems-training.de\/pl\/#website"},"primaryImageOfPage":{"@id":"https:\/\/online-ems-training.de\/pl\/produkt\/urzadzenie-treningowe-roton-star-ems\/#primaryimage"},"image":{"@id":"https:\/\/online-ems-training.de\/pl\/produkt\/urzadzenie-treningowe-roton-star-ems\/#primaryimage"},"thumbnailUrl":"https:\/\/online-ems-training.de\/wp-content\/uploads\/2025\/03\/ems-roton-star-komplettset-groesse.jpg","datePublished":"2025-03-31T11:52:25+00:00","breadcrumb":{"@id":"https:\/\/online-ems-training.de\/pl\/produkt\/urzadzenie-treningowe-roton-star-ems\/#breadcrumb"},"inLanguage":"pl-PL","potentialAction":[{"@type":"ReadAction","target":["https:\/\/online-ems-training.de\/pl\/produkt\/urzadzenie-treningowe-roton-star-ems\/"]}]},{"@type":"ImageObject","inLanguage":"pl-PL","@id":"https:\/\/online-ems-training.de\/pl\/produkt\/urzadzenie-treningowe-roton-star-ems\/#primaryimage","url":"https:\/\/online-ems-training.de\/wp-content\/uploads\/2025\/03\/ems-roton-star-komplettset-groesse.jpg","contentUrl":"https:\/\/online-ems-training.de\/wp-content\/uploads\/2025\/03\/ems-roton-star-komplettset-groesse.jpg","width":600,"height":600,"caption":"Kompletny zestaw ROTON Star"},{"@type":"BreadcrumbList","@id":"https:\/\/online-ems-training.de\/pl\/produkt\/urzadzenie-treningowe-roton-star-ems\/#breadcrumb","itemListElement":[{"@type":"ListItem","position":1,"name":"Startseite","item":"https:\/\/online-ems-training.de\/pl\/"},{"@type":"ListItem","position":2,"name":"Urz\u0105dzenie treningowe ROTON STAR EMS"}]},{"@type":"WebSite","@id":"https:\/\/online-ems-training.de\/pl\/#website","url":"https:\/\/online-ems-training.de\/pl\/","name":"EMS Reparaturen + EMS Zubeh\u00f6r","description":"Reparaturen und Service f\u00fcr EMS Ger\u00e4te und EMS Elektroden","potentialAction":[{"@type":"SearchAction","target":{"@type":"EntryPoint","urlTemplate":"https:\/\/online-ems-training.de\/pl\/?s={search_term_string}"},"query-input":{"@type":"PropertyValueSpecification","valueRequired":true,"valueName":"search_term_string"}}],"inLanguage":"pl-PL"}]}},"_links":{"self":[{"href":"https:\/\/online-ems-training.de\/pl\/wp-json\/wp\/v2\/product\/3644","targetHints":{"allow":["GET"]}}],"collection":[{"href":"https:\/\/online-ems-training.de\/pl\/wp-json\/wp\/v2\/product"}],"about":[{"href":"https:\/\/online-ems-training.de\/pl\/wp-json\/wp\/v2\/types\/product"}],"wp:featuredmedia":[{"embeddable":true,"href":"https:\/\/online-ems-training.de\/pl\/wp-json\/wp\/v2\/media\/3265"}],"wp:attachment":[{"href":"https:\/\/online-ems-training.de\/pl\/wp-json\/wp\/v2\/media?parent=3644"}],"wp:term":[{"taxonomy":"product_brand","embeddable":true,"href":"https:\/\/online-ems-training.de\/pl\/wp-json\/wp\/v2\/product_brand?post=3644"},{"taxonomy":"product_cat","embeddable":true,"href":"https:\/\/online-ems-training.de\/pl\/wp-json\/wp\/v2\/product_cat?post=3644"},{"taxonomy":"product_tag","embeddable":true,"href":"https:\/\/online-ems-training.de\/pl\/wp-json\/wp\/v2\/product_tag?post=3644"}],"curies":[{"name":"wp","href":"https:\/\/api.w.org\/{rel}","templated":true}]}}