{"id":3664,"date":"2025-07-17T15:57:32","date_gmt":"2025-07-17T13:57:32","guid":{"rendered":"https:\/\/online-ems-training.de\/produkt\/elektrody-szyjne\/"},"modified":"2025-07-17T15:57:32","modified_gmt":"2025-07-17T13:57:32","slug":"elektrody-szyjne","status":"publish","type":"product","link":"https:\/\/online-ems-training.de\/pl\/produkt\/elektrody-szyjne\/","title":{"rendered":"Elektrody szyjne"},"content":{"rendered":"<p>para dodatkowych elektrod na szyj\u0119 (elektrody szyjne).<\/p>\n<p>Pomaga w leczeniu b\u00f3lu szyi, kr\u0105\u017cenia i metabolizmu. Lepszy trening g\u00f3rnego mi\u0119\u015bnia czworobocznego. <\/p>\n<p>o wymiarach 13,5 x 5,5 cm.<\/p>\n<p>Do pod\u0142\u0105czenia do kana\u0142u 9 i 10<\/p>\n","protected":false},"excerpt":{"rendered":"<p>par\u0119 dodatkowych elektrod szyjnych.<\/p>\n","protected":false},"featured_media":3457,"template":"","meta":[],"product_brand":[],"product_cat":[222],"product_tag":[],"class_list":{"0":"post-3664","1":"product","2":"type-product","3":"status-publish","4":"has-post-thumbnail","6":"product_cat-elektrody-ems","8":"first","9":"instock","10":"taxable","11":"shipping-taxable","12":"purchasable","13":"product-type-simple"},"yoast_head":"<!-- This site is optimized with the Yoast SEO plugin v27.4 - https:\/\/yoast.com\/product\/yoast-seo-wordpress\/ -->\n<title>Elektrody szyjne &#187; EMS Reparaturen + EMS Zubeh\u00f6r<\/title>\n<meta name=\"description\" content=\"Para dodatkowych elektrod na szyj\u0119 (elektrody na szyj\u0119) pomaga w dolegliwo\u015bciach szyi, kr\u0105\u017ceniu krwi i metabolizmie. Lepszy trening g\u00f3rnego mi\u0119\u015bnia czworobocznego.\" \/>\n<meta name=\"robots\" content=\"index, follow, max-snippet:-1, max-image-preview:large, max-video-preview:-1\" \/>\n<link rel=\"canonical\" href=\"https:\/\/online-ems-training.de\/pl\/produkt\/elektrody-szyjne\/\" \/>\n<meta property=\"og:locale\" content=\"pl_PL\" \/>\n<meta property=\"og:type\" content=\"article\" \/>\n<meta property=\"og:title\" content=\"Elektrody szyjne &#187; EMS Reparaturen + EMS Zubeh\u00f6r\" \/>\n<meta property=\"og:description\" content=\"Para dodatkowych elektrod na szyj\u0119 (elektrody na szyj\u0119) pomaga w dolegliwo\u015bciach szyi, kr\u0105\u017ceniu krwi i metabolizmie. Lepszy trening g\u00f3rnego mi\u0119\u015bnia czworobocznego.\" \/>\n<meta property=\"og:url\" content=\"https:\/\/online-ems-training.de\/pl\/produkt\/elektrody-szyjne\/\" \/>\n<meta property=\"og:site_name\" content=\"EMS Reparaturen + EMS Zubeh\u00f6r\" \/>\n<meta property=\"article:publisher\" content=\"https:\/\/www.facebook.com\/OnlineEMSTrainingShop\" \/>\n<meta property=\"og:image\" content=\"https:\/\/online-ems-training.de\/wp-content\/uploads\/2025\/07\/WhatsApp-Bild-2025-07-16-um-15.01.39_0bafb545.jpg\" \/>\n\t<meta property=\"og:image:width\" content=\"1536\" \/>\n\t<meta property=\"og:image:height\" content=\"2048\" \/>\n\t<meta property=\"og:image:type\" content=\"image\/jpeg\" \/>\n<meta name=\"twitter:card\" content=\"summary_large_image\" \/>\n<script type=\"application\/ld+json\" class=\"yoast-schema-graph\">{\"@context\":\"https:\\\/\\\/schema.org\",\"@graph\":[{\"@type\":\"WebPage\",\"@id\":\"https:\\\/\\\/online-ems-training.de\\\/pl\\\/produkt\\\/elektrody-szyjne\\\/\",\"url\":\"https:\\\/\\\/online-ems-training.de\\\/pl\\\/produkt\\\/elektrody-szyjne\\\/\",\"name\":\"Elektrody szyjne &#187; EMS Reparaturen + EMS Zubeh\u00f6r\",\"isPartOf\":{\"@id\":\"https:\\\/\\\/online-ems-training.de\\\/pl\\\/#website\"},\"primaryImageOfPage\":{\"@id\":\"https:\\\/\\\/online-ems-training.de\\\/pl\\\/produkt\\\/elektrody-szyjne\\\/#primaryimage\"},\"image\":{\"@id\":\"https:\\\/\\\/online-ems-training.de\\\/pl\\\/produkt\\\/elektrody-szyjne\\\/#primaryimage\"},\"thumbnailUrl\":\"https:\\\/\\\/online-ems-training.de\\\/wp-content\\\/uploads\\\/2025\\\/07\\\/WhatsApp-Bild-2025-07-16-um-15.01.39_0bafb545.jpg\",\"datePublished\":\"2025-07-17T13:57:32+00:00\",\"description\":\"Para dodatkowych elektrod na szyj\u0119 (elektrody na szyj\u0119) pomaga w dolegliwo\u015bciach szyi, kr\u0105\u017ceniu krwi i metabolizmie. Lepszy trening g\u00f3rnego mi\u0119\u015bnia czworobocznego.\",\"breadcrumb\":{\"@id\":\"https:\\\/\\\/online-ems-training.de\\\/pl\\\/produkt\\\/elektrody-szyjne\\\/#breadcrumb\"},\"inLanguage\":\"pl-PL\",\"potentialAction\":[{\"@type\":\"ReadAction\",\"target\":[\"https:\\\/\\\/online-ems-training.de\\\/pl\\\/produkt\\\/elektrody-szyjne\\\/\"]}]},{\"@type\":\"ImageObject\",\"inLanguage\":\"pl-PL\",\"@id\":\"https:\\\/\\\/online-ems-training.de\\\/pl\\\/produkt\\\/elektrody-szyjne\\\/#primaryimage\",\"url\":\"https:\\\/\\\/online-ems-training.de\\\/wp-content\\\/uploads\\\/2025\\\/07\\\/WhatsApp-Bild-2025-07-16-um-15.01.39_0bafb545.jpg\",\"contentUrl\":\"https:\\\/\\\/online-ems-training.de\\\/wp-content\\\/uploads\\\/2025\\\/07\\\/WhatsApp-Bild-2025-07-16-um-15.01.39_0bafb545.jpg\",\"width\":1536,\"height\":2048},{\"@type\":\"BreadcrumbList\",\"@id\":\"https:\\\/\\\/online-ems-training.de\\\/pl\\\/produkt\\\/elektrody-szyjne\\\/#breadcrumb\",\"itemListElement\":[{\"@type\":\"ListItem\",\"position\":1,\"name\":\"Startseite\",\"item\":\"https:\\\/\\\/online-ems-training.de\\\/pl\\\/\"},{\"@type\":\"ListItem\",\"position\":2,\"name\":\"Elektrody szyjne\"}]},{\"@type\":\"WebSite\",\"@id\":\"https:\\\/\\\/online-ems-training.de\\\/pl\\\/#website\",\"url\":\"https:\\\/\\\/online-ems-training.de\\\/pl\\\/\",\"name\":\"EMS Reparaturen + EMS Zubeh\u00f6r\",\"description\":\"Reparaturen und Service f\u00fcr EMS Ger\u00e4te und EMS Elektroden\",\"potentialAction\":[{\"@type\":\"SearchAction\",\"target\":{\"@type\":\"EntryPoint\",\"urlTemplate\":\"https:\\\/\\\/online-ems-training.de\\\/pl\\\/?s={search_term_string}\"},\"query-input\":{\"@type\":\"PropertyValueSpecification\",\"valueRequired\":true,\"valueName\":\"search_term_string\"}}],\"inLanguage\":\"pl-PL\"}]}<\/script>\n<!-- \/ Yoast SEO plugin. -->","yoast_head_json":{"title":"Elektrody szyjne &#187; EMS Reparaturen + EMS Zubeh\u00f6r","description":"Para dodatkowych elektrod na szyj\u0119 (elektrody na szyj\u0119) pomaga w dolegliwo\u015bciach szyi, kr\u0105\u017ceniu krwi i metabolizmie. Lepszy trening g\u00f3rnego mi\u0119\u015bnia czworobocznego.","robots":{"index":"index","follow":"follow","max-snippet":"max-snippet:-1","max-image-preview":"max-image-preview:large","max-video-preview":"max-video-preview:-1"},"canonical":"https:\/\/online-ems-training.de\/pl\/produkt\/elektrody-szyjne\/","og_locale":"pl_PL","og_type":"article","og_title":"Elektrody szyjne &#187; EMS Reparaturen + EMS Zubeh\u00f6r","og_description":"Para dodatkowych elektrod na szyj\u0119 (elektrody na szyj\u0119) pomaga w dolegliwo\u015bciach szyi, kr\u0105\u017ceniu krwi i metabolizmie. Lepszy trening g\u00f3rnego mi\u0119\u015bnia czworobocznego.","og_url":"https:\/\/online-ems-training.de\/pl\/produkt\/elektrody-szyjne\/","og_site_name":"EMS Reparaturen + EMS Zubeh\u00f6r","article_publisher":"https:\/\/www.facebook.com\/OnlineEMSTrainingShop","og_image":[{"width":1536,"height":2048,"url":"https:\/\/online-ems-training.de\/wp-content\/uploads\/2025\/07\/WhatsApp-Bild-2025-07-16-um-15.01.39_0bafb545.jpg","type":"image\/jpeg"}],"twitter_card":"summary_large_image","schema":{"@context":"https:\/\/schema.org","@graph":[{"@type":"WebPage","@id":"https:\/\/online-ems-training.de\/pl\/produkt\/elektrody-szyjne\/","url":"https:\/\/online-ems-training.de\/pl\/produkt\/elektrody-szyjne\/","name":"Elektrody szyjne &#187; EMS Reparaturen + EMS Zubeh\u00f6r","isPartOf":{"@id":"https:\/\/online-ems-training.de\/pl\/#website"},"primaryImageOfPage":{"@id":"https:\/\/online-ems-training.de\/pl\/produkt\/elektrody-szyjne\/#primaryimage"},"image":{"@id":"https:\/\/online-ems-training.de\/pl\/produkt\/elektrody-szyjne\/#primaryimage"},"thumbnailUrl":"https:\/\/online-ems-training.de\/wp-content\/uploads\/2025\/07\/WhatsApp-Bild-2025-07-16-um-15.01.39_0bafb545.jpg","datePublished":"2025-07-17T13:57:32+00:00","description":"Para dodatkowych elektrod na szyj\u0119 (elektrody na szyj\u0119) pomaga w dolegliwo\u015bciach szyi, kr\u0105\u017ceniu krwi i metabolizmie. Lepszy trening g\u00f3rnego mi\u0119\u015bnia czworobocznego.","breadcrumb":{"@id":"https:\/\/online-ems-training.de\/pl\/produkt\/elektrody-szyjne\/#breadcrumb"},"inLanguage":"pl-PL","potentialAction":[{"@type":"ReadAction","target":["https:\/\/online-ems-training.de\/pl\/produkt\/elektrody-szyjne\/"]}]},{"@type":"ImageObject","inLanguage":"pl-PL","@id":"https:\/\/online-ems-training.de\/pl\/produkt\/elektrody-szyjne\/#primaryimage","url":"https:\/\/online-ems-training.de\/wp-content\/uploads\/2025\/07\/WhatsApp-Bild-2025-07-16-um-15.01.39_0bafb545.jpg","contentUrl":"https:\/\/online-ems-training.de\/wp-content\/uploads\/2025\/07\/WhatsApp-Bild-2025-07-16-um-15.01.39_0bafb545.jpg","width":1536,"height":2048},{"@type":"BreadcrumbList","@id":"https:\/\/online-ems-training.de\/pl\/produkt\/elektrody-szyjne\/#breadcrumb","itemListElement":[{"@type":"ListItem","position":1,"name":"Startseite","item":"https:\/\/online-ems-training.de\/pl\/"},{"@type":"ListItem","position":2,"name":"Elektrody szyjne"}]},{"@type":"WebSite","@id":"https:\/\/online-ems-training.de\/pl\/#website","url":"https:\/\/online-ems-training.de\/pl\/","name":"EMS Reparaturen + EMS Zubeh\u00f6r","description":"Reparaturen und Service f\u00fcr EMS Ger\u00e4te und EMS Elektroden","potentialAction":[{"@type":"SearchAction","target":{"@type":"EntryPoint","urlTemplate":"https:\/\/online-ems-training.de\/pl\/?s={search_term_string}"},"query-input":{"@type":"PropertyValueSpecification","valueRequired":true,"valueName":"search_term_string"}}],"inLanguage":"pl-PL"}]}},"_links":{"self":[{"href":"https:\/\/online-ems-training.de\/pl\/wp-json\/wp\/v2\/product\/3664","targetHints":{"allow":["GET"]}}],"collection":[{"href":"https:\/\/online-ems-training.de\/pl\/wp-json\/wp\/v2\/product"}],"about":[{"href":"https:\/\/online-ems-training.de\/pl\/wp-json\/wp\/v2\/types\/product"}],"wp:featuredmedia":[{"embeddable":true,"href":"https:\/\/online-ems-training.de\/pl\/wp-json\/wp\/v2\/media\/3457"}],"wp:attachment":[{"href":"https:\/\/online-ems-training.de\/pl\/wp-json\/wp\/v2\/media?parent=3664"}],"wp:term":[{"taxonomy":"product_brand","embeddable":true,"href":"https:\/\/online-ems-training.de\/pl\/wp-json\/wp\/v2\/product_brand?post=3664"},{"taxonomy":"product_cat","embeddable":true,"href":"https:\/\/online-ems-training.de\/pl\/wp-json\/wp\/v2\/product_cat?post=3664"},{"taxonomy":"product_tag","embeddable":true,"href":"https:\/\/online-ems-training.de\/pl\/wp-json\/wp\/v2\/product_tag?post=3664"}],"curies":[{"name":"wp","href":"https:\/\/api.w.org\/{rel}","templated":true}]}}