{"id":3673,"date":"2025-07-17T15:57:41","date_gmt":"2025-07-17T13:57:41","guid":{"rendered":"https:\/\/online-ems-training.de\/produkt\/elektrody-do-stop\/"},"modified":"2025-07-17T15:57:41","modified_gmt":"2025-07-17T13:57:41","slug":"elektrody-do-stop","status":"publish","type":"product","link":"https:\/\/online-ems-training.de\/pl\/produkt\/elektrody-do-stop\/","title":{"rendered":"Elektrody do st\u00f3p"},"content":{"rendered":"<p>Para dodatkowych elektrod do st\u00f3p (elektrody do st\u00f3p).<\/p>\n<p>Mo\u017cliwe wskazania to nieprawid\u0142owe ustawienie du\u017cego palca, np. w przypadku zapalenia ostrogi pi\u0119towej.<\/p>\n<p>Wymiary 27 x 10 cm.1<\/p>\n<p>Do pod\u0142\u0105czenia do kana\u0142\u00f3w 9 i 10.<\/p>\n","protected":false},"excerpt":{"rendered":"<p>par\u0119 dodatkowych elektrod do st\u00f3p.<\/p>\n","protected":false},"featured_media":3452,"template":"","meta":[],"product_brand":[],"product_cat":[222],"product_tag":[],"class_list":{"0":"post-3673","1":"product","2":"type-product","3":"status-publish","4":"has-post-thumbnail","6":"product_cat-elektrody-ems","8":"first","9":"instock","10":"taxable","11":"shipping-taxable","12":"purchasable","13":"product-type-simple"},"yoast_head":"<!-- This site is optimized with the Yoast SEO plugin v27.4 - https:\/\/yoast.com\/product\/yoast-seo-wordpress\/ -->\n<title>Elektrody do st\u00f3p &#187; EMS Reparaturen + EMS Zubeh\u00f6r<\/title>\n<meta name=\"description\" content=\"para dodatkowych elektrod do st\u00f3p (elektrody do st\u00f3p); mo\u017cliwe wskazania to skrzywienie du\u017cego palca, na przyk\u0142ad w przypadku zapalnych ostr\u00f3g pi\u0119towych.\" \/>\n<meta name=\"robots\" content=\"index, follow, max-snippet:-1, max-image-preview:large, max-video-preview:-1\" \/>\n<link rel=\"canonical\" href=\"https:\/\/online-ems-training.de\/pl\/produkt\/elektrody-do-stop\/\" \/>\n<meta property=\"og:locale\" content=\"pl_PL\" \/>\n<meta property=\"og:type\" content=\"article\" \/>\n<meta property=\"og:title\" content=\"Elektrody do st\u00f3p &#187; EMS Reparaturen + EMS Zubeh\u00f6r\" \/>\n<meta property=\"og:description\" content=\"para dodatkowych elektrod do st\u00f3p (elektrody do st\u00f3p); mo\u017cliwe wskazania to skrzywienie du\u017cego palca, na przyk\u0142ad w przypadku zapalnych ostr\u00f3g pi\u0119towych.\" \/>\n<meta property=\"og:url\" content=\"https:\/\/online-ems-training.de\/pl\/produkt\/elektrody-do-stop\/\" \/>\n<meta property=\"og:site_name\" content=\"EMS Reparaturen + EMS Zubeh\u00f6r\" \/>\n<meta property=\"article:publisher\" content=\"https:\/\/www.facebook.com\/OnlineEMSTrainingShop\" \/>\n<meta property=\"og:image\" content=\"https:\/\/online-ems-training.de\/wp-content\/uploads\/2025\/07\/WhatsApp-Bild-2025-07-16-um-15.01.58_287f1132-1.jpg\" \/>\n\t<meta property=\"og:image:width\" content=\"1489\" \/>\n\t<meta property=\"og:image:height\" content=\"2048\" \/>\n\t<meta property=\"og:image:type\" content=\"image\/jpeg\" \/>\n<meta name=\"twitter:card\" content=\"summary_large_image\" \/>\n<script type=\"application\/ld+json\" class=\"yoast-schema-graph\">{\"@context\":\"https:\\\/\\\/schema.org\",\"@graph\":[{\"@type\":\"WebPage\",\"@id\":\"https:\\\/\\\/online-ems-training.de\\\/pl\\\/produkt\\\/elektrody-do-stop\\\/\",\"url\":\"https:\\\/\\\/online-ems-training.de\\\/pl\\\/produkt\\\/elektrody-do-stop\\\/\",\"name\":\"Elektrody do st\u00f3p &#187; EMS Reparaturen + EMS Zubeh\u00f6r\",\"isPartOf\":{\"@id\":\"https:\\\/\\\/online-ems-training.de\\\/pl\\\/#website\"},\"primaryImageOfPage\":{\"@id\":\"https:\\\/\\\/online-ems-training.de\\\/pl\\\/produkt\\\/elektrody-do-stop\\\/#primaryimage\"},\"image\":{\"@id\":\"https:\\\/\\\/online-ems-training.de\\\/pl\\\/produkt\\\/elektrody-do-stop\\\/#primaryimage\"},\"thumbnailUrl\":\"https:\\\/\\\/online-ems-training.de\\\/wp-content\\\/uploads\\\/2025\\\/07\\\/WhatsApp-Bild-2025-07-16-um-15.01.58_287f1132-1.jpg\",\"datePublished\":\"2025-07-17T13:57:41+00:00\",\"description\":\"para dodatkowych elektrod do st\u00f3p (elektrody do st\u00f3p); mo\u017cliwe wskazania to skrzywienie du\u017cego palca, na przyk\u0142ad w przypadku zapalnych ostr\u00f3g pi\u0119towych.\",\"breadcrumb\":{\"@id\":\"https:\\\/\\\/online-ems-training.de\\\/pl\\\/produkt\\\/elektrody-do-stop\\\/#breadcrumb\"},\"inLanguage\":\"pl-PL\",\"potentialAction\":[{\"@type\":\"ReadAction\",\"target\":[\"https:\\\/\\\/online-ems-training.de\\\/pl\\\/produkt\\\/elektrody-do-stop\\\/\"]}]},{\"@type\":\"ImageObject\",\"inLanguage\":\"pl-PL\",\"@id\":\"https:\\\/\\\/online-ems-training.de\\\/pl\\\/produkt\\\/elektrody-do-stop\\\/#primaryimage\",\"url\":\"https:\\\/\\\/online-ems-training.de\\\/wp-content\\\/uploads\\\/2025\\\/07\\\/WhatsApp-Bild-2025-07-16-um-15.01.58_287f1132-1.jpg\",\"contentUrl\":\"https:\\\/\\\/online-ems-training.de\\\/wp-content\\\/uploads\\\/2025\\\/07\\\/WhatsApp-Bild-2025-07-16-um-15.01.58_287f1132-1.jpg\",\"width\":1489,\"height\":2048},{\"@type\":\"BreadcrumbList\",\"@id\":\"https:\\\/\\\/online-ems-training.de\\\/pl\\\/produkt\\\/elektrody-do-stop\\\/#breadcrumb\",\"itemListElement\":[{\"@type\":\"ListItem\",\"position\":1,\"name\":\"Startseite\",\"item\":\"https:\\\/\\\/online-ems-training.de\\\/pl\\\/\"},{\"@type\":\"ListItem\",\"position\":2,\"name\":\"Elektrody do st\u00f3p\"}]},{\"@type\":\"WebSite\",\"@id\":\"https:\\\/\\\/online-ems-training.de\\\/pl\\\/#website\",\"url\":\"https:\\\/\\\/online-ems-training.de\\\/pl\\\/\",\"name\":\"EMS Reparaturen + EMS Zubeh\u00f6r\",\"description\":\"Reparaturen und Service f\u00fcr EMS Ger\u00e4te und EMS Elektroden\",\"potentialAction\":[{\"@type\":\"SearchAction\",\"target\":{\"@type\":\"EntryPoint\",\"urlTemplate\":\"https:\\\/\\\/online-ems-training.de\\\/pl\\\/?s={search_term_string}\"},\"query-input\":{\"@type\":\"PropertyValueSpecification\",\"valueRequired\":true,\"valueName\":\"search_term_string\"}}],\"inLanguage\":\"pl-PL\"}]}<\/script>\n<!-- \/ Yoast SEO plugin. -->","yoast_head_json":{"title":"Elektrody do st\u00f3p &#187; EMS Reparaturen + EMS Zubeh\u00f6r","description":"para dodatkowych elektrod do st\u00f3p (elektrody do st\u00f3p); mo\u017cliwe wskazania to skrzywienie du\u017cego palca, na przyk\u0142ad w przypadku zapalnych ostr\u00f3g pi\u0119towych.","robots":{"index":"index","follow":"follow","max-snippet":"max-snippet:-1","max-image-preview":"max-image-preview:large","max-video-preview":"max-video-preview:-1"},"canonical":"https:\/\/online-ems-training.de\/pl\/produkt\/elektrody-do-stop\/","og_locale":"pl_PL","og_type":"article","og_title":"Elektrody do st\u00f3p &#187; EMS Reparaturen + EMS Zubeh\u00f6r","og_description":"para dodatkowych elektrod do st\u00f3p (elektrody do st\u00f3p); mo\u017cliwe wskazania to skrzywienie du\u017cego palca, na przyk\u0142ad w przypadku zapalnych ostr\u00f3g pi\u0119towych.","og_url":"https:\/\/online-ems-training.de\/pl\/produkt\/elektrody-do-stop\/","og_site_name":"EMS Reparaturen + EMS Zubeh\u00f6r","article_publisher":"https:\/\/www.facebook.com\/OnlineEMSTrainingShop","og_image":[{"width":1489,"height":2048,"url":"https:\/\/online-ems-training.de\/wp-content\/uploads\/2025\/07\/WhatsApp-Bild-2025-07-16-um-15.01.58_287f1132-1.jpg","type":"image\/jpeg"}],"twitter_card":"summary_large_image","schema":{"@context":"https:\/\/schema.org","@graph":[{"@type":"WebPage","@id":"https:\/\/online-ems-training.de\/pl\/produkt\/elektrody-do-stop\/","url":"https:\/\/online-ems-training.de\/pl\/produkt\/elektrody-do-stop\/","name":"Elektrody do st\u00f3p &#187; EMS Reparaturen + EMS Zubeh\u00f6r","isPartOf":{"@id":"https:\/\/online-ems-training.de\/pl\/#website"},"primaryImageOfPage":{"@id":"https:\/\/online-ems-training.de\/pl\/produkt\/elektrody-do-stop\/#primaryimage"},"image":{"@id":"https:\/\/online-ems-training.de\/pl\/produkt\/elektrody-do-stop\/#primaryimage"},"thumbnailUrl":"https:\/\/online-ems-training.de\/wp-content\/uploads\/2025\/07\/WhatsApp-Bild-2025-07-16-um-15.01.58_287f1132-1.jpg","datePublished":"2025-07-17T13:57:41+00:00","description":"para dodatkowych elektrod do st\u00f3p (elektrody do st\u00f3p); mo\u017cliwe wskazania to skrzywienie du\u017cego palca, na przyk\u0142ad w przypadku zapalnych ostr\u00f3g pi\u0119towych.","breadcrumb":{"@id":"https:\/\/online-ems-training.de\/pl\/produkt\/elektrody-do-stop\/#breadcrumb"},"inLanguage":"pl-PL","potentialAction":[{"@type":"ReadAction","target":["https:\/\/online-ems-training.de\/pl\/produkt\/elektrody-do-stop\/"]}]},{"@type":"ImageObject","inLanguage":"pl-PL","@id":"https:\/\/online-ems-training.de\/pl\/produkt\/elektrody-do-stop\/#primaryimage","url":"https:\/\/online-ems-training.de\/wp-content\/uploads\/2025\/07\/WhatsApp-Bild-2025-07-16-um-15.01.58_287f1132-1.jpg","contentUrl":"https:\/\/online-ems-training.de\/wp-content\/uploads\/2025\/07\/WhatsApp-Bild-2025-07-16-um-15.01.58_287f1132-1.jpg","width":1489,"height":2048},{"@type":"BreadcrumbList","@id":"https:\/\/online-ems-training.de\/pl\/produkt\/elektrody-do-stop\/#breadcrumb","itemListElement":[{"@type":"ListItem","position":1,"name":"Startseite","item":"https:\/\/online-ems-training.de\/pl\/"},{"@type":"ListItem","position":2,"name":"Elektrody do st\u00f3p"}]},{"@type":"WebSite","@id":"https:\/\/online-ems-training.de\/pl\/#website","url":"https:\/\/online-ems-training.de\/pl\/","name":"EMS Reparaturen + EMS Zubeh\u00f6r","description":"Reparaturen und Service f\u00fcr EMS Ger\u00e4te und EMS Elektroden","potentialAction":[{"@type":"SearchAction","target":{"@type":"EntryPoint","urlTemplate":"https:\/\/online-ems-training.de\/pl\/?s={search_term_string}"},"query-input":{"@type":"PropertyValueSpecification","valueRequired":true,"valueName":"search_term_string"}}],"inLanguage":"pl-PL"}]}},"_links":{"self":[{"href":"https:\/\/online-ems-training.de\/pl\/wp-json\/wp\/v2\/product\/3673","targetHints":{"allow":["GET"]}}],"collection":[{"href":"https:\/\/online-ems-training.de\/pl\/wp-json\/wp\/v2\/product"}],"about":[{"href":"https:\/\/online-ems-training.de\/pl\/wp-json\/wp\/v2\/types\/product"}],"wp:featuredmedia":[{"embeddable":true,"href":"https:\/\/online-ems-training.de\/pl\/wp-json\/wp\/v2\/media\/3452"}],"wp:attachment":[{"href":"https:\/\/online-ems-training.de\/pl\/wp-json\/wp\/v2\/media?parent=3673"}],"wp:term":[{"taxonomy":"product_brand","embeddable":true,"href":"https:\/\/online-ems-training.de\/pl\/wp-json\/wp\/v2\/product_brand?post=3673"},{"taxonomy":"product_cat","embeddable":true,"href":"https:\/\/online-ems-training.de\/pl\/wp-json\/wp\/v2\/product_cat?post=3673"},{"taxonomy":"product_tag","embeddable":true,"href":"https:\/\/online-ems-training.de\/pl\/wp-json\/wp\/v2\/product_tag?post=3673"}],"curies":[{"name":"wp","href":"https:\/\/api.w.org\/{rel}","templated":true}]}}