{"id":3675,"date":"2025-07-16T10:45:55","date_gmt":"2025-07-16T08:45:55","guid":{"rendered":"https:\/\/online-ems-training.de\/produkt\/otwieranie-i-zamykanie-kamizelki-magent\/"},"modified":"2025-07-16T10:45:55","modified_gmt":"2025-07-16T08:45:55","slug":"otwieranie-i-zamykanie-kamizelki-magent","status":"publish","type":"product","link":"https:\/\/online-ems-training.de\/pl\/produkt\/otwieranie-i-zamykanie-kamizelki-magent\/","title":{"rendered":"Otwieranie i zamykanie kamizelki &#8220;Magent&#8221;"},"content":{"rendered":"<p>Otwieranie i zamykanie kamizelki w celu naprawy jednego lub wi\u0119cej punkt\u00f3w po\u0142\u0105cze\u0144 lub elektrod. Jest to zawsze wymagane do naprawy kamizelki. Jeden lub wi\u0119cej &#8220;<a href=\"https:\/\/online-ems-training.de\/produkt\/erneuern-anschlu%E2%80%A6nkt-magent-weste\/\" target=\"_blank\" rel=\"noopener\"><strong>Wymie\u0144 punkt po\u0142\u0105czenia &#8220;magnes&#8221; kamizelki <\/strong><\/a>s\u0105 wymagane<strong>.<\/strong>  <\/p>\n","protected":false},"excerpt":{"rendered":"<p>Otwieranie i zamykanie kamizelki w celu przeprowadzenia naprawy jednego lub wi\u0119cej punkt\u00f3w po\u0142\u0105cze\u0144 lub elektrod.<\/p>\n","protected":false},"featured_media":3427,"template":"","meta":[],"product_brand":[],"product_cat":[254],"product_tag":[],"class_list":{"0":"post-3675","1":"product","2":"type-product","3":"status-publish","4":"has-post-thumbnail","6":"product_cat-serwis-i-naprawy","8":"first","9":"instock","10":"taxable","11":"shipping-taxable","12":"purchasable","13":"product-type-simple"},"yoast_head":"<!-- This site is optimized with the Yoast SEO plugin v27.4 - https:\/\/yoast.com\/product\/yoast-seo-wordpress\/ -->\n<title>Otwieranie i zamykanie kamizelki &quot;Magent&quot; &#187; EMS Reparaturen + EMS Zubeh\u00f6r<\/title>\n<meta name=\"description\" content=\"Otwieranie i zamykanie kamizelki w celu naprawy jednego lub wi\u0119cej punkt\u00f3w po\u0142\u0105cze\u0144 lub elektrod. Jest to zawsze wymagane do naprawy kamizelki. Do tego artyku\u0142u wymagana jest co najmniej jedna kamizelka &quot;Wymie\u0144 punkt po\u0142\u0105czenia &quot;magnes&quot;&quot;.\" \/>\n<meta name=\"robots\" content=\"index, follow, max-snippet:-1, max-image-preview:large, max-video-preview:-1\" \/>\n<link rel=\"canonical\" href=\"https:\/\/online-ems-training.de\/pl\/produkt\/otwieranie-i-zamykanie-kamizelki-magent\/\" \/>\n<meta property=\"og:locale\" content=\"pl_PL\" \/>\n<meta property=\"og:type\" content=\"article\" \/>\n<meta property=\"og:title\" content=\"Otwieranie i zamykanie kamizelki &quot;Magent&quot; &#187; EMS Reparaturen + EMS Zubeh\u00f6r\" \/>\n<meta property=\"og:description\" content=\"Otwieranie i zamykanie kamizelki w celu naprawy jednego lub wi\u0119cej punkt\u00f3w po\u0142\u0105cze\u0144 lub elektrod. Jest to zawsze wymagane do naprawy kamizelki. Do tego artyku\u0142u wymagana jest co najmniej jedna kamizelka &quot;Wymie\u0144 punkt po\u0142\u0105czenia &quot;magnes&quot;&quot;.\" \/>\n<meta property=\"og:url\" content=\"https:\/\/online-ems-training.de\/pl\/produkt\/otwieranie-i-zamykanie-kamizelki-magent\/\" \/>\n<meta property=\"og:site_name\" content=\"EMS Reparaturen + EMS Zubeh\u00f6r\" \/>\n<meta property=\"article:publisher\" content=\"https:\/\/www.facebook.com\/OnlineEMSTrainingShop\" \/>\n<meta property=\"og:image\" content=\"https:\/\/online-ems-training.de\/wp-content\/uploads\/2025\/07\/WhatsApp-Bild-2025-07-15-um-16.32.18_0f1f1532.jpg\" \/>\n\t<meta property=\"og:image:width\" content=\"1308\" \/>\n\t<meta property=\"og:image:height\" content=\"1600\" \/>\n\t<meta property=\"og:image:type\" content=\"image\/jpeg\" \/>\n<meta name=\"twitter:card\" content=\"summary_large_image\" \/>\n<script type=\"application\/ld+json\" class=\"yoast-schema-graph\">{\"@context\":\"https:\\\/\\\/schema.org\",\"@graph\":[{\"@type\":\"WebPage\",\"@id\":\"https:\\\/\\\/online-ems-training.de\\\/pl\\\/produkt\\\/otwieranie-i-zamykanie-kamizelki-magent\\\/\",\"url\":\"https:\\\/\\\/online-ems-training.de\\\/pl\\\/produkt\\\/otwieranie-i-zamykanie-kamizelki-magent\\\/\",\"name\":\"Otwieranie i zamykanie kamizelki \\\"Magent\\\" &#187; EMS Reparaturen + EMS Zubeh\u00f6r\",\"isPartOf\":{\"@id\":\"https:\\\/\\\/online-ems-training.de\\\/pl\\\/#website\"},\"primaryImageOfPage\":{\"@id\":\"https:\\\/\\\/online-ems-training.de\\\/pl\\\/produkt\\\/otwieranie-i-zamykanie-kamizelki-magent\\\/#primaryimage\"},\"image\":{\"@id\":\"https:\\\/\\\/online-ems-training.de\\\/pl\\\/produkt\\\/otwieranie-i-zamykanie-kamizelki-magent\\\/#primaryimage\"},\"thumbnailUrl\":\"https:\\\/\\\/online-ems-training.de\\\/wp-content\\\/uploads\\\/2025\\\/07\\\/WhatsApp-Bild-2025-07-15-um-16.32.18_0f1f1532.jpg\",\"datePublished\":\"2025-07-16T08:45:55+00:00\",\"description\":\"Otwieranie i zamykanie kamizelki w celu naprawy jednego lub wi\u0119cej punkt\u00f3w po\u0142\u0105cze\u0144 lub elektrod. Jest to zawsze wymagane do naprawy kamizelki. Do tego artyku\u0142u wymagana jest co najmniej jedna kamizelka \\\"Wymie\u0144 punkt po\u0142\u0105czenia \\\"magnes\\\"\\\".\",\"breadcrumb\":{\"@id\":\"https:\\\/\\\/online-ems-training.de\\\/pl\\\/produkt\\\/otwieranie-i-zamykanie-kamizelki-magent\\\/#breadcrumb\"},\"inLanguage\":\"pl-PL\",\"potentialAction\":[{\"@type\":\"ReadAction\",\"target\":[\"https:\\\/\\\/online-ems-training.de\\\/pl\\\/produkt\\\/otwieranie-i-zamykanie-kamizelki-magent\\\/\"]}]},{\"@type\":\"ImageObject\",\"inLanguage\":\"pl-PL\",\"@id\":\"https:\\\/\\\/online-ems-training.de\\\/pl\\\/produkt\\\/otwieranie-i-zamykanie-kamizelki-magent\\\/#primaryimage\",\"url\":\"https:\\\/\\\/online-ems-training.de\\\/wp-content\\\/uploads\\\/2025\\\/07\\\/WhatsApp-Bild-2025-07-15-um-16.32.18_0f1f1532.jpg\",\"contentUrl\":\"https:\\\/\\\/online-ems-training.de\\\/wp-content\\\/uploads\\\/2025\\\/07\\\/WhatsApp-Bild-2025-07-15-um-16.32.18_0f1f1532.jpg\",\"width\":1308,\"height\":1600},{\"@type\":\"BreadcrumbList\",\"@id\":\"https:\\\/\\\/online-ems-training.de\\\/pl\\\/produkt\\\/otwieranie-i-zamykanie-kamizelki-magent\\\/#breadcrumb\",\"itemListElement\":[{\"@type\":\"ListItem\",\"position\":1,\"name\":\"Startseite\",\"item\":\"https:\\\/\\\/online-ems-training.de\\\/pl\\\/\"},{\"@type\":\"ListItem\",\"position\":2,\"name\":\"Otwieranie i zamykanie kamizelki &#8220;Magent&#8221;\"}]},{\"@type\":\"WebSite\",\"@id\":\"https:\\\/\\\/online-ems-training.de\\\/pl\\\/#website\",\"url\":\"https:\\\/\\\/online-ems-training.de\\\/pl\\\/\",\"name\":\"EMS Reparaturen + EMS Zubeh\u00f6r\",\"description\":\"Reparaturen und Service f\u00fcr EMS Ger\u00e4te und EMS Elektroden\",\"potentialAction\":[{\"@type\":\"SearchAction\",\"target\":{\"@type\":\"EntryPoint\",\"urlTemplate\":\"https:\\\/\\\/online-ems-training.de\\\/pl\\\/?s={search_term_string}\"},\"query-input\":{\"@type\":\"PropertyValueSpecification\",\"valueRequired\":true,\"valueName\":\"search_term_string\"}}],\"inLanguage\":\"pl-PL\"}]}<\/script>\n<!-- \/ Yoast SEO plugin. -->","yoast_head_json":{"title":"Otwieranie i zamykanie kamizelki \"Magent\" &#187; EMS Reparaturen + EMS Zubeh\u00f6r","description":"Otwieranie i zamykanie kamizelki w celu naprawy jednego lub wi\u0119cej punkt\u00f3w po\u0142\u0105cze\u0144 lub elektrod. Jest to zawsze wymagane do naprawy kamizelki. Do tego artyku\u0142u wymagana jest co najmniej jedna kamizelka \"Wymie\u0144 punkt po\u0142\u0105czenia \"magnes\"\".","robots":{"index":"index","follow":"follow","max-snippet":"max-snippet:-1","max-image-preview":"max-image-preview:large","max-video-preview":"max-video-preview:-1"},"canonical":"https:\/\/online-ems-training.de\/pl\/produkt\/otwieranie-i-zamykanie-kamizelki-magent\/","og_locale":"pl_PL","og_type":"article","og_title":"Otwieranie i zamykanie kamizelki \"Magent\" &#187; EMS Reparaturen + EMS Zubeh\u00f6r","og_description":"Otwieranie i zamykanie kamizelki w celu naprawy jednego lub wi\u0119cej punkt\u00f3w po\u0142\u0105cze\u0144 lub elektrod. Jest to zawsze wymagane do naprawy kamizelki. Do tego artyku\u0142u wymagana jest co najmniej jedna kamizelka \"Wymie\u0144 punkt po\u0142\u0105czenia \"magnes\"\".","og_url":"https:\/\/online-ems-training.de\/pl\/produkt\/otwieranie-i-zamykanie-kamizelki-magent\/","og_site_name":"EMS Reparaturen + EMS Zubeh\u00f6r","article_publisher":"https:\/\/www.facebook.com\/OnlineEMSTrainingShop","og_image":[{"width":1308,"height":1600,"url":"https:\/\/online-ems-training.de\/wp-content\/uploads\/2025\/07\/WhatsApp-Bild-2025-07-15-um-16.32.18_0f1f1532.jpg","type":"image\/jpeg"}],"twitter_card":"summary_large_image","schema":{"@context":"https:\/\/schema.org","@graph":[{"@type":"WebPage","@id":"https:\/\/online-ems-training.de\/pl\/produkt\/otwieranie-i-zamykanie-kamizelki-magent\/","url":"https:\/\/online-ems-training.de\/pl\/produkt\/otwieranie-i-zamykanie-kamizelki-magent\/","name":"Otwieranie i zamykanie kamizelki \"Magent\" &#187; EMS Reparaturen + EMS Zubeh\u00f6r","isPartOf":{"@id":"https:\/\/online-ems-training.de\/pl\/#website"},"primaryImageOfPage":{"@id":"https:\/\/online-ems-training.de\/pl\/produkt\/otwieranie-i-zamykanie-kamizelki-magent\/#primaryimage"},"image":{"@id":"https:\/\/online-ems-training.de\/pl\/produkt\/otwieranie-i-zamykanie-kamizelki-magent\/#primaryimage"},"thumbnailUrl":"https:\/\/online-ems-training.de\/wp-content\/uploads\/2025\/07\/WhatsApp-Bild-2025-07-15-um-16.32.18_0f1f1532.jpg","datePublished":"2025-07-16T08:45:55+00:00","description":"Otwieranie i zamykanie kamizelki w celu naprawy jednego lub wi\u0119cej punkt\u00f3w po\u0142\u0105cze\u0144 lub elektrod. Jest to zawsze wymagane do naprawy kamizelki. Do tego artyku\u0142u wymagana jest co najmniej jedna kamizelka \"Wymie\u0144 punkt po\u0142\u0105czenia \"magnes\"\".","breadcrumb":{"@id":"https:\/\/online-ems-training.de\/pl\/produkt\/otwieranie-i-zamykanie-kamizelki-magent\/#breadcrumb"},"inLanguage":"pl-PL","potentialAction":[{"@type":"ReadAction","target":["https:\/\/online-ems-training.de\/pl\/produkt\/otwieranie-i-zamykanie-kamizelki-magent\/"]}]},{"@type":"ImageObject","inLanguage":"pl-PL","@id":"https:\/\/online-ems-training.de\/pl\/produkt\/otwieranie-i-zamykanie-kamizelki-magent\/#primaryimage","url":"https:\/\/online-ems-training.de\/wp-content\/uploads\/2025\/07\/WhatsApp-Bild-2025-07-15-um-16.32.18_0f1f1532.jpg","contentUrl":"https:\/\/online-ems-training.de\/wp-content\/uploads\/2025\/07\/WhatsApp-Bild-2025-07-15-um-16.32.18_0f1f1532.jpg","width":1308,"height":1600},{"@type":"BreadcrumbList","@id":"https:\/\/online-ems-training.de\/pl\/produkt\/otwieranie-i-zamykanie-kamizelki-magent\/#breadcrumb","itemListElement":[{"@type":"ListItem","position":1,"name":"Startseite","item":"https:\/\/online-ems-training.de\/pl\/"},{"@type":"ListItem","position":2,"name":"Otwieranie i zamykanie kamizelki &#8220;Magent&#8221;"}]},{"@type":"WebSite","@id":"https:\/\/online-ems-training.de\/pl\/#website","url":"https:\/\/online-ems-training.de\/pl\/","name":"EMS Reparaturen + EMS Zubeh\u00f6r","description":"Reparaturen und Service f\u00fcr EMS Ger\u00e4te und EMS Elektroden","potentialAction":[{"@type":"SearchAction","target":{"@type":"EntryPoint","urlTemplate":"https:\/\/online-ems-training.de\/pl\/?s={search_term_string}"},"query-input":{"@type":"PropertyValueSpecification","valueRequired":true,"valueName":"search_term_string"}}],"inLanguage":"pl-PL"}]}},"_links":{"self":[{"href":"https:\/\/online-ems-training.de\/pl\/wp-json\/wp\/v2\/product\/3675","targetHints":{"allow":["GET"]}}],"collection":[{"href":"https:\/\/online-ems-training.de\/pl\/wp-json\/wp\/v2\/product"}],"about":[{"href":"https:\/\/online-ems-training.de\/pl\/wp-json\/wp\/v2\/types\/product"}],"wp:featuredmedia":[{"embeddable":true,"href":"https:\/\/online-ems-training.de\/pl\/wp-json\/wp\/v2\/media\/3427"}],"wp:attachment":[{"href":"https:\/\/online-ems-training.de\/pl\/wp-json\/wp\/v2\/media?parent=3675"}],"wp:term":[{"taxonomy":"product_brand","embeddable":true,"href":"https:\/\/online-ems-training.de\/pl\/wp-json\/wp\/v2\/product_brand?post=3675"},{"taxonomy":"product_cat","embeddable":true,"href":"https:\/\/online-ems-training.de\/pl\/wp-json\/wp\/v2\/product_cat?post=3675"},{"taxonomy":"product_tag","embeddable":true,"href":"https:\/\/online-ems-training.de\/pl\/wp-json\/wp\/v2\/product_tag?post=3675"}],"curies":[{"name":"wp","href":"https:\/\/api.w.org\/{rel}","templated":true}]}}