{"id":3679,"date":"2025-07-16T10:43:37","date_gmt":"2025-07-16T08:43:37","guid":{"rendered":"https:\/\/online-ems-training.de\/produkt\/odnowic-punkt-polaczenia-kamizelki-magent\/"},"modified":"2025-07-16T10:43:37","modified_gmt":"2025-07-16T08:43:37","slug":"odnowic-punkt-polaczenia-kamizelki-magent","status":"publish","type":"product","link":"https:\/\/online-ems-training.de\/pl\/produkt\/odnowic-punkt-polaczenia-kamizelki-magent\/","title":{"rendered":"Odnowi\u0107 punkt po\u0142\u0105czenia kamizelki &#8220;Magent&#8221;"},"content":{"rendered":"<p>Przywr\u00f3ci\u0107 po\u0142\u0105czenie elektryczne mi\u0119dzy g\u0142\u00f3wnym po\u0142\u0105czeniem a elektrod\u0105 lub punktem po\u0142\u0105czenia. W razie potrzeby wymie\u0144 kabel. Niniejszemu artyku\u0142owi towarzyszy &#8220;<a href=\"https:\/\/online-ems-training.de\/produkt\/oeffnen-und-schl%E2%80%A6ner-magent-weste\/\" target=\"_blank\" rel=\"noopener\"><strong>Otwieranie i zamykanie kamizelki z magnesem <\/strong><\/a>wymagane<strong>.<\/strong>  <\/p>\n","protected":false},"excerpt":{"rendered":"<p>Przywracanie po\u0142\u0105czenia elektrycznego mi\u0119dzy g\u0142\u00f3wnym po\u0142\u0105czeniem a elektrod\u0105 lub punktem po\u0142\u0105czenia kamizelki &#8220;magnetycznej&#8221;<\/p>\n","protected":false},"featured_media":3437,"template":"","meta":[],"product_brand":[],"product_cat":[254],"product_tag":[],"class_list":{"0":"post-3679","1":"product","2":"type-product","3":"status-publish","4":"has-post-thumbnail","6":"product_cat-serwis-i-naprawy","8":"first","9":"instock","10":"taxable","11":"shipping-taxable","12":"purchasable","13":"product-type-simple"},"yoast_head":"<!-- This site is optimized with the Yoast SEO plugin v27.4 - https:\/\/yoast.com\/product\/yoast-seo-wordpress\/ -->\n<title>Odnowi\u0107 punkt po\u0142\u0105czenia kamizelki &quot;Magent&quot; &#187; EMS Reparaturen + EMS Zubeh\u00f6r<\/title>\n<meta name=\"description\" content=\"Przywr\u00f3ci\u0107 po\u0142\u0105czenie elektryczne mi\u0119dzy g\u0142\u00f3wnym po\u0142\u0105czeniem a elektrod\u0105 lub punktem po\u0142\u0105czenia. W razie potrzeby wymie\u0144 kabel. W przypadku tego artyku\u0142u wymagane jest otwarcie i zamkni\u0119cie kamizelki z magnesem.\" \/>\n<meta name=\"robots\" content=\"index, follow, max-snippet:-1, max-image-preview:large, max-video-preview:-1\" \/>\n<link rel=\"canonical\" href=\"https:\/\/online-ems-training.de\/pl\/produkt\/odnowic-punkt-polaczenia-kamizelki-magent\/\" \/>\n<meta property=\"og:locale\" content=\"pl_PL\" \/>\n<meta property=\"og:type\" content=\"article\" \/>\n<meta property=\"og:title\" content=\"Odnowi\u0107 punkt po\u0142\u0105czenia kamizelki &quot;Magent&quot; &#187; EMS Reparaturen + EMS Zubeh\u00f6r\" \/>\n<meta property=\"og:description\" content=\"Przywr\u00f3ci\u0107 po\u0142\u0105czenie elektryczne mi\u0119dzy g\u0142\u00f3wnym po\u0142\u0105czeniem a elektrod\u0105 lub punktem po\u0142\u0105czenia. W razie potrzeby wymie\u0144 kabel. W przypadku tego artyku\u0142u wymagane jest otwarcie i zamkni\u0119cie kamizelki z magnesem.\" \/>\n<meta property=\"og:url\" content=\"https:\/\/online-ems-training.de\/pl\/produkt\/odnowic-punkt-polaczenia-kamizelki-magent\/\" \/>\n<meta property=\"og:site_name\" content=\"EMS Reparaturen + EMS Zubeh\u00f6r\" \/>\n<meta property=\"article:publisher\" content=\"https:\/\/www.facebook.com\/OnlineEMSTrainingShop\" \/>\n<meta property=\"og:image\" content=\"https:\/\/online-ems-training.de\/wp-content\/uploads\/2025\/07\/WhatsApp-Bild-2025-07-16-um-11.56.26_464c9b51.jpg\" \/>\n\t<meta property=\"og:image:width\" content=\"1200\" \/>\n\t<meta property=\"og:image:height\" content=\"1600\" \/>\n\t<meta property=\"og:image:type\" content=\"image\/jpeg\" \/>\n<meta name=\"twitter:card\" content=\"summary_large_image\" \/>\n<script type=\"application\/ld+json\" class=\"yoast-schema-graph\">{\"@context\":\"https:\\\/\\\/schema.org\",\"@graph\":[{\"@type\":\"WebPage\",\"@id\":\"https:\\\/\\\/online-ems-training.de\\\/pl\\\/produkt\\\/odnowic-punkt-polaczenia-kamizelki-magent\\\/\",\"url\":\"https:\\\/\\\/online-ems-training.de\\\/pl\\\/produkt\\\/odnowic-punkt-polaczenia-kamizelki-magent\\\/\",\"name\":\"Odnowi\u0107 punkt po\u0142\u0105czenia kamizelki \\\"Magent\\\" &#187; EMS Reparaturen + EMS Zubeh\u00f6r\",\"isPartOf\":{\"@id\":\"https:\\\/\\\/online-ems-training.de\\\/pl\\\/#website\"},\"primaryImageOfPage\":{\"@id\":\"https:\\\/\\\/online-ems-training.de\\\/pl\\\/produkt\\\/odnowic-punkt-polaczenia-kamizelki-magent\\\/#primaryimage\"},\"image\":{\"@id\":\"https:\\\/\\\/online-ems-training.de\\\/pl\\\/produkt\\\/odnowic-punkt-polaczenia-kamizelki-magent\\\/#primaryimage\"},\"thumbnailUrl\":\"https:\\\/\\\/online-ems-training.de\\\/wp-content\\\/uploads\\\/2025\\\/07\\\/WhatsApp-Bild-2025-07-16-um-11.56.26_464c9b51.jpg\",\"datePublished\":\"2025-07-16T08:43:37+00:00\",\"description\":\"Przywr\u00f3ci\u0107 po\u0142\u0105czenie elektryczne mi\u0119dzy g\u0142\u00f3wnym po\u0142\u0105czeniem a elektrod\u0105 lub punktem po\u0142\u0105czenia. W razie potrzeby wymie\u0144 kabel. W przypadku tego artyku\u0142u wymagane jest otwarcie i zamkni\u0119cie kamizelki z magnesem.\",\"breadcrumb\":{\"@id\":\"https:\\\/\\\/online-ems-training.de\\\/pl\\\/produkt\\\/odnowic-punkt-polaczenia-kamizelki-magent\\\/#breadcrumb\"},\"inLanguage\":\"pl-PL\",\"potentialAction\":[{\"@type\":\"ReadAction\",\"target\":[\"https:\\\/\\\/online-ems-training.de\\\/pl\\\/produkt\\\/odnowic-punkt-polaczenia-kamizelki-magent\\\/\"]}]},{\"@type\":\"ImageObject\",\"inLanguage\":\"pl-PL\",\"@id\":\"https:\\\/\\\/online-ems-training.de\\\/pl\\\/produkt\\\/odnowic-punkt-polaczenia-kamizelki-magent\\\/#primaryimage\",\"url\":\"https:\\\/\\\/online-ems-training.de\\\/wp-content\\\/uploads\\\/2025\\\/07\\\/WhatsApp-Bild-2025-07-16-um-11.56.26_464c9b51.jpg\",\"contentUrl\":\"https:\\\/\\\/online-ems-training.de\\\/wp-content\\\/uploads\\\/2025\\\/07\\\/WhatsApp-Bild-2025-07-16-um-11.56.26_464c9b51.jpg\",\"width\":1200,\"height\":1600},{\"@type\":\"BreadcrumbList\",\"@id\":\"https:\\\/\\\/online-ems-training.de\\\/pl\\\/produkt\\\/odnowic-punkt-polaczenia-kamizelki-magent\\\/#breadcrumb\",\"itemListElement\":[{\"@type\":\"ListItem\",\"position\":1,\"name\":\"Startseite\",\"item\":\"https:\\\/\\\/online-ems-training.de\\\/pl\\\/\"},{\"@type\":\"ListItem\",\"position\":2,\"name\":\"Odnowi\u0107 punkt po\u0142\u0105czenia kamizelki &#8220;Magent&#8221;\"}]},{\"@type\":\"WebSite\",\"@id\":\"https:\\\/\\\/online-ems-training.de\\\/pl\\\/#website\",\"url\":\"https:\\\/\\\/online-ems-training.de\\\/pl\\\/\",\"name\":\"EMS Reparaturen + EMS Zubeh\u00f6r\",\"description\":\"Reparaturen und Service f\u00fcr EMS Ger\u00e4te und EMS Elektroden\",\"potentialAction\":[{\"@type\":\"SearchAction\",\"target\":{\"@type\":\"EntryPoint\",\"urlTemplate\":\"https:\\\/\\\/online-ems-training.de\\\/pl\\\/?s={search_term_string}\"},\"query-input\":{\"@type\":\"PropertyValueSpecification\",\"valueRequired\":true,\"valueName\":\"search_term_string\"}}],\"inLanguage\":\"pl-PL\"}]}<\/script>\n<!-- \/ Yoast SEO plugin. -->","yoast_head_json":{"title":"Odnowi\u0107 punkt po\u0142\u0105czenia kamizelki \"Magent\" &#187; EMS Reparaturen + EMS Zubeh\u00f6r","description":"Przywr\u00f3ci\u0107 po\u0142\u0105czenie elektryczne mi\u0119dzy g\u0142\u00f3wnym po\u0142\u0105czeniem a elektrod\u0105 lub punktem po\u0142\u0105czenia. W razie potrzeby wymie\u0144 kabel. W przypadku tego artyku\u0142u wymagane jest otwarcie i zamkni\u0119cie kamizelki z magnesem.","robots":{"index":"index","follow":"follow","max-snippet":"max-snippet:-1","max-image-preview":"max-image-preview:large","max-video-preview":"max-video-preview:-1"},"canonical":"https:\/\/online-ems-training.de\/pl\/produkt\/odnowic-punkt-polaczenia-kamizelki-magent\/","og_locale":"pl_PL","og_type":"article","og_title":"Odnowi\u0107 punkt po\u0142\u0105czenia kamizelki \"Magent\" &#187; EMS Reparaturen + EMS Zubeh\u00f6r","og_description":"Przywr\u00f3ci\u0107 po\u0142\u0105czenie elektryczne mi\u0119dzy g\u0142\u00f3wnym po\u0142\u0105czeniem a elektrod\u0105 lub punktem po\u0142\u0105czenia. W razie potrzeby wymie\u0144 kabel. W przypadku tego artyku\u0142u wymagane jest otwarcie i zamkni\u0119cie kamizelki z magnesem.","og_url":"https:\/\/online-ems-training.de\/pl\/produkt\/odnowic-punkt-polaczenia-kamizelki-magent\/","og_site_name":"EMS Reparaturen + EMS Zubeh\u00f6r","article_publisher":"https:\/\/www.facebook.com\/OnlineEMSTrainingShop","og_image":[{"width":1200,"height":1600,"url":"https:\/\/online-ems-training.de\/wp-content\/uploads\/2025\/07\/WhatsApp-Bild-2025-07-16-um-11.56.26_464c9b51.jpg","type":"image\/jpeg"}],"twitter_card":"summary_large_image","schema":{"@context":"https:\/\/schema.org","@graph":[{"@type":"WebPage","@id":"https:\/\/online-ems-training.de\/pl\/produkt\/odnowic-punkt-polaczenia-kamizelki-magent\/","url":"https:\/\/online-ems-training.de\/pl\/produkt\/odnowic-punkt-polaczenia-kamizelki-magent\/","name":"Odnowi\u0107 punkt po\u0142\u0105czenia kamizelki \"Magent\" &#187; EMS Reparaturen + EMS Zubeh\u00f6r","isPartOf":{"@id":"https:\/\/online-ems-training.de\/pl\/#website"},"primaryImageOfPage":{"@id":"https:\/\/online-ems-training.de\/pl\/produkt\/odnowic-punkt-polaczenia-kamizelki-magent\/#primaryimage"},"image":{"@id":"https:\/\/online-ems-training.de\/pl\/produkt\/odnowic-punkt-polaczenia-kamizelki-magent\/#primaryimage"},"thumbnailUrl":"https:\/\/online-ems-training.de\/wp-content\/uploads\/2025\/07\/WhatsApp-Bild-2025-07-16-um-11.56.26_464c9b51.jpg","datePublished":"2025-07-16T08:43:37+00:00","description":"Przywr\u00f3ci\u0107 po\u0142\u0105czenie elektryczne mi\u0119dzy g\u0142\u00f3wnym po\u0142\u0105czeniem a elektrod\u0105 lub punktem po\u0142\u0105czenia. W razie potrzeby wymie\u0144 kabel. W przypadku tego artyku\u0142u wymagane jest otwarcie i zamkni\u0119cie kamizelki z magnesem.","breadcrumb":{"@id":"https:\/\/online-ems-training.de\/pl\/produkt\/odnowic-punkt-polaczenia-kamizelki-magent\/#breadcrumb"},"inLanguage":"pl-PL","potentialAction":[{"@type":"ReadAction","target":["https:\/\/online-ems-training.de\/pl\/produkt\/odnowic-punkt-polaczenia-kamizelki-magent\/"]}]},{"@type":"ImageObject","inLanguage":"pl-PL","@id":"https:\/\/online-ems-training.de\/pl\/produkt\/odnowic-punkt-polaczenia-kamizelki-magent\/#primaryimage","url":"https:\/\/online-ems-training.de\/wp-content\/uploads\/2025\/07\/WhatsApp-Bild-2025-07-16-um-11.56.26_464c9b51.jpg","contentUrl":"https:\/\/online-ems-training.de\/wp-content\/uploads\/2025\/07\/WhatsApp-Bild-2025-07-16-um-11.56.26_464c9b51.jpg","width":1200,"height":1600},{"@type":"BreadcrumbList","@id":"https:\/\/online-ems-training.de\/pl\/produkt\/odnowic-punkt-polaczenia-kamizelki-magent\/#breadcrumb","itemListElement":[{"@type":"ListItem","position":1,"name":"Startseite","item":"https:\/\/online-ems-training.de\/pl\/"},{"@type":"ListItem","position":2,"name":"Odnowi\u0107 punkt po\u0142\u0105czenia kamizelki &#8220;Magent&#8221;"}]},{"@type":"WebSite","@id":"https:\/\/online-ems-training.de\/pl\/#website","url":"https:\/\/online-ems-training.de\/pl\/","name":"EMS Reparaturen + EMS Zubeh\u00f6r","description":"Reparaturen und Service f\u00fcr EMS Ger\u00e4te und EMS Elektroden","potentialAction":[{"@type":"SearchAction","target":{"@type":"EntryPoint","urlTemplate":"https:\/\/online-ems-training.de\/pl\/?s={search_term_string}"},"query-input":{"@type":"PropertyValueSpecification","valueRequired":true,"valueName":"search_term_string"}}],"inLanguage":"pl-PL"}]}},"_links":{"self":[{"href":"https:\/\/online-ems-training.de\/pl\/wp-json\/wp\/v2\/product\/3679","targetHints":{"allow":["GET"]}}],"collection":[{"href":"https:\/\/online-ems-training.de\/pl\/wp-json\/wp\/v2\/product"}],"about":[{"href":"https:\/\/online-ems-training.de\/pl\/wp-json\/wp\/v2\/types\/product"}],"wp:featuredmedia":[{"embeddable":true,"href":"https:\/\/online-ems-training.de\/pl\/wp-json\/wp\/v2\/media\/3437"}],"wp:attachment":[{"href":"https:\/\/online-ems-training.de\/pl\/wp-json\/wp\/v2\/media?parent=3679"}],"wp:term":[{"taxonomy":"product_brand","embeddable":true,"href":"https:\/\/online-ems-training.de\/pl\/wp-json\/wp\/v2\/product_brand?post=3679"},{"taxonomy":"product_cat","embeddable":true,"href":"https:\/\/online-ems-training.de\/pl\/wp-json\/wp\/v2\/product_cat?post=3679"},{"taxonomy":"product_tag","embeddable":true,"href":"https:\/\/online-ems-training.de\/pl\/wp-json\/wp\/v2\/product_tag?post=3679"}],"curies":[{"name":"wp","href":"https:\/\/api.w.org\/{rel}","templated":true}]}}