{"id":3701,"date":"2025-07-16T12:15:50","date_gmt":"2025-07-16T10:15:50","guid":{"rendered":"https:\/\/online-ems-training.de\/produkt\/zastapienie-gumowych-bokow-paskami-i-siatka-w-kamizelkach-magnet\/"},"modified":"2025-07-16T12:15:50","modified_gmt":"2025-07-16T10:15:50","slug":"zastapienie-gumowych-bokow-paskami-i-siatka-w-kamizelkach-magnet","status":"publish","type":"product","link":"https:\/\/online-ems-training.de\/pl\/produkt\/zastapienie-gumowych-bokow-paskami-i-siatka-w-kamizelkach-magnet\/","title":{"rendered":"Zast\u0105pienie gumowych bok\u00f3w paskami i siatk\u0105 w kamizelkach &#8220;magnet&#8221;"},"content":{"rendered":"<p>Zu\u017cyta guma zosta\u0142a zast\u0105piona siateczkow\u0105 tkanin\u0105 i paskami.<\/p>\n","protected":false},"excerpt":{"rendered":"<p>Zu\u017cyta guma zosta\u0142a zast\u0105piona siateczkow\u0105 tkanin\u0105 i paskami.<\/p>\n","protected":false},"featured_media":3433,"template":"","meta":[],"product_brand":[],"product_cat":[254],"product_tag":[],"class_list":{"0":"post-3701","1":"product","2":"type-product","3":"status-publish","4":"has-post-thumbnail","6":"product_cat-serwis-i-naprawy","8":"first","9":"instock","10":"taxable","11":"shipping-taxable","12":"purchasable","13":"product-type-simple"},"yoast_head":"<!-- This site is optimized with the Yoast SEO plugin v27.4 - https:\/\/yoast.com\/product\/yoast-seo-wordpress\/ -->\n<title>Zast\u0105pienie gumowych bok\u00f3w paskami i siatk\u0105 w kamizelkach &quot;magnet&quot; &#187; EMS Reparaturen + EMS Zubeh\u00f6r<\/title>\n<meta name=\"description\" content=\"Zu\u017cyta guma zosta\u0142a zast\u0105piona siateczkow\u0105 tkanin\u0105 i paskami.\" \/>\n<meta name=\"robots\" content=\"index, follow, max-snippet:-1, max-image-preview:large, max-video-preview:-1\" \/>\n<link rel=\"canonical\" href=\"https:\/\/online-ems-training.de\/pl\/produkt\/zastapienie-gumowych-bokow-paskami-i-siatka-w-kamizelkach-magnet\/\" \/>\n<meta property=\"og:locale\" content=\"pl_PL\" \/>\n<meta property=\"og:type\" content=\"article\" \/>\n<meta property=\"og:title\" content=\"Zast\u0105pienie gumowych bok\u00f3w paskami i siatk\u0105 w kamizelkach &quot;magnet&quot; &#187; EMS Reparaturen + EMS Zubeh\u00f6r\" \/>\n<meta property=\"og:description\" content=\"Zu\u017cyta guma zosta\u0142a zast\u0105piona siateczkow\u0105 tkanin\u0105 i paskami.\" \/>\n<meta property=\"og:url\" content=\"https:\/\/online-ems-training.de\/pl\/produkt\/zastapienie-gumowych-bokow-paskami-i-siatka-w-kamizelkach-magnet\/\" \/>\n<meta property=\"og:site_name\" content=\"EMS Reparaturen + EMS Zubeh\u00f6r\" \/>\n<meta property=\"article:publisher\" content=\"https:\/\/www.facebook.com\/OnlineEMSTrainingShop\" \/>\n<meta property=\"og:image\" content=\"https:\/\/online-ems-training.de\/wp-content\/uploads\/2025\/07\/WhatsApp-Bild-2025-07-16-um-11.56.27_22e5d154.jpg\" \/>\n\t<meta property=\"og:image:width\" content=\"1200\" \/>\n\t<meta property=\"og:image:height\" content=\"1600\" \/>\n\t<meta property=\"og:image:type\" content=\"image\/jpeg\" \/>\n<meta name=\"twitter:card\" content=\"summary_large_image\" \/>\n<script type=\"application\/ld+json\" class=\"yoast-schema-graph\">{\"@context\":\"https:\\\/\\\/schema.org\",\"@graph\":[{\"@type\":\"WebPage\",\"@id\":\"https:\\\/\\\/online-ems-training.de\\\/pl\\\/produkt\\\/zastapienie-gumowych-bokow-paskami-i-siatka-w-kamizelkach-magnet\\\/\",\"url\":\"https:\\\/\\\/online-ems-training.de\\\/pl\\\/produkt\\\/zastapienie-gumowych-bokow-paskami-i-siatka-w-kamizelkach-magnet\\\/\",\"name\":\"Zast\u0105pienie gumowych bok\u00f3w paskami i siatk\u0105 w kamizelkach \\\"magnet\\\" &#187; EMS Reparaturen + EMS Zubeh\u00f6r\",\"isPartOf\":{\"@id\":\"https:\\\/\\\/online-ems-training.de\\\/pl\\\/#website\"},\"primaryImageOfPage\":{\"@id\":\"https:\\\/\\\/online-ems-training.de\\\/pl\\\/produkt\\\/zastapienie-gumowych-bokow-paskami-i-siatka-w-kamizelkach-magnet\\\/#primaryimage\"},\"image\":{\"@id\":\"https:\\\/\\\/online-ems-training.de\\\/pl\\\/produkt\\\/zastapienie-gumowych-bokow-paskami-i-siatka-w-kamizelkach-magnet\\\/#primaryimage\"},\"thumbnailUrl\":\"https:\\\/\\\/online-ems-training.de\\\/wp-content\\\/uploads\\\/2025\\\/07\\\/WhatsApp-Bild-2025-07-16-um-11.56.27_22e5d154.jpg\",\"datePublished\":\"2025-07-16T10:15:50+00:00\",\"description\":\"Zu\u017cyta guma zosta\u0142a zast\u0105piona siateczkow\u0105 tkanin\u0105 i paskami.\",\"breadcrumb\":{\"@id\":\"https:\\\/\\\/online-ems-training.de\\\/pl\\\/produkt\\\/zastapienie-gumowych-bokow-paskami-i-siatka-w-kamizelkach-magnet\\\/#breadcrumb\"},\"inLanguage\":\"pl-PL\",\"potentialAction\":[{\"@type\":\"ReadAction\",\"target\":[\"https:\\\/\\\/online-ems-training.de\\\/pl\\\/produkt\\\/zastapienie-gumowych-bokow-paskami-i-siatka-w-kamizelkach-magnet\\\/\"]}]},{\"@type\":\"ImageObject\",\"inLanguage\":\"pl-PL\",\"@id\":\"https:\\\/\\\/online-ems-training.de\\\/pl\\\/produkt\\\/zastapienie-gumowych-bokow-paskami-i-siatka-w-kamizelkach-magnet\\\/#primaryimage\",\"url\":\"https:\\\/\\\/online-ems-training.de\\\/wp-content\\\/uploads\\\/2025\\\/07\\\/WhatsApp-Bild-2025-07-16-um-11.56.27_22e5d154.jpg\",\"contentUrl\":\"https:\\\/\\\/online-ems-training.de\\\/wp-content\\\/uploads\\\/2025\\\/07\\\/WhatsApp-Bild-2025-07-16-um-11.56.27_22e5d154.jpg\",\"width\":1200,\"height\":1600},{\"@type\":\"BreadcrumbList\",\"@id\":\"https:\\\/\\\/online-ems-training.de\\\/pl\\\/produkt\\\/zastapienie-gumowych-bokow-paskami-i-siatka-w-kamizelkach-magnet\\\/#breadcrumb\",\"itemListElement\":[{\"@type\":\"ListItem\",\"position\":1,\"name\":\"Startseite\",\"item\":\"https:\\\/\\\/online-ems-training.de\\\/pl\\\/\"},{\"@type\":\"ListItem\",\"position\":2,\"name\":\"Zast\u0105pienie gumowych bok\u00f3w paskami i siatk\u0105 w kamizelkach &#8220;magnet&#8221;\"}]},{\"@type\":\"WebSite\",\"@id\":\"https:\\\/\\\/online-ems-training.de\\\/pl\\\/#website\",\"url\":\"https:\\\/\\\/online-ems-training.de\\\/pl\\\/\",\"name\":\"EMS Reparaturen + EMS Zubeh\u00f6r\",\"description\":\"Reparaturen und Service f\u00fcr EMS Ger\u00e4te und EMS Elektroden\",\"potentialAction\":[{\"@type\":\"SearchAction\",\"target\":{\"@type\":\"EntryPoint\",\"urlTemplate\":\"https:\\\/\\\/online-ems-training.de\\\/pl\\\/?s={search_term_string}\"},\"query-input\":{\"@type\":\"PropertyValueSpecification\",\"valueRequired\":true,\"valueName\":\"search_term_string\"}}],\"inLanguage\":\"pl-PL\"}]}<\/script>\n<!-- \/ Yoast SEO plugin. -->","yoast_head_json":{"title":"Zast\u0105pienie gumowych bok\u00f3w paskami i siatk\u0105 w kamizelkach \"magnet\" &#187; EMS Reparaturen + EMS Zubeh\u00f6r","description":"Zu\u017cyta guma zosta\u0142a zast\u0105piona siateczkow\u0105 tkanin\u0105 i paskami.","robots":{"index":"index","follow":"follow","max-snippet":"max-snippet:-1","max-image-preview":"max-image-preview:large","max-video-preview":"max-video-preview:-1"},"canonical":"https:\/\/online-ems-training.de\/pl\/produkt\/zastapienie-gumowych-bokow-paskami-i-siatka-w-kamizelkach-magnet\/","og_locale":"pl_PL","og_type":"article","og_title":"Zast\u0105pienie gumowych bok\u00f3w paskami i siatk\u0105 w kamizelkach \"magnet\" &#187; EMS Reparaturen + EMS Zubeh\u00f6r","og_description":"Zu\u017cyta guma zosta\u0142a zast\u0105piona siateczkow\u0105 tkanin\u0105 i paskami.","og_url":"https:\/\/online-ems-training.de\/pl\/produkt\/zastapienie-gumowych-bokow-paskami-i-siatka-w-kamizelkach-magnet\/","og_site_name":"EMS Reparaturen + EMS Zubeh\u00f6r","article_publisher":"https:\/\/www.facebook.com\/OnlineEMSTrainingShop","og_image":[{"width":1200,"height":1600,"url":"https:\/\/online-ems-training.de\/wp-content\/uploads\/2025\/07\/WhatsApp-Bild-2025-07-16-um-11.56.27_22e5d154.jpg","type":"image\/jpeg"}],"twitter_card":"summary_large_image","schema":{"@context":"https:\/\/schema.org","@graph":[{"@type":"WebPage","@id":"https:\/\/online-ems-training.de\/pl\/produkt\/zastapienie-gumowych-bokow-paskami-i-siatka-w-kamizelkach-magnet\/","url":"https:\/\/online-ems-training.de\/pl\/produkt\/zastapienie-gumowych-bokow-paskami-i-siatka-w-kamizelkach-magnet\/","name":"Zast\u0105pienie gumowych bok\u00f3w paskami i siatk\u0105 w kamizelkach \"magnet\" &#187; EMS Reparaturen + EMS Zubeh\u00f6r","isPartOf":{"@id":"https:\/\/online-ems-training.de\/pl\/#website"},"primaryImageOfPage":{"@id":"https:\/\/online-ems-training.de\/pl\/produkt\/zastapienie-gumowych-bokow-paskami-i-siatka-w-kamizelkach-magnet\/#primaryimage"},"image":{"@id":"https:\/\/online-ems-training.de\/pl\/produkt\/zastapienie-gumowych-bokow-paskami-i-siatka-w-kamizelkach-magnet\/#primaryimage"},"thumbnailUrl":"https:\/\/online-ems-training.de\/wp-content\/uploads\/2025\/07\/WhatsApp-Bild-2025-07-16-um-11.56.27_22e5d154.jpg","datePublished":"2025-07-16T10:15:50+00:00","description":"Zu\u017cyta guma zosta\u0142a zast\u0105piona siateczkow\u0105 tkanin\u0105 i paskami.","breadcrumb":{"@id":"https:\/\/online-ems-training.de\/pl\/produkt\/zastapienie-gumowych-bokow-paskami-i-siatka-w-kamizelkach-magnet\/#breadcrumb"},"inLanguage":"pl-PL","potentialAction":[{"@type":"ReadAction","target":["https:\/\/online-ems-training.de\/pl\/produkt\/zastapienie-gumowych-bokow-paskami-i-siatka-w-kamizelkach-magnet\/"]}]},{"@type":"ImageObject","inLanguage":"pl-PL","@id":"https:\/\/online-ems-training.de\/pl\/produkt\/zastapienie-gumowych-bokow-paskami-i-siatka-w-kamizelkach-magnet\/#primaryimage","url":"https:\/\/online-ems-training.de\/wp-content\/uploads\/2025\/07\/WhatsApp-Bild-2025-07-16-um-11.56.27_22e5d154.jpg","contentUrl":"https:\/\/online-ems-training.de\/wp-content\/uploads\/2025\/07\/WhatsApp-Bild-2025-07-16-um-11.56.27_22e5d154.jpg","width":1200,"height":1600},{"@type":"BreadcrumbList","@id":"https:\/\/online-ems-training.de\/pl\/produkt\/zastapienie-gumowych-bokow-paskami-i-siatka-w-kamizelkach-magnet\/#breadcrumb","itemListElement":[{"@type":"ListItem","position":1,"name":"Startseite","item":"https:\/\/online-ems-training.de\/pl\/"},{"@type":"ListItem","position":2,"name":"Zast\u0105pienie gumowych bok\u00f3w paskami i siatk\u0105 w kamizelkach &#8220;magnet&#8221;"}]},{"@type":"WebSite","@id":"https:\/\/online-ems-training.de\/pl\/#website","url":"https:\/\/online-ems-training.de\/pl\/","name":"EMS Reparaturen + EMS Zubeh\u00f6r","description":"Reparaturen und Service f\u00fcr EMS Ger\u00e4te und EMS Elektroden","potentialAction":[{"@type":"SearchAction","target":{"@type":"EntryPoint","urlTemplate":"https:\/\/online-ems-training.de\/pl\/?s={search_term_string}"},"query-input":{"@type":"PropertyValueSpecification","valueRequired":true,"valueName":"search_term_string"}}],"inLanguage":"pl-PL"}]}},"_links":{"self":[{"href":"https:\/\/online-ems-training.de\/pl\/wp-json\/wp\/v2\/product\/3701","targetHints":{"allow":["GET"]}}],"collection":[{"href":"https:\/\/online-ems-training.de\/pl\/wp-json\/wp\/v2\/product"}],"about":[{"href":"https:\/\/online-ems-training.de\/pl\/wp-json\/wp\/v2\/types\/product"}],"wp:featuredmedia":[{"embeddable":true,"href":"https:\/\/online-ems-training.de\/pl\/wp-json\/wp\/v2\/media\/3433"}],"wp:attachment":[{"href":"https:\/\/online-ems-training.de\/pl\/wp-json\/wp\/v2\/media?parent=3701"}],"wp:term":[{"taxonomy":"product_brand","embeddable":true,"href":"https:\/\/online-ems-training.de\/pl\/wp-json\/wp\/v2\/product_brand?post=3701"},{"taxonomy":"product_cat","embeddable":true,"href":"https:\/\/online-ems-training.de\/pl\/wp-json\/wp\/v2\/product_cat?post=3701"},{"taxonomy":"product_tag","embeddable":true,"href":"https:\/\/online-ems-training.de\/pl\/wp-json\/wp\/v2\/product_tag?post=3701"}],"curies":[{"name":"wp","href":"https:\/\/api.w.org\/{rel}","templated":true}]}}